{"id":190,"date":"2023-03-01T10:55:01","date_gmt":"2023-03-01T09:55:01","guid":{"rendered":"https:\/\/www.vidalactia.com\/accesibilidad\/"},"modified":"2025-07-15T11:34:40","modified_gmt":"2025-07-15T09:34:40","slug":"accesibilidad-2","status":"publish","type":"page","link":"https:\/\/www.vidalactia.com\/es\/accessibilitat\/","title":{"rendered":"Accesibilidad"},"content":{"rendered":"<p>Ens hem comprom\u00e8s a oferir al nostre lloc web una experi\u00e8ncia totalment accessible per a tots els usuaris, inclosos aquells que depenen de tecnologies d&#8217;assist\u00e8ncia com ara lectors de pantalla, programari d&#8217;ampliaci\u00f3 de pantalla i dispositius d&#8217;entrada de teclat alternatius per navegar pel web, de conformitat amb el <a class=\"ext\" href=\"https:\/\/www.boe.es\/diario_boe\/txt.php?id=BOE-A-2018-12699\" target=\"_blank\" rel=\"noopener noreferrer\" data-extlink=\"\">Reial decret 1112\/2018, de 7 de setembre, sobre l&#8217;accessibilitat dels llocs web i aplicacions per a dispositius m\u00f2bils del sector p\u00fablic.<\/a><\/p>\n<p>La present declaraci\u00f3 d\u2019accessibilitat s\u2019aplica al lloc web: www.vidalactia.com<\/p>\n<h2 class=\"h2_title_underlined\">Situaci\u00f3 de compliment<\/h2>\n<p>Aquest lloc web \u00e9s parcialment conforme amb el RD 1112\/2018 degut a les excepcions i a la manca de conformitat dels aspectes que s\u2019indiquen al punt seg\u00fcent.<\/p>\n<h2 class=\"h2_title_underlined\">Contingut no accessible<\/h2>\n<p>El contingut que es recull a continuaci\u00f3 no \u00e9s accessible per les raons seg\u00fcents:<\/p>\n<h3 style=\"padding-left: 40px;\">Incompliment del RD 1112\/2018<\/h3>\n<p style=\"padding-left: 40px;\">Podrien existir documents ofim\u00e0tics en PDF i altres formats publicats posteriorment al 20 de setembre de 2018 que no compleixin en la seva totalitat els requisits d\u2019accessibilitat. Es poden sol\u00b7licitar els documents completament accessibles a trav\u00e9s del formulari de contacte per formalitzar queixes i consultes.<\/p>\n<p style=\"padding-left: 40px;\">Podrien existir errors puntuals de codi d\u2019edici\u00f3 en alguna p\u00e0gina web. [4.1.1 Processament]<\/p>\n<h3 style=\"padding-left: 40px;\">El contingut no entra dins de l\u2019\u00e0mbit de la legislaci\u00f3 aplicable<\/h3>\n<p style=\"padding-left: 40px;\">Podrien existir fitxers ofim\u00e0tics en PDF o altres formats publicats abans del 20 de setembre de 2018 que no compleixin de manera \u00edntegra tots els requisits d\u2019accessibilitat. Tot i aix\u00f2, s\u2019ha procurat que la majoria s\u00ed els compleixin.<\/p>\n<h2 class=\"h2_title_underlined\">Contingut opcional<\/h2>\n<p>Aquest lloc web est\u00e0 dissenyat per permetre canviar la mida del text, el color i tamb\u00e9 el fons de la p\u00e0gina mitjan\u00e7ant les opcions de configuraci\u00f3 est\u00e0ndard dels navegadors.<\/p>\n<p>Si vols canviar la mida de la lletra en els principals navegadors gr\u00e0fics, utilitza els men\u00fas seg\u00fcents:<\/p>\n<ul>\n<li>Internet Explorer, Mozilla i Firefox: Visualitza &gt; Mida del text<\/li>\n<li>Opera: Visualitza &gt; Zoom<\/li>\n<li>Safari: Visualitza &gt; Fer el text m\u00e9s gran<\/li>\n<li>Chrome: Controla la p\u00e0gina actual &gt; Mida del text<\/li>\n<li>Per modificar la mida de tota la p\u00e0gina:\n<ul>\n<li>Ctrl + + per augmentar-la<\/li>\n<li>Ctrl + &#8211; per disminuir-la<\/li>\n<li>Ctrl + 0 per restaurar la mida original del text<\/li>\n<li>Si el que vols \u00e9s anul\u00b7lar la fulla d\u2019estils o modificar el color del text, pots consultar la p\u00e0gina <span lang=\"en\">How to Change Text Size or Colors de la WAI<\/span>, que es pot llegir tradu\u00efda al castell\u00e0 a \u00bfC\u00f3mo cambiar el tama\u00f1o del texto o colores?<\/li>\n<\/ul>\n<\/li>\n<\/ul>\n<h2>Funcions d\u2019accessibilitat al nostre lloc web<\/h2>\n<p>Mitjan\u00e7ant el connector &#8220;One Click Accessibility&#8221; hem incorporat les eines seg\u00fcents per millorar l\u2019accessibilitat:<\/p>\n<ul>\n<li>Canviar la mida de la lletra (augmentar\/disminuir)<\/li>\n<li>Escala de grisos<\/li>\n<li>Contrast negatiu<\/li>\n<li>Alt contrast<\/li>\n<li>Fons clar<\/li>\n<li>Subratllat dels enlla\u00e7os<\/li>\n<li>Tipografia llegible<\/li>\n<li>Enlla\u00e7 al mapa del lloc\/comentaris\/p\u00e0gines d&#8217;ajuda<\/li>\n<li>Habilitar el salt al contingut<\/li>\n<li>Afegir ressaltat d\u2019enfocament als elements seleccionables<\/li>\n<li>Eliminar l\u2019atribut de dest\u00ed dels enlla\u00e7os<\/li>\n<li>Afegir rols de refer\u00e8ncia a tots els enlla\u00e7os<\/li>\n<li>Personalitzador per ajustar l\u2019estil<\/li>\n<\/ul>\n<h2>On estem millorant<\/h2>\n<p>Aix\u00f2 forma part del nostre esfor\u00e7 per fer que l\u2019experi\u00e8ncia de tots a Vida L\u00e0ctia sigui acollidora i agradable. Tingues en compte que, tot i que fem tot el possible per oferir informaci\u00f3 accessible per a tothom, no podem garantir l\u2019accessibilitat dels llocs externs als quals es pugui accedir des del nostre lloc.<\/p>\n<h2>Contacte de suport per a l\u2019accessibilitat<\/h2>\n<p>Agra\u00efm els comentaris, preguntes i opinions sobre el nostre lloc web. Si est\u00e0s utilitzant tecnologies d\u2019assist\u00e8ncia i tens dificultats per utilitzar el nostre lloc, envia un correu electr\u00f2nic a hola@vidalactia.com. Farem tot el possible per ajudar-te i resoldre els problemes.<\/p>\n","protected":false},"excerpt":{"rendered":"<p>Ens hem comprom\u00e8s a oferir al nostre lloc web una experi\u00e8ncia totalment accessible per a tots els usuaris, inclosos aquells que depenen de tecnologies d&#8217;assist\u00e8ncia com ara lectors de pantalla, programari d&#8217;ampliaci\u00f3 de pantalla i dispositius d&#8217;entrada de teclat alternatius per navegar pel web, de conformitat amb el Reial decret 1112\/2018, de 7 de setembre, [&hellip;]<\/p>\n","protected":false},"author":1,"featured_media":0,"parent":0,"menu_order":10,"comment_status":"closed","ping_status":"closed","template":"","meta":{"_joinchat":[],"footnotes":""},"class_list":["post-190","page","type-page","status-publish","hentry"],"acf":[],"yoast_head":"<!-- This site is optimized with the Yoast SEO plugin v27.4 - https:\/\/yoast.com\/product\/yoast-seo-wordpress\/ -->\n<title>Accessibilitat - Vida L\u00e0ctia<\/title>\n<meta name=\"description\" content=\"Declaraci\u00f3n de accesibilidad de Vida L\u00e0ctia\" \/>\n<meta name=\"robots\" content=\"index, follow, max-snippet:-1, max-image-preview:large, max-video-preview:-1\" \/>\n<link rel=\"canonical\" href=\"https:\/\/www.vidalactia.com\/es\/accesibilidad-2\/\" \/>\n<meta property=\"og:locale\" content=\"es_ES\" \/>\n<meta property=\"og:type\" content=\"article\" \/>\n<meta property=\"og:title\" content=\"Accessibilitat - Vida L\u00e0ctia\" \/>\n<meta property=\"og:description\" content=\"Declaraci\u00f3n de accesibilidad de Vida L\u00e0ctia\" \/>\n<meta property=\"og:url\" content=\"https:\/\/www.vidalactia.com\/es\/accesibilidad-2\/\" \/>\n<meta property=\"og:site_name\" content=\"Vida L\u00e0ctia\" \/>\n<meta property=\"article:modified_time\" content=\"2025-07-15T09:34:40+00:00\" \/>\n<meta name=\"twitter:card\" content=\"summary_large_image\" \/>\n<meta name=\"twitter:label1\" content=\"Tiempo de lectura\" \/>\n\t<meta name=\"twitter:data1\" content=\"3 minutos\" \/>\n<script type=\"application\/ld+json\" class=\"yoast-schema-graph\">{\"@context\":\"https:\\\/\\\/schema.org\",\"@graph\":[{\"@type\":\"WebPage\",\"@id\":\"https:\\\/\\\/www.vidalactia.com\\\/accessibilitat\\\/\",\"url\":\"https:\\\/\\\/www.vidalactia.com\\\/accessibilitat\\\/\",\"name\":\"Accessibilitat - Vida L\u00e0ctia\",\"isPartOf\":{\"@id\":\"https:\\\/\\\/www.vidalactia.com\\\/#website\"},\"datePublished\":\"2023-03-01T09:55:01+00:00\",\"dateModified\":\"2025-07-15T09:34:40+00:00\",\"description\":\"Declaraci\u00f3n de accesibilidad de Vida L\u00e0ctia\",\"breadcrumb\":{\"@id\":\"https:\\\/\\\/www.vidalactia.com\\\/accessibilitat\\\/#breadcrumb\"},\"inLanguage\":\"es\",\"potentialAction\":[{\"@type\":\"ReadAction\",\"target\":[\"https:\\\/\\\/www.vidalactia.com\\\/accessibilitat\\\/\"]}]},{\"@type\":\"BreadcrumbList\",\"@id\":\"https:\\\/\\\/www.vidalactia.com\\\/accessibilitat\\\/#breadcrumb\",\"itemListElement\":[{\"@type\":\"ListItem\",\"position\":1,\"name\":\"Home\",\"item\":\"https:\\\/\\\/www.vidalactia.com\\\/\"},{\"@type\":\"ListItem\",\"position\":2,\"name\":\"Accessibilitat\"}]},{\"@type\":\"WebSite\",\"@id\":\"https:\\\/\\\/www.vidalactia.com\\\/#website\",\"url\":\"https:\\\/\\\/www.vidalactia.com\\\/\",\"name\":\"Vida L\u00e0ctia\",\"description\":\"Maternitat, Crian\u00e7a i Sostenibilitat\",\"publisher\":{\"@id\":\"https:\\\/\\\/www.vidalactia.com\\\/#organization\"},\"potentialAction\":[{\"@type\":\"SearchAction\",\"target\":{\"@type\":\"EntryPoint\",\"urlTemplate\":\"https:\\\/\\\/www.vidalactia.com\\\/?s={search_term_string}\"},\"query-input\":{\"@type\":\"PropertyValueSpecification\",\"valueRequired\":true,\"valueName\":\"search_term_string\"}}],\"inLanguage\":\"es\"},{\"@type\":\"Organization\",\"@id\":\"https:\\\/\\\/www.vidalactia.com\\\/#organization\",\"name\":\"Vida L\u00e0ctia\",\"url\":\"https:\\\/\\\/www.vidalactia.com\\\/\",\"logo\":{\"@type\":\"ImageObject\",\"inLanguage\":\"es\",\"@id\":\"https:\\\/\\\/www.vidalactia.com\\\/#\\\/schema\\\/logo\\\/image\\\/\",\"url\":\"https:\\\/\\\/www.vidalactia.com\\\/wp-content\\\/uploads\\\/2024\\\/07\\\/logo_vida_lactia_final.svg\",\"contentUrl\":\"https:\\\/\\\/www.vidalactia.com\\\/wp-content\\\/uploads\\\/2024\\\/07\\\/logo_vida_lactia_final.svg\",\"width\":123,\"height\":29,\"caption\":\"Vida L\u00e0ctia\"},\"image\":{\"@id\":\"https:\\\/\\\/www.vidalactia.com\\\/#\\\/schema\\\/logo\\\/image\\\/\"},\"sameAs\":[\"https:\\\/\\\/www.instagram.com\\\/vidalactia\\\/\"]}]}<\/script>\n<!-- \/ Yoast SEO plugin. -->","yoast_head_json":{"title":"Accesibilidad - Vida L\u00e0ctia","description":"Declaraci\u00f3n de accesibilidad de Vida L\u00e0ctia","robots":{"index":"index","follow":"follow","max-snippet":"max-snippet:-1","max-image-preview":"max-image-preview:large","max-video-preview":"max-video-preview:-1"},"canonical":"https:\/\/www.vidalactia.com\/es\/accesibilidad-2\/","og_locale":"es_ES","og_type":"article","og_title":"Accessibilitat - Vida L\u00e0ctia","og_description":"Declaraci\u00f3n de accesibilidad de Vida L\u00e0ctia","og_url":"https:\/\/www.vidalactia.com\/es\/accesibilidad-2\/","og_site_name":"Vida L\u00e0ctia","article_modified_time":"2025-07-15T09:34:40+00:00","twitter_card":"summary_large_image","twitter_misc":{"Tiempo de lectura":"3 minutos"},"schema":{"@context":"https:\/\/schema.org","@graph":[{"@type":"WebPage","@id":"https:\/\/www.vidalactia.com\/accessibilitat\/","url":"https:\/\/www.vidalactia.com\/accessibilitat\/","name":"Accesibilidad - Vida L\u00e0ctia","isPartOf":{"@id":"https:\/\/www.vidalactia.com\/#website"},"datePublished":"2023-03-01T09:55:01+00:00","dateModified":"2025-07-15T09:34:40+00:00","description":"Declaraci\u00f3n de accesibilidad de Vida L\u00e0ctia","breadcrumb":{"@id":"https:\/\/www.vidalactia.com\/accessibilitat\/#breadcrumb"},"inLanguage":"es","potentialAction":[{"@type":"ReadAction","target":["https:\/\/www.vidalactia.com\/accessibilitat\/"]}]},{"@type":"BreadcrumbList","@id":"https:\/\/www.vidalactia.com\/accessibilitat\/#breadcrumb","itemListElement":[{"@type":"ListItem","position":1,"name":"Home","item":"https:\/\/www.vidalactia.com\/"},{"@type":"ListItem","position":2,"name":"Accessibilitat"}]},{"@type":"WebSite","@id":"https:\/\/www.vidalactia.com\/#website","url":"https:\/\/www.vidalactia.com\/","name":"Vida L\u00e0ctia","description":"Maternidad, Crianza y Sostenibilidad","publisher":{"@id":"https:\/\/www.vidalactia.com\/#organization"},"potentialAction":[{"@type":"SearchAction","target":{"@type":"EntryPoint","urlTemplate":"https:\/\/www.vidalactia.com\/?s={search_term_string}"},"query-input":{"@type":"PropertyValueSpecification","valueRequired":true,"valueName":"search_term_string"}}],"inLanguage":"es"},{"@type":"Organization","@id":"https:\/\/www.vidalactia.com\/#organization","name":"Vida L\u00e0ctia","url":"https:\/\/www.vidalactia.com\/","logo":{"@type":"ImageObject","inLanguage":"es","@id":"https:\/\/www.vidalactia.com\/#\/schema\/logo\/image\/","url":"https:\/\/www.vidalactia.com\/wp-content\/uploads\/2024\/07\/logo_vida_lactia_final.svg","contentUrl":"https:\/\/www.vidalactia.com\/wp-content\/uploads\/2024\/07\/logo_vida_lactia_final.svg","width":123,"height":29,"caption":"Vida L\u00e0ctia"},"image":{"@id":"https:\/\/www.vidalactia.com\/#\/schema\/logo\/image\/"},"sameAs":["https:\/\/www.instagram.com\/vidalactia\/"]}]}},"_links":{"self":[{"href":"https:\/\/www.vidalactia.com\/es\/wp-json\/wp\/v2\/pages\/190","targetHints":{"allow":["GET"]}}],"collection":[{"href":"https:\/\/www.vidalactia.com\/es\/wp-json\/wp\/v2\/pages"}],"about":[{"href":"https:\/\/www.vidalactia.com\/es\/wp-json\/wp\/v2\/types\/page"}],"author":[{"embeddable":true,"href":"https:\/\/www.vidalactia.com\/es\/wp-json\/wp\/v2\/users\/1"}],"replies":[{"embeddable":true,"href":"https:\/\/www.vidalactia.com\/es\/wp-json\/wp\/v2\/comments?post=190"}],"version-history":[{"count":3,"href":"https:\/\/www.vidalactia.com\/es\/wp-json\/wp\/v2\/pages\/190\/revisions"}],"predecessor-version":[{"id":25899,"href":"https:\/\/www.vidalactia.com\/es\/wp-json\/wp\/v2\/pages\/190\/revisions\/25899"}],"wp:attachment":[{"href":"https:\/\/www.vidalactia.com\/es\/wp-json\/wp\/v2\/media?parent=190"}],"curies":[{"name":"wp","href":"https:\/\/api.w.org\/{rel}","templated":true}]}}