{"id":191,"date":"2023-03-01T13:36:51","date_gmt":"2023-03-01T12:36:51","guid":{"rendered":"https:\/\/www.vidalactia.com\/aviso-legal\/"},"modified":"2025-07-17T21:57:04","modified_gmt":"2025-07-17T19:57:04","slug":"aviso-legal-2","status":"publish","type":"page","link":"https:\/\/www.vidalactia.com\/es\/avis-legal\/","title":{"rendered":"Aviso legal"},"content":{"rendered":"<h2>TITULARIDAD<\/h2>\n<p>En cumplimiento de las obligaciones establecidas en el art\u00edculo 10 de la Ley 34\/2002, de 11 de julio, de Servicios de la Sociedad de la Informaci\u00f3n y Comercio Electr\u00f3nico, se hace constar que esta p\u00e1gina corresponde a la entidad:<\/p>\n<p>Titular: NATALIA MAESTRO ROVIRA \u2013 52165099H<br \/>\nDomicilio: C\/ Mayor, 31 25560 Suerte<br \/>\nTel\u00e9fono: 661 236 540<br \/>\nCorreo electr\u00f3nico: hola@vidalactia.com<br \/>\nWeb: www.vidalactia.com<br \/>\n<\/p>\n<p>Para cualquier consulta, puede contactar con NAT\u00c0LIA MAESTRO ROVIRA a trav\u00e9s del correo electr\u00f3nico hola@vidalactia.com o del tel\u00e9fono 661 236 540. Puede dirigirse de cualquier manera para comunicarse con nosotros.<\/p>\n<h2>OBJETO Y \u00c1MBITO DEL SITIO WEB<\/h2>\n<p>Las presentes Condiciones Generales de Contrataci\u00f3n y Uso tienen por objeto regular la puesta a disposici\u00f3n de la informaci\u00f3n suministrada en la tienda online de NAT\u00c0LIA MAESTRO ROVIRA, as\u00ed como las transacciones comerciales que surjan entre NATALIA MAESTRO ROVIRA y los usuarios del dominio www.vidalactia.com. Tanto la navegaci\u00f3n por la tienda online como la adquisici\u00f3n de cualquiera de los productos ofrecidos en la misma suponen la aceptaci\u00f3n por parte del usuario, sin reserva alguna, de todas y cada una de las presentes condiciones generales de contrataci\u00f3n y uso. NAT\u00c0LIA MAESTRO ROVIRA podr\u00e1 modificar el sitio web para realizar cuantos cambios y modificaciones considere convenientes y necesarios para el correcto funcionamiento del mismo, sin necesidad de previo aviso.<\/p>\n<h2>USUARIOS<\/h2>\n<p>El acceso y\/o uso de este portal de NAT\u00c0LIA MAESTRO ROVIRA atribuye la condici\u00f3n de USUARIO, que acepta, desde ese acceso y\/o uso, las Condiciones Generales de Uso aqu\u00ed reflejadas. El acceso al sitio web ser\u00e1 voluntario, y por tanto responsabilidad del usuario, que ser\u00e1 responsable de cualquier efecto directo o indirecto derivado del uso del sitio web, incluyendo, de forma enunciativa y no limitativa, cualquier resultado econ\u00f3mico, t\u00e9cnico y\/o jur\u00eddico adverso, as\u00ed como la frustraci\u00f3n de las expectativas generadas por nuestro sitio web, oblig\u00e1ndose al usuario a mantener in derivada, directa o indirectamente, de estos hechos.<\/p>\n<h2>USO DEL PORTAL<\/h2>\n<p>www.vidalactia.com proporciona el acceso a m\u00faltiples informaciones, servicios, programas o datos (en adelante, \u201clos contenidos\u201d) en Internet pertenecientes a NAT\u00c0LIA MAESTRO ROVIRA oa sus licenciantes a los que el USUARIO pueda tener acceso. El USUARIO asume la responsabilidad del uso del portal. Esta responsabilidad se extiende al registro que pueda ser necesario para acceder a determinados servicios o contenidos. En este registro, el USUARIO ser\u00e1 responsable de aportar informaci\u00f3n veraz y l\u00edcita. Como consecuencia del registro, se puede proporcionar al USUARIO una contrase\u00f1a de la que ser\u00e1 responsable, comprometi\u00e9ndose a su uso diligente y confidencial.<\/p>\n<p>El USUARIO se compromete a hacer un uso adecuado de los contenidos y servicios (como servicios de chat, foros de discusi\u00f3n o grupos de noticias) que NAT\u00c0LIA MAESTRO ROVIRA pueda ofrecer a trav\u00e9s de su portal y, con car\u00e1cter enunciativo pero no limitativo, a no utilizarlos para (i) llevar a cabo actividades il\u00edcitas, ilegales o contrarias; (ii) difundir contenidos o propaganda de car\u00e1cter racista, xen\u00f3fobo, pornogr\u00e1fico-ilegal, de apolog\u00eda del terrorismo o que atenten contra los derechos humanos; (iii) provocar da\u00f1os en los sistemas f\u00edsicos y l\u00f3gicos de NAT\u00c0LIA MAESTRO ROVIRA, de sus proveedores o de terceros, introducir o difundir virus inform\u00e1ticos u otros sistemas f\u00edsicos o l\u00f3gicos susceptibles de provocar dichos da\u00f1os; (iv) intentar acceder y, en su caso, utilizar las cuentas de correo electr\u00f3nico de otros usuarios y modificar o manipular sus mensajes.<\/p>\n<p>NAT\u00c0LIA MAESTRO ROVIRA se reserva el derecho de retirar todos aquellos comentarios y aportaciones que vulneren el respeto a la dignidad de la persona, que sean discriminatorios, xen\u00f3fobos, racistas, pornogr\u00e1ficos, que atenten contra la juventud o la infancia, el orden o la seguridad p\u00fablica o que, a su criterio, no. En cualquier caso, NAT\u00c0LIA MAESTRO ROVIRA no ser\u00e1 responsable de las opiniones manifestadas por los usuarios a trav\u00e9s de los foros, chats u otras herramientas de participaci\u00f3n.<\/p>\n<h2>PROPIEDAD INTELECTUAL E INDUSTRIAL<\/h2>\n<p>NAT\u00c0LIA MAESTRO ROVIRA, por s\u00ed misma o como cesionaria, es titular de todos los derechos de propiedad intelectual e industrial de su sitio web, as\u00ed como de los elementos contenidos en \u00e9ste (a t\u00edtulo enunciativo, im\u00e1genes, sonido, audio, v\u00eddeo, software o textos; marcas o logotipos, combinaciones de colores, estructura y dise\u00f1o, selecci\u00f3n de materiales utilizados, programas. titularidad de NAT\u00c0LIA MAESTRO ROVIRA o bien de sus licenciantes. Todos los derechos reservados.<\/p>\n<p>En virtud de lo dispuesto en los art\u00edculos 8 y 32.1, segundo p\u00e1rrafo, de la Ley de Propiedad Intelectual, queda expresamente prohibida la reproducci\u00f3n, distribuci\u00f3n y comunicaci\u00f3n p\u00fablica, incluida la modalidad de puesta a disposici\u00f3n, de la totalidad o parte de los contenidos de esta p\u00e1gina web, con fines comerciales, en cualquier soporte y por cualquier medio t\u00e9cnico, sin la autorizaci\u00f3n de NAT\u00c0LI.<\/p>\n<p>El USUARIO se compromete a respetar los derechos de Propiedad Intelectual e Industrial titularidad de NAT\u00c0LIA MAESTRO ROVIRA. Podr\u00e1 visualizar los elementos del portal e incluso imprimirlos, copiarlos y almacenarlos en el disco duro de su ordenador o en cualquier otro soporte f\u00edsico siempre que sea, \u00fanica y exclusivamente, para su uso personal y privado. El USUARIO deber\u00e1 abstenerse de suprimir, alterar, eludir o manipular cualquier dispositivo de protecci\u00f3n o sistema de seguridad que est\u00e9 instalado en las p\u00e1ginas de NAT\u00c0LIA MAESTRO ROVIRA.<\/p>\n<p>Por tanto, queda prohibido el uso del sitio web de NAT\u00c0LIA MAESTRO ROVIRA con fines p\u00fablicos o comerciales, as\u00ed como explotar, reproducir, distribuir, modificar, comunicar p\u00fablicamente, ceder, transformar o hacer uso del contenido de la web.<\/p>\n<p>Queda expresamente prohibida la introducci\u00f3n de enlaces con fines comerciales en p\u00e1ginas web ajenas a NAT\u00c0LIA MAESTRO ROVIRA que permitan el acceso a nuestro sitio web sin previo consentimiento. En cualquier caso, la existencia de hiperenlaces en sitios web ajenos a nosotros no implicar\u00e1 en ning\u00fan caso la existencia de relaciones comerciales con el titular del sitio web donde se establezca el enlace, ni la aceptaci\u00f3n por parte de NAT\u00c0LIA MAESTRO ROVIRA de sus contenidos o servicios.<\/p>\n<h2>DIRECCIONES IP<\/h2>\n<p>Los servidores del sitio web pueden detectar autom\u00e1ticamente la direcci\u00f3n IP y el nombre de dominio utilizados por el usuario. Una direcci\u00f3n IP es un n\u00famero asignado autom\u00e1ticamente a un ordenador cuando \u00e9ste se conecta a Internet. Toda esta informaci\u00f3n queda registrada en un fichero de actividad del servidor debidamente inscrito que permite el posterior procesamiento de los datos con el fin de obtener medidas puramente estad\u00edsticas que permitan conocer el n\u00famero de impresiones de p\u00e1ginas, el n\u00famero de visitas realizadas a los servicios web, el orden de visitas, el punto de acceso, etc.<\/p>\n<h2>EXCLUSI\u00d3N DE GARANT\u00cdAS Y RESPONSABILIDAD<\/h2>\n<p>NAT\u00c0LIA MAESTRO ROVIRA no se hace responsable de los perjuicios que se puedan derivar de interferencias, omisiones, interrupciones, virus inform\u00e1ticos, aver\u00edas y\/o desconexiones en el funcionamiento operativo de este sistema electr\u00f3nico o en los aparatos y equipos inform\u00e1ticos de los usuarios, motivadas por causas ajenas a los NAT\u00c0LIA MAESTRO RO la tienda, ni de los retrasos o bloqueos en el uso causados por deficiencias o sobrecargas de Internet o de otros sistemas electr\u00f3nicos, ni de la imposibilidad de prestar el servicio o permitir el acceso por causas no imputables a NAT\u00c0LIA MAESTRO ROVIRA, debidas al usuario, a terceros, oa supuestos de fuerza mayor. NAT\u00c0LIA MAESTRO ROVIRA no controla, a todos los efectos, el uso que los usuarios hacen del sitio web. En particular, NAT\u00c0LIA MAESTRO ROVIRA no responde en ning\u00fan caso a que los usuarios utilicen el sitio web de conformidad con la ley, las presentes Condiciones Generales, la moral y las buenas costumbres generalmente aceptadas y el orden p\u00fablico, ni que lo hagan de forma diligente y prudente.<\/p>\n<p>Los productos presentados en el sitio web est\u00e1n conformes con la legislaci\u00f3n espa\u00f1ola. La responsabilidad de NAT\u00c0LIA MAESTRO ROVIRA no puede ser invocada en caso de productos no conformes a la legislaci\u00f3n de los pa\u00edses a los que hayan sido enviados seg\u00fan el pedido del cliente. Corresponde a sus clientes fuera de Espa\u00f1a verificar la posibilidad de importar o utilizar los productos solicitados.<\/p>\n<h2>MODIFICACIONES<\/h2>\n<p>NAT\u00c0LIA MAESTRO ROVIRA se reserva el derecho de realizar, sin previo aviso, las modificaciones que considere oportunas en su portal, pudiendo cambiar, suprimir o a\u00f1adir tanto los contenidos y servicios que se presten a trav\u00e9s del mismo como la forma en que \u00e9stos aparezcan presentados o localizados en el portal.<\/p>\n<h2>ENLACES<\/h2>\n<p>En caso de que en www.vidalactia.com se dispusieran enlaces o hiperv\u00ednculos hacia otros sitios de Internet, NAT\u00c0LIA MAESTRO ROVIRA no ejercer\u00e1 ning\u00fan tipo de control sobre estos sitios y contenidos. amplitud, veracidad, validez y constitucionalidad de cualquier material o informaci\u00f3n contenida en ninguno de dichos hiperv\u00ednculos u otros sitios de Internet. Igualmente, la inclusi\u00f3n de estas conexiones externas no implicar\u00e1 ning\u00fan tipo de asociaci\u00f3n, fusi\u00f3n o participaci\u00f3n con las entidades conectadas.<\/p>\n<h2>DERECHO DE EXCLUSI\u00d3N<\/h2>\n<p>NAT\u00c0LIA MAESTRO ROVIRA se reserva el derecho a denegar o retirar el acceso al portal y\/oa los servicios ofrecidos sin necesidad de preaviso, a instancia propia o de un tercero, a aquellos usuarios que incumplan estas Condiciones Generales de Uso.<\/p>\n<h2>GENERALIDADES<\/h2>\n<p>NAT\u00c0LIA MAESTRO ROVIRA perseguir\u00e1 el incumplimiento de las presentes condiciones as\u00ed como cualquier utilizaci\u00f3n indebida de su portal ejerciendo todas las acciones civiles y penales que le puedan corresponder en derecho.<\/p>\n<h2>MODIFICACI\u00d3N DE LAS PRESENTES CONDICIONES Y DURACI\u00d3N<\/h2>\n<p>NAT\u00c0LIA MAESTRO ROVIRA podr\u00e1 modificar en cualquier momento las condiciones aqu\u00ed determinadas, siendo debidamente publicadas como aqu\u00ed aparecen. La vigencia de las citadas condiciones ir\u00e1 en funci\u00f3n de su exposici\u00f3n y estar\u00e1n vigentes hasta que sean modificadas por otras debidamente publicadas.<\/p>\n<h2>LEGISLACI\u00d3N APLICABLE Y JURISDICCI\u00d3N<\/h2>\n<p>La relaci\u00f3n entre NATALIA MAESTRO ROVIRA y el USUARIO se regir\u00e1 por la normativa espa\u00f1ola vigente y cualquier controversia se someter\u00e1 a los Juzgados y Tribunales de Tremp, salvo que la Ley aplicable disponga otra cosa.<\/p>","protected":false},"excerpt":{"rendered":"<p>TITULARITAT En compliment de les obligacions establertes a l\u2019article 10 de la Llei 34\/2002, d\u201911 de juliol, de Serveis de la Societat de la Informaci\u00f3 i Comer\u00e7 Electr\u00f2nic, es fa constar que aquesta p\u00e0gina correspon a l&#8217;entitat: Titular: &#8211; Domicili: Tel\u00e8fon: Correu electr\u00f2nic: Web: Per a qualsevol consulta, podeu contactar amb a trav\u00e9s del correu [&hellip;]<\/p>\n","protected":false},"author":1,"featured_media":0,"parent":0,"menu_order":8,"comment_status":"closed","ping_status":"closed","template":"","meta":{"_joinchat":[],"footnotes":""},"class_list":["post-191","page","type-page","status-publish","hentry"],"acf":[],"yoast_head":"<!-- This site is optimized with the Yoast SEO plugin v27.4 - https:\/\/yoast.com\/product\/yoast-seo-wordpress\/ -->\n<title>Av\u00eds legal - Vida L\u00e0ctia<\/title>\n<meta name=\"description\" content=\"Aviso legal de Vida L\u00e0ctia\" \/>\n<meta name=\"robots\" content=\"index, follow, max-snippet:-1, max-image-preview:large, max-video-preview:-1\" \/>\n<link rel=\"canonical\" href=\"https:\/\/www.vidalactia.com\/es\/aviso-legal-2\/\" \/>\n<meta property=\"og:locale\" content=\"es_ES\" \/>\n<meta property=\"og:type\" content=\"article\" \/>\n<meta property=\"og:title\" content=\"Av\u00eds legal - Vida L\u00e0ctia\" \/>\n<meta property=\"og:description\" content=\"Aviso legal de Vida L\u00e0ctia\" \/>\n<meta property=\"og:url\" content=\"https:\/\/www.vidalactia.com\/es\/aviso-legal-2\/\" \/>\n<meta property=\"og:site_name\" content=\"Vida L\u00e0ctia\" \/>\n<meta property=\"article:modified_time\" content=\"2025-07-17T19:57:04+00:00\" \/>\n<meta name=\"twitter:card\" content=\"summary_large_image\" \/>\n<meta name=\"twitter:label1\" content=\"Tiempo de lectura\" \/>\n\t<meta name=\"twitter:data1\" content=\"8 minutos\" \/>\n<script type=\"application\/ld+json\" class=\"yoast-schema-graph\">{\"@context\":\"https:\\\/\\\/schema.org\",\"@graph\":[{\"@type\":\"WebPage\",\"@id\":\"https:\\\/\\\/www.vidalactia.com\\\/avis-legal\\\/\",\"url\":\"https:\\\/\\\/www.vidalactia.com\\\/avis-legal\\\/\",\"name\":\"Av\u00eds legal - Vida L\u00e0ctia\",\"isPartOf\":{\"@id\":\"https:\\\/\\\/www.vidalactia.com\\\/#website\"},\"datePublished\":\"2023-03-01T12:36:51+00:00\",\"dateModified\":\"2025-07-17T19:57:04+00:00\",\"description\":\"Aviso legal de Vida L\u00e0ctia\",\"breadcrumb\":{\"@id\":\"https:\\\/\\\/www.vidalactia.com\\\/avis-legal\\\/#breadcrumb\"},\"inLanguage\":\"es\",\"potentialAction\":[{\"@type\":\"ReadAction\",\"target\":[\"https:\\\/\\\/www.vidalactia.com\\\/avis-legal\\\/\"]}]},{\"@type\":\"BreadcrumbList\",\"@id\":\"https:\\\/\\\/www.vidalactia.com\\\/avis-legal\\\/#breadcrumb\",\"itemListElement\":[{\"@type\":\"ListItem\",\"position\":1,\"name\":\"Home\",\"item\":\"https:\\\/\\\/www.vidalactia.com\\\/\"},{\"@type\":\"ListItem\",\"position\":2,\"name\":\"Av\u00eds legal\"}]},{\"@type\":\"WebSite\",\"@id\":\"https:\\\/\\\/www.vidalactia.com\\\/#website\",\"url\":\"https:\\\/\\\/www.vidalactia.com\\\/\",\"name\":\"Vida L\u00e0ctia\",\"description\":\"Maternitat, Crian\u00e7a i Sostenibilitat\",\"publisher\":{\"@id\":\"https:\\\/\\\/www.vidalactia.com\\\/#organization\"},\"potentialAction\":[{\"@type\":\"SearchAction\",\"target\":{\"@type\":\"EntryPoint\",\"urlTemplate\":\"https:\\\/\\\/www.vidalactia.com\\\/?s={search_term_string}\"},\"query-input\":{\"@type\":\"PropertyValueSpecification\",\"valueRequired\":true,\"valueName\":\"search_term_string\"}}],\"inLanguage\":\"es\"},{\"@type\":\"Organization\",\"@id\":\"https:\\\/\\\/www.vidalactia.com\\\/#organization\",\"name\":\"Vida L\u00e0ctia\",\"url\":\"https:\\\/\\\/www.vidalactia.com\\\/\",\"logo\":{\"@type\":\"ImageObject\",\"inLanguage\":\"es\",\"@id\":\"https:\\\/\\\/www.vidalactia.com\\\/#\\\/schema\\\/logo\\\/image\\\/\",\"url\":\"https:\\\/\\\/www.vidalactia.com\\\/wp-content\\\/uploads\\\/2024\\\/07\\\/logo_vida_lactia_final.svg\",\"contentUrl\":\"https:\\\/\\\/www.vidalactia.com\\\/wp-content\\\/uploads\\\/2024\\\/07\\\/logo_vida_lactia_final.svg\",\"width\":123,\"height\":29,\"caption\":\"Vida L\u00e0ctia\"},\"image\":{\"@id\":\"https:\\\/\\\/www.vidalactia.com\\\/#\\\/schema\\\/logo\\\/image\\\/\"},\"sameAs\":[\"https:\\\/\\\/www.instagram.com\\\/vidalactia\\\/\"]}]}<\/script>\n<!-- \/ Yoast SEO plugin. -->","yoast_head_json":{"title":"Aviso legal - Vida L\u00e0ctia","description":"Aviso legal de Vida L\u00e0ctia","robots":{"index":"index","follow":"follow","max-snippet":"max-snippet:-1","max-image-preview":"max-image-preview:large","max-video-preview":"max-video-preview:-1"},"canonical":"https:\/\/www.vidalactia.com\/es\/aviso-legal-2\/","og_locale":"es_ES","og_type":"article","og_title":"Av\u00eds legal - Vida L\u00e0ctia","og_description":"Aviso legal de Vida L\u00e0ctia","og_url":"https:\/\/www.vidalactia.com\/es\/aviso-legal-2\/","og_site_name":"Vida L\u00e0ctia","article_modified_time":"2025-07-17T19:57:04+00:00","twitter_card":"summary_large_image","twitter_misc":{"Tiempo de lectura":"8 minutos"},"schema":{"@context":"https:\/\/schema.org","@graph":[{"@type":"WebPage","@id":"https:\/\/www.vidalactia.com\/avis-legal\/","url":"https:\/\/www.vidalactia.com\/avis-legal\/","name":"Aviso legal - Vida L\u00e0ctia","isPartOf":{"@id":"https:\/\/www.vidalactia.com\/#website"},"datePublished":"2023-03-01T12:36:51+00:00","dateModified":"2025-07-17T19:57:04+00:00","description":"Aviso legal de Vida L\u00e0ctia","breadcrumb":{"@id":"https:\/\/www.vidalactia.com\/avis-legal\/#breadcrumb"},"inLanguage":"es","potentialAction":[{"@type":"ReadAction","target":["https:\/\/www.vidalactia.com\/avis-legal\/"]}]},{"@type":"BreadcrumbList","@id":"https:\/\/www.vidalactia.com\/avis-legal\/#breadcrumb","itemListElement":[{"@type":"ListItem","position":1,"name":"Home","item":"https:\/\/www.vidalactia.com\/"},{"@type":"ListItem","position":2,"name":"Av\u00eds legal"}]},{"@type":"WebSite","@id":"https:\/\/www.vidalactia.com\/#website","url":"https:\/\/www.vidalactia.com\/","name":"Vida L\u00e0ctia","description":"Maternidad, Crianza y Sostenibilidad","publisher":{"@id":"https:\/\/www.vidalactia.com\/#organization"},"potentialAction":[{"@type":"SearchAction","target":{"@type":"EntryPoint","urlTemplate":"https:\/\/www.vidalactia.com\/?s={search_term_string}"},"query-input":{"@type":"PropertyValueSpecification","valueRequired":true,"valueName":"search_term_string"}}],"inLanguage":"es"},{"@type":"Organization","@id":"https:\/\/www.vidalactia.com\/#organization","name":"Vida L\u00e0ctia","url":"https:\/\/www.vidalactia.com\/","logo":{"@type":"ImageObject","inLanguage":"es","@id":"https:\/\/www.vidalactia.com\/#\/schema\/logo\/image\/","url":"https:\/\/www.vidalactia.com\/wp-content\/uploads\/2024\/07\/logo_vida_lactia_final.svg","contentUrl":"https:\/\/www.vidalactia.com\/wp-content\/uploads\/2024\/07\/logo_vida_lactia_final.svg","width":123,"height":29,"caption":"Vida L\u00e0ctia"},"image":{"@id":"https:\/\/www.vidalactia.com\/#\/schema\/logo\/image\/"},"sameAs":["https:\/\/www.instagram.com\/vidalactia\/"]}]}},"_links":{"self":[{"href":"https:\/\/www.vidalactia.com\/es\/wp-json\/wp\/v2\/pages\/191","targetHints":{"allow":["GET"]}}],"collection":[{"href":"https:\/\/www.vidalactia.com\/es\/wp-json\/wp\/v2\/pages"}],"about":[{"href":"https:\/\/www.vidalactia.com\/es\/wp-json\/wp\/v2\/types\/page"}],"author":[{"embeddable":true,"href":"https:\/\/www.vidalactia.com\/es\/wp-json\/wp\/v2\/users\/1"}],"replies":[{"embeddable":true,"href":"https:\/\/www.vidalactia.com\/es\/wp-json\/wp\/v2\/comments?post=191"}],"version-history":[{"count":8,"href":"https:\/\/www.vidalactia.com\/es\/wp-json\/wp\/v2\/pages\/191\/revisions"}],"predecessor-version":[{"id":25909,"href":"https:\/\/www.vidalactia.com\/es\/wp-json\/wp\/v2\/pages\/191\/revisions\/25909"}],"wp:attachment":[{"href":"https:\/\/www.vidalactia.com\/es\/wp-json\/wp\/v2\/media?parent=191"}],"curies":[{"name":"wp","href":"https:\/\/api.w.org\/{rel}","templated":true}]}}