{"id":198,"date":"2023-04-12T21:07:15","date_gmt":"2023-04-12T19:07:15","guid":{"rendered":"https:\/\/www.vidalactia.com\/?page_id=198"},"modified":"2025-07-17T22:08:49","modified_gmt":"2025-07-17T20:08:49","slug":"condiciones-de-compra-y-gastos-de-envio-2","status":"publish","type":"page","link":"https:\/\/www.vidalactia.com\/es\/condicions-de-compra-i-despeses-denviament\/","title":{"rendered":"Condiciones de compra y gastos de env\u00edo"},"content":{"rendered":"<h2><strong>CONDICIONES DE CONTRATACI\u00d3N DE LA TIENDA ONLINE<\/strong><\/h2>\n<h3><strong>MODIFICACI\u00d3N DE LAS PRESENTES CONDICIONES Y DURACI\u00d3N<\/strong><\/h3>\n<p>NAT\u00c0LIA MAESTRO ROVIRA podr\u00e1 modificar en cualquier momento las condiciones aqu\u00ed determinadas, siendo debidamente publicadas tal y como aparecen. La vigencia de las citadas condiciones depender\u00e1 de su exposici\u00f3n y permanecer\u00e1n vigentes hasta que sean sustituidas por otras debidamente publicadas. La \u00faltima modificaci\u00f3n de las condiciones es de 17\/07\/2025.<\/p>\n<h3><strong>SEGURIDAD<\/strong><\/h3>\n<p>El sitio web utiliza t\u00e9cnicas de seguridad de la informaci\u00f3n generalmente aceptadas en la industria, tales como firewalls, procedimientos de control de acceso y mecanismos criptogr\u00e1ficos, todo ello con el fin de evitar el acceso no autorizado a los datos. Para conseguir estos fines, el usuario\/cliente acepta que el prestamista obtenga datos para efectos de la autenticaci\u00f3n correspondiente de los controles de acceso.<\/p>\n<p>Nuestro servidor seguro garantiza la privacidad de los datos que nos transmites. Esta privacidad se consigue mediante el protocolo SSL, encriptando los datos enviados mediante el sistema de cifrado RSA, de modo que nadie pueda apropiarse de ellos, ya que no dispone de la clave necesaria. Puedes comprobar que tu navegador es seguro si aparece el s\u00edmbolo del candado y tambi\u00e9n si la URL comienza con https en lugar de http.<\/p>\n<h3><strong>GASTOS DE ENV\u00cdO<\/strong><\/h3>\n<p>Los gastos de env\u00edo y\/o gesti\u00f3n no est\u00e1n incluidos en el precio y se te mostrar\u00e1n antes de finalizar tu compra, en funci\u00f3n de la direcci\u00f3n de env\u00edo de cada pedido. A continuaci\u00f3n, te detallamos en la siguiente tabla los gastos de env\u00edo:<\/p>\n<ul>\n<li>Espa\u00f1a: 6,50 \u20ac (pen\u00ednsula), 13,50 \u20ac (Baleares) - gratuito para compras superiores a 80 \u20ac<\/li>\n<li>Para env\u00edos a Canarias, por favor, cons\u00faltanos previamente.<\/li>\n<\/ul>\n<p>Plazo de entrega en Espa\u00f1a: el plazo de env\u00edo es de 24-48 horas, para art\u00edculos en stock. Al tratarse de art\u00edculos artesanos, el plazo puede ser de hasta 7 d\u00edas. Cons\u00faltenos para asegurar los d\u00edas exactos.<\/p>\n<h3><strong>REALIZACI\u00d3N DEL PEDIDO<\/strong><\/h3>\n<p>Para realizar un pedido es necesario conectarse a www.vidalactia.com y registrarse como usuario, rellenando el formulario electr\u00f3nico que en cada momento aparezca en la p\u00e1gina web de la tienda online y siguiendo las instrucciones indicadas. Una vez registrado y para proceder a la compra de productos, deber\u00e1s a\u00f1adir el producto deseado a la cesta y seguir las indicaciones de la pantalla, cumplimentando a estos efectos el formulario de pedido suministrado y valid\u00e1ndolo.<\/p>\n<p>Los precios presentados en el sitio web son v\u00e1lidos \u00fanicamente para pedidos realizados online a trav\u00e9s de www.vidalactia.com. Todos los precios publicados en nuestro sitio web incluyen el IVA.<\/p>\n<p>La validaci\u00f3n del pedido por parte del cliente implica expresamente el conocimiento y aceptaci\u00f3n de estas condiciones generales de contrataci\u00f3n como parte de la formalizaci\u00f3n del contrato.<\/p>\n<p><strong>Una vez efectuada la compra, y en el m\u00e1s breve plazo posible, siempre antes de 24 horas desde la realizaci\u00f3n de la compra, el Servicio de Atenci\u00f3n al Cliente de NAT\u00c0LIA MAESTRO ROVIRA te enviar\u00e1 por correo electr\u00f3nico un comprobante de la compra.<\/strong><\/p>\n<p>Si no est\u00e1s de acuerdo con los datos consignados en la confirmaci\u00f3n, podr\u00e1s solicitar la modificaci\u00f3n o anulaci\u00f3n del contrato.<\/p>\n<h3><strong>LENGUA DE FORMALIZACI\u00d3N DEL CONTRATO<\/strong><\/h3>\n<p>La lengua en la que se podr\u00e1 formalizar el contrato en esta p\u00e1gina web es el castellano.<\/p>\n<h3><strong>DISPONIBILIDAD DE LOS PRODUCTOS<\/strong><\/h3>\n<p>La selecci\u00f3n de productos ofertada en www.vidalactia.com es v\u00e1lida mientras los productos est\u00e9n visibles en el sitio web. Al tratarse de comercio electr\u00f3nico, el stock se actualiza online, por lo que podr\u00eda ocurrir que durante el proceso de compra se agote el stock.<\/p>\n<p>En este caso, te informaremos de forma inmediata para ofrecerte una alternativa o devolverte el importe abonado.<\/p>\n<h3><strong>FORMA DE HACER RECLAMACIONES<\/strong><\/h3>\n<p>Para presentar cualquier reclamaci\u00f3n en relaci\u00f3n a las obligaciones establecidas en el art\u00edculo 110 de la Ley 3\/2014, deber\u00e1s ponerte en contacto con nosotros.<\/p>\n<h3><strong>INCUMPLIMIENTO DEL CONTRATO<\/strong><\/h3>\n<p>En caso de incumplimiento del contrato por parte de la entidad por no disponer del producto adquirido o por cualquier otra raz\u00f3n, se informar\u00e1 al cliente de esta falta de disponibilidad y\/o del motivo que la justifica y recuperar\u00e1 sin ninguna demora indebida las cantidades abonadas.<br \/>\nEn caso de que NAT\u00c0LIA MAESTRO ROVIRA retrase injustificadamente la devoluci\u00f3n de las cantidades abonadas, el cliente podr\u00e1 reclamar el doble del importe adeudado, sin perjuicio de su derecho a ser indemnizado por los da\u00f1os y perjuicios sufridos que superen esta cantidad.<\/p>\n<h3><strong>FORMAS Y PLAZOS DE ENV\u00cdO<\/strong><\/h3>\n<p>Los productos se enviar\u00e1n a la direcci\u00f3n de env\u00edo que hayas indicado en el pedido. En caso de realizar un pedido con varios art\u00edculos con disponibilidad diferentes, el plazo de expedici\u00f3n tendr\u00e1 en cuenta el de mayor duraci\u00f3n. En casos excepcionales, NAT\u00c0LIA MAESTRO ROVIRA se reserva el derecho de desglosar el pedido, enviando los art\u00edculos disponibles y dejando el resto por una segunda entrega.<\/p>\n<p>Para el transporte y entrega de los env\u00edos, hemos seleccionado una empresa de mensajer\u00eda de reconocido prestigio.<\/p>\n<p>El plazo estimado de env\u00edo ser\u00e1 de aproximadamente cinco d\u00edas h\u00e1biles desde la recepci\u00f3n del pago, considerando como h\u00e1biles los d\u00edas laborables de lunes a viernes.<\/p>\n<p>Si el cliente detecta alg\u00fan problema en el momento de la entrega (embalaje da\u00f1ado, productos faltantes o deteriorados), deber\u00e1 indicarlo por escrito en el albar\u00e1n de entrega del transportista y contactar dentro de los 14 d\u00edas siguientes a la recepci\u00f3n. No se admitir\u00e1 ninguna devoluci\u00f3n ni reclamaci\u00f3n fuera de ese plazo. Es obligatorio enviar fotos y descripci\u00f3n del problema.<\/p>\n<p>Todo esto sin perjuicio del derecho de garant\u00eda sobre productos no conformes con el contrato conforme a la normativa vigente.<\/p>\n<p>Si tu pedido ha sido enviado y no tienes noticias de la entrega, puedes contactar con nuestro Servicio de Atenci\u00f3n al Cliente a trav\u00e9s de hola@vidalactia.com<\/p>\n<h3><strong>PAGO<\/strong><\/h3>\n<p>NATALIA MAESTRO ROVIRA acepta pagos con tarjeta de cr\u00e9dito. Puedes utilizar Visa y MasterCard. Si pagas con VISA o Maestro, el cobro se realizar\u00e1 de forma diferida, es decir, en el momento del env\u00edo. As\u00ed, s\u00f3lo se cobrar\u00e1n los art\u00edculos enviados. Si el TPV informara de la denegaci\u00f3n de la tarjeta, el pedido se cancelar\u00eda autom\u00e1ticamente informando al cliente online.<\/p>\n<p>Para pagos con tarjetas emitidas fuera de Espa\u00f1a, el banco emisor deber\u00e1 estar adherido al protocolo CES (Comercio Electr\u00f3nico Seguro). No se aceptar\u00e1n tarjetas que no lo cumplan.<\/p>\n<p>Como alternativa se puede pagar mediante transferencia bancaria. NAT\u00c0LIA MAESTRO ROVIRA se reserva el derecho a rechazar cualquier transacci\u00f3n con tarjeta y, en este caso, se realizar\u00e1 la devoluci\u00f3n en la misma tarjeta. Si el cliente desea continuar con la compra, se podr\u00e1 solicitar una transferencia.<\/p>\n<h3><strong>DERECHO DE DESISTIMIENTO<\/strong><\/h3>\n<p>Si no quedas satisfecho, puedes devolver tus compras realizadas en www.vidalactia.com a nuestra oficina situada en C\/ Major, 31 25560 Sort, rellenando el documento de desistimiento que puedes descargar aqu\u00ed.<\/p>\n<ul>\n<li><a href=\"..\/documento-de-desistimiento\">Descarga aqu\u00ed el documento de desistimiento<\/a>.<\/li>\n<\/ul>\n<p>El plazo m\u00e1ximo para solicitar la devoluci\u00f3n es de:<\/p>\n<p>- 14 d\u00edas naturales para todos los productos de nuestra tienda online.<\/p>\n<p>La devoluci\u00f3n se realizar\u00e1 en el mismo m\u00e9todo de pago. Este derecho es adicional al derecho de garant\u00eda reconocido en el RDL 1\/2007 de 16 de noviembre.<\/p>\n<p>Motivos posibles de devoluci\u00f3n:<\/p>\n<p>a) El producto no te ha satisfecho: puedes devolverlo v\u00eda mensajer\u00eda a NAT\u00c0LIA MAESTRO ROVIRA. Te devolveremos el importe del producto, pero no los gastos de env\u00edo.<\/p>\n<p>b) Quieres realizar un cambio por otro art\u00edculo: los gastos de devoluci\u00f3n no ser\u00e1n cubiertos por NAT\u00c0LIA MAESTRO ROVIRA.<\/p>\n<p>c) Producto err\u00f3neo: NAT\u00c0LIA MAESTRO ROVIRA asumir\u00e1 los gastos de recogida y sustituci\u00f3n.<\/p>\n<p>d) Los productos deben estar embalados y sin abrir. Conservar todos los accesorios e instrucciones para ser admitidos en devoluci\u00f3n.<\/p>\n<p>S\u00f3lo se aceptar\u00e1n devoluciones de productos comprados en NAT\u00c0LIA MAESTRO ROVIRA.<\/p>\n<p>Los productos deben estar en perfecto estado, con embalaje original y accesorios.<\/p>\n<p>Seg\u00fan el art\u00edculo 103 de la Ley 3\/2014, no se admiten devoluciones de productos personalizados o fabricados seg\u00fan especificaciones del cliente.<\/p>\n<p><a href=\"..\/documento-de-desistimiento\">Descarga aqu\u00ed el documento de desistimiento<\/a>.<\/p>\n<h3><strong>ANULACI\u00d3N DEL PEDIDO<\/strong><\/h3>\n<p>Si el pedido se anula antes de salir, no comportar\u00e1 ning\u00fan gasto. Si ya ha salido, tendr\u00e1s que asumir los gastos de env\u00edo y devoluci\u00f3n.<\/p>\n<h3><strong>GARANT\u00cdA DE LOS PRODUCTOS<\/strong><\/h3>\n<p>El plazo de garant\u00eda es de 2 a\u00f1os desde la entrega del producto. No se incluyen da\u00f1os por negligencia, golpes, uso inadecuado o manipulaciones indebidas. Se presumir\u00e1 que las faltas de conformidad manifestadas durante los primeros 6 meses ya exist\u00edan. NAT\u00c0LIA MAESTRO ROVIRA podr\u00e1 solicitar a un servicio t\u00e9cnico oficial una verificaci\u00f3n y, si se trata de un mal uso, se facturar\u00e1 la reparaci\u00f3n. Se podr\u00e1 optar por reparaci\u00f3n, sustituci\u00f3n, descuento o devoluci\u00f3n.<\/p>\n<h3><strong>REEMBOLSO DE LOS IMPORTES PAGADOS<\/strong><\/h3>\n<p>El reembolso se realizar\u00e1 por el mismo medio de pago.<\/p>\n<p>NAT\u00c0LIA MAESTRO ROVIRA no realizar\u00e1 ninguna devoluci\u00f3n hasta haber revisado las condiciones del art\u00edculo devuelto. Se devolver\u00e1 el importe original, excepto los gastos de env\u00edo. Una vez revisado, NAT\u00c0LIA MAESTRO ROVIRA efectuar\u00e1 el reembolso en un m\u00e1ximo de 15 d\u00edas.<\/p>\n<h3><strong>LEGISLACI\u00d3N APLICABLE Y JURISDICCI\u00d3N<\/strong><\/h3>\n<p>La relaci\u00f3n entre NAT\u00c0LIA MAESTRO ROVIRA y el USUARIO se regir\u00e1 por la normativa espa\u00f1ola vigente y cualquier conflicto se someter\u00e1 a los Juzgados y Tribunales competentes.<\/p>\n<h4><strong>PLATAFORMA PARA LA RESOLUCI\u00d3N DE LITIGIOS EN L\u00cdNEA<\/strong><\/h4>\n<p>La entidad est\u00e1 adherida a la resoluci\u00f3n de litigios on-line seg\u00fan el art. 14.1 del Reglamento (UE) 524\/2013. La Comisi\u00f3n Europea facilita una plataforma de resoluci\u00f3n de litigios online disponible en el siguiente enlace:<\/p>\n<p><a href=\"http:\/\/ec.europa.eu\/consumers\/odr\/\">http:\/\/ec.europa.eu\/consumers\/odr\/<\/a><\/p>\n<p>Los consumidores podr\u00e1n presentar sus reclamaciones a trav\u00e9s de esa plataforma.<\/p>","protected":false},"excerpt":{"rendered":"<p>CONDICIONS DE CONTRACTACI\u00d3 DE LA BOTIGA ONLINE MODIFICACI\u00d3 DE LES PRESENTS CONDICIONS I DURADA podr\u00e0 modificar en qualsevol moment les condicions aqu\u00ed determinades, essent degudament publicades tal com apareixen. La vig\u00e8ncia de les citades condicions dependr\u00e0 de la seva exposici\u00f3 i romandran vigents fins que siguin substitu\u00efdes per unes altres degudament publicades. L&#8217;\u00faltima modificaci\u00f3 de [&hellip;]<\/p>\n","protected":false},"author":1,"featured_media":0,"parent":0,"menu_order":12,"comment_status":"closed","ping_status":"closed","template":"","meta":{"_joinchat":[],"footnotes":""},"class_list":["post-198","page","type-page","status-publish","hentry"],"acf":[],"yoast_head":"<!-- This site is optimized with the Yoast SEO plugin v27.4 - https:\/\/yoast.com\/product\/yoast-seo-wordpress\/ -->\n<title>Condicions de compra i despeses d&#039;enviament - Vida L\u00e0ctia<\/title>\n<meta name=\"description\" content=\"Condiciones de compra y gastos de env\u00edo de Vida L\u00e0ctia\" \/>\n<meta name=\"robots\" content=\"index, follow, max-snippet:-1, max-image-preview:large, max-video-preview:-1\" \/>\n<link rel=\"canonical\" href=\"https:\/\/www.vidalactia.com\/es\/condiciones-de-compra-y-gastos-de-envio-2\/\" \/>\n<meta property=\"og:locale\" content=\"es_ES\" \/>\n<meta property=\"og:type\" content=\"article\" \/>\n<meta property=\"og:title\" content=\"Condicions de compra i despeses d&#039;enviament - Vida L\u00e0ctia\" \/>\n<meta property=\"og:description\" content=\"Condiciones de compra y gastos de env\u00edo de Vida L\u00e0ctia\" \/>\n<meta property=\"og:url\" content=\"https:\/\/www.vidalactia.com\/es\/condiciones-de-compra-y-gastos-de-envio-2\/\" \/>\n<meta property=\"og:site_name\" content=\"Vida L\u00e0ctia\" \/>\n<meta property=\"article:modified_time\" content=\"2025-07-17T20:08:49+00:00\" \/>\n<meta name=\"twitter:card\" content=\"summary_large_image\" \/>\n<meta name=\"twitter:label1\" content=\"Tiempo de lectura\" \/>\n\t<meta name=\"twitter:data1\" content=\"9 minutos\" \/>\n<script type=\"application\/ld+json\" class=\"yoast-schema-graph\">{\"@context\":\"https:\\\/\\\/schema.org\",\"@graph\":[{\"@type\":\"WebPage\",\"@id\":\"https:\\\/\\\/www.vidalactia.com\\\/condicions-de-compra-i-despeses-denviament\\\/\",\"url\":\"https:\\\/\\\/www.vidalactia.com\\\/condicions-de-compra-i-despeses-denviament\\\/\",\"name\":\"Condicions de compra i despeses d'enviament - Vida L\u00e0ctia\",\"isPartOf\":{\"@id\":\"https:\\\/\\\/www.vidalactia.com\\\/#website\"},\"datePublished\":\"2023-04-12T19:07:15+00:00\",\"dateModified\":\"2025-07-17T20:08:49+00:00\",\"description\":\"Condiciones de compra y gastos de env\u00edo de Vida L\u00e0ctia\",\"breadcrumb\":{\"@id\":\"https:\\\/\\\/www.vidalactia.com\\\/condicions-de-compra-i-despeses-denviament\\\/#breadcrumb\"},\"inLanguage\":\"es\",\"potentialAction\":[{\"@type\":\"ReadAction\",\"target\":[\"https:\\\/\\\/www.vidalactia.com\\\/condicions-de-compra-i-despeses-denviament\\\/\"]}]},{\"@type\":\"BreadcrumbList\",\"@id\":\"https:\\\/\\\/www.vidalactia.com\\\/condicions-de-compra-i-despeses-denviament\\\/#breadcrumb\",\"itemListElement\":[{\"@type\":\"ListItem\",\"position\":1,\"name\":\"Home\",\"item\":\"https:\\\/\\\/www.vidalactia.com\\\/\"},{\"@type\":\"ListItem\",\"position\":2,\"name\":\"Condicions de compra i despeses d&#8217;enviament\"}]},{\"@type\":\"WebSite\",\"@id\":\"https:\\\/\\\/www.vidalactia.com\\\/#website\",\"url\":\"https:\\\/\\\/www.vidalactia.com\\\/\",\"name\":\"Vida L\u00e0ctia\",\"description\":\"Maternitat, Crian\u00e7a i Sostenibilitat\",\"publisher\":{\"@id\":\"https:\\\/\\\/www.vidalactia.com\\\/#organization\"},\"potentialAction\":[{\"@type\":\"SearchAction\",\"target\":{\"@type\":\"EntryPoint\",\"urlTemplate\":\"https:\\\/\\\/www.vidalactia.com\\\/?s={search_term_string}\"},\"query-input\":{\"@type\":\"PropertyValueSpecification\",\"valueRequired\":true,\"valueName\":\"search_term_string\"}}],\"inLanguage\":\"es\"},{\"@type\":\"Organization\",\"@id\":\"https:\\\/\\\/www.vidalactia.com\\\/#organization\",\"name\":\"Vida L\u00e0ctia\",\"url\":\"https:\\\/\\\/www.vidalactia.com\\\/\",\"logo\":{\"@type\":\"ImageObject\",\"inLanguage\":\"es\",\"@id\":\"https:\\\/\\\/www.vidalactia.com\\\/#\\\/schema\\\/logo\\\/image\\\/\",\"url\":\"https:\\\/\\\/www.vidalactia.com\\\/wp-content\\\/uploads\\\/2024\\\/07\\\/logo_vida_lactia_final.svg\",\"contentUrl\":\"https:\\\/\\\/www.vidalactia.com\\\/wp-content\\\/uploads\\\/2024\\\/07\\\/logo_vida_lactia_final.svg\",\"width\":123,\"height\":29,\"caption\":\"Vida L\u00e0ctia\"},\"image\":{\"@id\":\"https:\\\/\\\/www.vidalactia.com\\\/#\\\/schema\\\/logo\\\/image\\\/\"},\"sameAs\":[\"https:\\\/\\\/www.instagram.com\\\/vidalactia\\\/\"]}]}<\/script>\n<!-- \/ Yoast SEO plugin. -->","yoast_head_json":{"title":"Condiciones de compra y gastos de env\u00edo - Vida L\u00e0ctia","description":"Condiciones de compra y gastos de env\u00edo de Vida L\u00e0ctia","robots":{"index":"index","follow":"follow","max-snippet":"max-snippet:-1","max-image-preview":"max-image-preview:large","max-video-preview":"max-video-preview:-1"},"canonical":"https:\/\/www.vidalactia.com\/es\/condiciones-de-compra-y-gastos-de-envio-2\/","og_locale":"es_ES","og_type":"article","og_title":"Condicions de compra i despeses d'enviament - Vida L\u00e0ctia","og_description":"Condiciones de compra y gastos de env\u00edo de Vida L\u00e0ctia","og_url":"https:\/\/www.vidalactia.com\/es\/condiciones-de-compra-y-gastos-de-envio-2\/","og_site_name":"Vida L\u00e0ctia","article_modified_time":"2025-07-17T20:08:49+00:00","twitter_card":"summary_large_image","twitter_misc":{"Tiempo de lectura":"9 minutos"},"schema":{"@context":"https:\/\/schema.org","@graph":[{"@type":"WebPage","@id":"https:\/\/www.vidalactia.com\/condicions-de-compra-i-despeses-denviament\/","url":"https:\/\/www.vidalactia.com\/condicions-de-compra-i-despeses-denviament\/","name":"Condiciones de compra y gastos de env\u00edo - Vida L\u00e0ctia","isPartOf":{"@id":"https:\/\/www.vidalactia.com\/#website"},"datePublished":"2023-04-12T19:07:15+00:00","dateModified":"2025-07-17T20:08:49+00:00","description":"Condiciones de compra y gastos de env\u00edo de Vida L\u00e0ctia","breadcrumb":{"@id":"https:\/\/www.vidalactia.com\/condicions-de-compra-i-despeses-denviament\/#breadcrumb"},"inLanguage":"es","potentialAction":[{"@type":"ReadAction","target":["https:\/\/www.vidalactia.com\/condicions-de-compra-i-despeses-denviament\/"]}]},{"@type":"BreadcrumbList","@id":"https:\/\/www.vidalactia.com\/condicions-de-compra-i-despeses-denviament\/#breadcrumb","itemListElement":[{"@type":"ListItem","position":1,"name":"Home","item":"https:\/\/www.vidalactia.com\/"},{"@type":"ListItem","position":2,"name":"Condicions de compra i despeses d&#8217;enviament"}]},{"@type":"WebSite","@id":"https:\/\/www.vidalactia.com\/#website","url":"https:\/\/www.vidalactia.com\/","name":"Vida L\u00e0ctia","description":"Maternidad, Crianza y Sostenibilidad","publisher":{"@id":"https:\/\/www.vidalactia.com\/#organization"},"potentialAction":[{"@type":"SearchAction","target":{"@type":"EntryPoint","urlTemplate":"https:\/\/www.vidalactia.com\/?s={search_term_string}"},"query-input":{"@type":"PropertyValueSpecification","valueRequired":true,"valueName":"search_term_string"}}],"inLanguage":"es"},{"@type":"Organization","@id":"https:\/\/www.vidalactia.com\/#organization","name":"Vida L\u00e0ctia","url":"https:\/\/www.vidalactia.com\/","logo":{"@type":"ImageObject","inLanguage":"es","@id":"https:\/\/www.vidalactia.com\/#\/schema\/logo\/image\/","url":"https:\/\/www.vidalactia.com\/wp-content\/uploads\/2024\/07\/logo_vida_lactia_final.svg","contentUrl":"https:\/\/www.vidalactia.com\/wp-content\/uploads\/2024\/07\/logo_vida_lactia_final.svg","width":123,"height":29,"caption":"Vida L\u00e0ctia"},"image":{"@id":"https:\/\/www.vidalactia.com\/#\/schema\/logo\/image\/"},"sameAs":["https:\/\/www.instagram.com\/vidalactia\/"]}]}},"_links":{"self":[{"href":"https:\/\/www.vidalactia.com\/es\/wp-json\/wp\/v2\/pages\/198","targetHints":{"allow":["GET"]}}],"collection":[{"href":"https:\/\/www.vidalactia.com\/es\/wp-json\/wp\/v2\/pages"}],"about":[{"href":"https:\/\/www.vidalactia.com\/es\/wp-json\/wp\/v2\/types\/page"}],"author":[{"embeddable":true,"href":"https:\/\/www.vidalactia.com\/es\/wp-json\/wp\/v2\/users\/1"}],"replies":[{"embeddable":true,"href":"https:\/\/www.vidalactia.com\/es\/wp-json\/wp\/v2\/comments?post=198"}],"version-history":[{"count":10,"href":"https:\/\/www.vidalactia.com\/es\/wp-json\/wp\/v2\/pages\/198\/revisions"}],"predecessor-version":[{"id":25912,"href":"https:\/\/www.vidalactia.com\/es\/wp-json\/wp\/v2\/pages\/198\/revisions\/25912"}],"wp:attachment":[{"href":"https:\/\/www.vidalactia.com\/es\/wp-json\/wp\/v2\/media?parent=198"}],"curies":[{"name":"wp","href":"https:\/\/api.w.org\/{rel}","templated":true}]}}