{"id":441,"date":"2023-12-28T15:07:23","date_gmt":"2023-12-28T14:07:23","guid":{"rendered":"https:\/\/www.vidalactia.com\/?page_id=441"},"modified":"2025-07-15T11:39:06","modified_gmt":"2025-07-15T09:39:06","slug":"documento-de-desistimiento-2","status":"publish","type":"page","link":"https:\/\/www.vidalactia.com\/es\/document-de-desistiment\/","title":{"rendered":"Documento de desistimiento *"},"content":{"rendered":"<p>*Este documento debe ser cumplimentado, firmado y enviado por cualquier medio v\u00e1lido que acredite la fecha de env\u00edo a NAT\u00c0LIA MAESTRO ROVIRA, con domicilio en C\/ Major, 31 25560 Sort, junto con el producto devuelto y una copia de la factura.<\/p>\n<p><small>De acuerdo con el art\u00edculo 70 de la Ley 1\/2007: &quot;El ejercicio del derecho de desistimiento no estar\u00e1 sujeto a formalidad alguna, ser\u00e1 suficiente con acreditarlo por cualquier medio admisible en derecho. En todo caso se considerar\u00e1 v\u00e1lidamente ejercido mediante el env\u00edo del documento de desistimiento o mediante la devoluci\u00f3n de los productos recibidos.&quot;<\/small><\/p>\n<div class=\"pdfprnt-buttons\"><a href=\"https:\/\/www.vidalactia.com\/es\/wp-json\/wp\/v2\/pages\/441?print=pdf\" class=\"pdfprnt-button pdfprnt-button-pdf\" target=\"_blank\" ><img decoding=\"async\" src=\"https:\/\/www.vidalactia.com\/wp-content\/plugins\/pdf-print\/images\/pdf.png\" alt=\"image_pdf\" title=\"Descargar PDF\" \/><span class=\"pdfprnt-button-title pdfprnt-button-pdf-title\">HAGA CLICK PARA DESCARGAR EL DOCUMENTO<\/span><\/a><\/div>\n<hr \/>\n<p>Sr.\/Sra. \u2026\u2026\u2026\u2026\u2026\u2026\u2026\u2026\u2026\u2026\u2026\u2026\u2026\u2026\u2026\u2026.. con DNI \u2026\u2026\u2026\u2026\u2026\u2026\u2026\u2026\u2026\u2026\u2026\u2026\u2026.. y en ejercicio del derecho que me otorga la Ley 3\/2014, de 27 de marzo, por la que se modifica el texto refundido de la Ley General para la Defensa de los Consumidores y Usuarios, dentro del plazo de<\/p>\n<h3><strong>MANIFIESTO<\/strong><\/h3>\n<ol>\n<li>Que en fecha\u2026\u2026\u2026\u2026\u2026\u2026\u2026 adquir\u00ed en el sitio web de NAT\u00c0LIA MAESTRO ROVIRA (www.vidalactia.com) el producto con n\u00famero de referencia\u2026\u2026\u2026\u2026\u2026\u2026\u2026..<\/li>\n<li>Que he sido informado\/a de mi derecho a desistir del contrato de compra en el plazo de 14 d\u00edas naturales desde la recepci\u00f3n del producto, sin necesidad de indicar los motivos.<\/li>\n<li>Que adjunto al presente documento de desistimiento una copia de la factura de compra del producto adquirido.<\/li>\n<li>Que ejerzo el derecho de desistimiento, devolviendo el correspondiente producto en perfecto estado con su embalaje original.<\/li>\n<\/ol>\n<p>&nbsp;<\/p>\n<p>&nbsp;<\/p>\n<p>&nbsp;<\/p>\n<p>En \u2026\u2026\u2026\u2026\u2026\u2026\u2026\u2026\u2026\u2026 a \u2026\u2026\u2026. de \u2026\u2026\u2026\u2026\u2026\u2026\u2026\u2026\u2026\u2026\u2026.. de 20\u2026.<\/p>\n<p>Firma. \u2026\u2026\u2026\u2026\u2026\u2026\u2026\u2026\u2026\u2026\u2026\u2026\u2026.<\/p>\n<p>&nbsp;<\/p>\n\n<h2>DISPOSICIONES LEGALES PRINCIPALES APLICABLES AL DERECHO DE DESISTIMIENTO<\/h2>\n<p><strong>Ley 3\/2014, de 27 de marzo, por la que se modifica el texto refundido de la Ley General para la Defensa de los <\/strong><\/p>\n<p><strong>Consumidores y Usuarios<\/strong><\/p>\n<h3>Art\u00edculo 102. Derecho de desistimiento<\/h3>\n<ol>\n<li><em>Salvo las excepciones previstas en el art\u00edculo 103, el consumidor y usuario tendr\u00e1 derecho a desistir del contrato durante un per\u00edodo de 14 d\u00edas naturales sin necesidad de indicar su motivo y sin incurrir en ning\u00fan coste distinto de los previstos en los art\u00edculos 107.2 y 108.<\/em><\/li>\n<li><em>Ser\u00e1n nulas de pleno derecho las cl\u00e1usulas que impongan al consumidor y usuario una penalizaci\u00f3n por el ejercicio de su derecho de desistimiento o la renuncia al mismo.<\/em><\/li>\n<\/ol>\n<h3>Art\u00edculo 103. Excepciones al derecho de desistimiento<\/h3>\n<p><em>El derecho de desistimiento no ser\u00e1 de aplicaci\u00f3n a los contratos que se refieran a: <\/em><\/p>\n<ol style=\"list-style: lower-alpha;\" type=\"a\">\n<li>La prestaci\u00f3n de servicios, una vez que el servicio haya sido completamente ejecutado, cuando la ejecuci\u00f3n haya comenzado con el consentimiento expreso previo del consumidor y usuario y con el reconocimiento por su parte de que es consciente de que, una vez el contrato haya sido completamente ejecutado, habr\u00e1 perdido su derecho de desistimiento.<\/li>\n<li>El suministro de bienes o la prestaci\u00f3n de servicios cuyo precio dependa de fluctuaciones del mercado financiero que el empresario no pueda controlar y que puedan producirse durante el per\u00edodo de desistimiento.<\/li>\n<li>El suministro de bienes confeccionados seg\u00fan especificaciones del consumidor y usuario o claramente personalizados.<\/li>\n<li>El suministro de bienes que puedan deteriorarse o caducarse con rapidez.<\/li>\n<li>El suministro de bienes precintados que no sean aptos para su devoluci\u00f3n por razones de salud o higiene y que hayan sido desprecintados despu\u00e9s de la entrega.<\/li>\n<li>El suministro de bienes que, despu\u00e9s de su entrega y teniendo en cuenta su naturaleza, se hayan mezclado de forma indisociable con otros bienes.<\/li>\n<li>El suministro de bebidas alcoh\u00f3licas cuyo precio haya sido acordado en el momento de celebrar el contrato de venta y que no puedan ser entregadas antes de 30 d\u00edas, y cuyo valor dependa de fluctuaciones del mercado que el empresario no pueda controlar.<\/li>\n<li>Los contratos en los que el consumidor y usuario haya solicitado espec\u00edficamente al empresario que le visite para realizar operaciones de reparaci\u00f3n o mantenimiento urgente. Si, en esta visita, el empresario presta servicios adicionales o suministra bienes distintos, el derecho de desistimiento se aplicar\u00e1 a estos bienes o servicios adicionales.<\/li>\n<li>El suministro de grabaciones sonoras o de v\u00eddeo precintadas o de programas inform\u00e1ticos precintados que hayan sido desprecintados por el consumidor y usuario despu\u00e9s de la entrega.<\/li>\n<li>El suministro de prensa diaria, publicaciones peri\u00f3dicas o revistas, con excepci\u00f3n de los contratos de suscripci\u00f3n.<\/li>\n<li>Los contratos celebrados mediante subastas p\u00fablicas.<\/li>\n<li>El suministro de servicios de alojamiento por motivos distintos a los de vivienda, transporte de mercanc\u00edas, alquiler de veh\u00edculos, comida o servicios relacionados con actividades de ocio, siempre que se indique una fecha o per\u00edodo de ejecuci\u00f3n espec\u00edfico.<\/li>\n<li>El suministro de contenido digital que no se preste en soporte material cuando la ejecuci\u00f3n haya comenzado con consentimiento expreso previo del consumidor y usuario, el cual reconoce que pierde el derecho de desistimiento.<\/li>\n<\/ol>\n<h3>Art\u00edculo 107. Obligaciones y derechos del empresario en caso de desistimiento<\/h3>\n<ol>\n<li><em>El empresario reembolsar\u00e1 todos los pagos recibidos del consumidor y usuario, incluidos, en su caso, los gastos de entrega, sin demoras indebidas y, en cualquier caso, antes de que hayan transcurrido 14 d\u00edas naturales desde la fecha en que haya sido informado de la decisi\u00f3n de desistimiento con arreglo al art\u00edculo 106.<\/em><\/li>\n<\/ol>\n<p><em>En caso de retraso injustificado por parte del empresario respecto a la devoluci\u00f3n de las cantidades abonadas, el consumidor y usuario podr\u00e1 reclamar que se le pague el doble del importe adeudado, sin perjuicio de su derecho a ser indemnizado por los da\u00f1os y perjuicios que excedan de dicho importe.<\/em><\/p>\n<ol start=\"2\">\n<li><em>A pesar de lo dispuesto en el apartado 1, si el consumidor ha seleccionado expresamente una modalidad de entrega distinta a la menos costosa de entrega ordinaria, el empresario no estar\u00e1 obligado a reembolsar los costes adicionales derivados.<\/em><\/li>\n<li><em>Salvo si el empresario se ha ofrecido a recoger a s\u00ed mismo los bienes, podr\u00e1 retener el reembolso hasta que los haya recibido o hasta que el consumidor presente la prueba de devoluci\u00f3n, seg\u00fan qu\u00e9 condici\u00f3n se cumpla primero.<\/em><\/li>\n<\/ol>\n<h3>Art\u00edculo 108. Obligaciones y responsabilidad del consumidor y usuario en caso de desistimiento<\/h3>\n<ol>\n<li><em>Salvo si el empresario recoge \u00e9l mismo los bienes, el consumidor y usuario deber\u00e1 devolverlos o entregarlos sin demora indebida y nunca m\u00e1s tarde de 14 d\u00edas naturales desde la comunicaci\u00f3n de su decisi\u00f3n de desistimiento seg\u00fan el art\u00edculo 106. Se considerar\u00e1 cumplido el plazo si devuelve los bienes antes de su vencimiento.<\/em><\/li>\n<\/ol>\n<p><em>El consumidor y usuario s\u00f3lo asumir\u00e1 los costes directos de devoluci\u00f3n de los bienes, salvo si el empresario ha aceptado asumirlos o no le ha informado de ello. En contratos fuera del establecimiento, si los bienes no pueden ser devueltos por correo, el empresario los recoger\u00e1 en el domicilio sin coste para el consumidor.<\/em><\/p>\n<ol start=\"2\">\n<li><em>El consumidor y usuario s\u00f3lo ser\u00e1 responsable de la disminuci\u00f3n de valor de los bienes derivada de un uso distinto al necesario para conocer su naturaleza, caracter\u00edsticas o funcionamiento. No ser\u00e1 responsable si el empresario no le ha informado adecuadamente sobre el derecho de desistimiento seg\u00fan el art\u00edculo 97.1.i).<\/em><\/li>\n<li><em>Si el consumidor ejerce el derecho de desistimiento despu\u00e9s de haber solicitado la prestaci\u00f3n de un servicio seg\u00fan los art\u00edculos 98.8 o 99.3, deber\u00e1 abonar un importe proporcional a la parte del servicio ya prestado, calculado sobre el precio total. Si \u00e9ste es excesivo, se calcular\u00e1 en base al valor de mercado.<\/em><\/li>\n<li><em>El consumidor y usuario no asumir\u00e1 ning\u00fan coste por: <\/em><\/li>\n<li><em>Salvo por lo que establecen los art\u00edculos 107.2 y \u00e9ste mismo, el consumidor y usuario no incurre en ninguna responsabilidad por el hecho de ejercer el derecho de desistimiento.<\/em><\/li>\n<\/ol>","protected":false},"excerpt":{"rendered":"<p>*Aquest document ha de ser emplenat, signat i enviat per qualsevol mitj\u00e0 v\u00e0lid que acrediti la data d\u2019enviament a , amb domicili a , juntament amb el producte retornat i una c\u00f2pia de la factura. D&#8217;acord amb l&#8217;article 70 de la Llei 1\/2007: \u201cL&#8217;exercici del dret de desistiment no estar\u00e0 subjecte a cap formalitat, n&#8217;hi [&hellip;]<\/p>\n","protected":false},"author":1,"featured_media":0,"parent":0,"menu_order":13,"comment_status":"closed","ping_status":"closed","template":"","meta":{"_joinchat":[],"footnotes":""},"class_list":["post-441","page","type-page","status-publish","hentry"],"acf":[],"yoast_head":"<!-- This site is optimized with the Yoast SEO plugin v27.4 - https:\/\/yoast.com\/product\/yoast-seo-wordpress\/ -->\n<title>Document de desistiment * - Vida L\u00e0ctia<\/title>\n<meta name=\"description\" content=\"*Aquest document ha de ser emplenat, signat i enviat per qualsevol mitj\u00e0 v\u00e0lid que acrediti la data d\u2019enviament a , amb domicili a , juntament amb el\" \/>\n<meta name=\"robots\" content=\"index, follow, max-snippet:-1, max-image-preview:large, max-video-preview:-1\" \/>\n<link rel=\"canonical\" href=\"https:\/\/www.vidalactia.com\/es\/documento-de-desistimiento-2\/\" \/>\n<meta property=\"og:locale\" content=\"es_ES\" \/>\n<meta property=\"og:type\" content=\"article\" \/>\n<meta property=\"og:title\" content=\"Document de desistiment * - Vida L\u00e0ctia\" \/>\n<meta property=\"og:description\" content=\"*Aquest document ha de ser emplenat, signat i enviat per qualsevol mitj\u00e0 v\u00e0lid que acrediti la data d\u2019enviament a , amb domicili a , juntament amb el\" \/>\n<meta property=\"og:url\" content=\"https:\/\/www.vidalactia.com\/es\/documento-de-desistimiento-2\/\" \/>\n<meta property=\"og:site_name\" content=\"Vida L\u00e0ctia\" \/>\n<meta property=\"article:modified_time\" content=\"2025-07-15T09:39:06+00:00\" \/>\n<meta name=\"twitter:card\" content=\"summary_large_image\" \/>\n<meta name=\"twitter:label1\" content=\"Tiempo de lectura\" \/>\n\t<meta name=\"twitter:data1\" content=\"6 minutos\" \/>\n<script type=\"application\/ld+json\" class=\"yoast-schema-graph\">{\"@context\":\"https:\\\/\\\/schema.org\",\"@graph\":[{\"@type\":\"WebPage\",\"@id\":\"https:\\\/\\\/www.vidalactia.com\\\/document-de-desistiment\\\/\",\"url\":\"https:\\\/\\\/www.vidalactia.com\\\/document-de-desistiment\\\/\",\"name\":\"Document de desistiment * - Vida L\u00e0ctia\",\"isPartOf\":{\"@id\":\"https:\\\/\\\/www.vidalactia.com\\\/#website\"},\"datePublished\":\"2023-12-28T14:07:23+00:00\",\"dateModified\":\"2025-07-15T09:39:06+00:00\",\"description\":\"*Aquest document ha de ser emplenat, signat i enviat per qualsevol mitj\u00e0 v\u00e0lid que acrediti la data d\u2019enviament a , amb domicili a , juntament amb el\",\"breadcrumb\":{\"@id\":\"https:\\\/\\\/www.vidalactia.com\\\/document-de-desistiment\\\/#breadcrumb\"},\"inLanguage\":\"es\",\"potentialAction\":[{\"@type\":\"ReadAction\",\"target\":[\"https:\\\/\\\/www.vidalactia.com\\\/document-de-desistiment\\\/\"]}]},{\"@type\":\"BreadcrumbList\",\"@id\":\"https:\\\/\\\/www.vidalactia.com\\\/document-de-desistiment\\\/#breadcrumb\",\"itemListElement\":[{\"@type\":\"ListItem\",\"position\":1,\"name\":\"Home\",\"item\":\"https:\\\/\\\/www.vidalactia.com\\\/\"},{\"@type\":\"ListItem\",\"position\":2,\"name\":\"Document de desistiment *\"}]},{\"@type\":\"WebSite\",\"@id\":\"https:\\\/\\\/www.vidalactia.com\\\/#website\",\"url\":\"https:\\\/\\\/www.vidalactia.com\\\/\",\"name\":\"Vida L\u00e0ctia\",\"description\":\"Maternitat, Crian\u00e7a i Sostenibilitat\",\"publisher\":{\"@id\":\"https:\\\/\\\/www.vidalactia.com\\\/#organization\"},\"potentialAction\":[{\"@type\":\"SearchAction\",\"target\":{\"@type\":\"EntryPoint\",\"urlTemplate\":\"https:\\\/\\\/www.vidalactia.com\\\/?s={search_term_string}\"},\"query-input\":{\"@type\":\"PropertyValueSpecification\",\"valueRequired\":true,\"valueName\":\"search_term_string\"}}],\"inLanguage\":\"es\"},{\"@type\":\"Organization\",\"@id\":\"https:\\\/\\\/www.vidalactia.com\\\/#organization\",\"name\":\"Vida L\u00e0ctia\",\"url\":\"https:\\\/\\\/www.vidalactia.com\\\/\",\"logo\":{\"@type\":\"ImageObject\",\"inLanguage\":\"es\",\"@id\":\"https:\\\/\\\/www.vidalactia.com\\\/#\\\/schema\\\/logo\\\/image\\\/\",\"url\":\"https:\\\/\\\/www.vidalactia.com\\\/wp-content\\\/uploads\\\/2024\\\/07\\\/logo_vida_lactia_final.svg\",\"contentUrl\":\"https:\\\/\\\/www.vidalactia.com\\\/wp-content\\\/uploads\\\/2024\\\/07\\\/logo_vida_lactia_final.svg\",\"width\":123,\"height\":29,\"caption\":\"Vida L\u00e0ctia\"},\"image\":{\"@id\":\"https:\\\/\\\/www.vidalactia.com\\\/#\\\/schema\\\/logo\\\/image\\\/\"},\"sameAs\":[\"https:\\\/\\\/www.instagram.com\\\/vidalactia\\\/\"]}]}<\/script>\n<!-- \/ Yoast SEO plugin. -->","yoast_head_json":{"title":"Documento de desistimiento * - Vida L\u00e0ctia","description":"*Este documento debe ser cumplimentado, firmado y enviado por cualquier medio v\u00e1lido que acredite la fecha de env\u00edo a , con domicilio en , junto con el","robots":{"index":"index","follow":"follow","max-snippet":"max-snippet:-1","max-image-preview":"max-image-preview:large","max-video-preview":"max-video-preview:-1"},"canonical":"https:\/\/www.vidalactia.com\/es\/documento-de-desistimiento-2\/","og_locale":"es_ES","og_type":"article","og_title":"Document de desistiment * - Vida L\u00e0ctia","og_description":"*Aquest document ha de ser emplenat, signat i enviat per qualsevol mitj\u00e0 v\u00e0lid que acrediti la data d\u2019enviament a , amb domicili a , juntament amb el","og_url":"https:\/\/www.vidalactia.com\/es\/documento-de-desistimiento-2\/","og_site_name":"Vida L\u00e0ctia","article_modified_time":"2025-07-15T09:39:06+00:00","twitter_card":"summary_large_image","twitter_misc":{"Tiempo de lectura":"6 minutos"},"schema":{"@context":"https:\/\/schema.org","@graph":[{"@type":"WebPage","@id":"https:\/\/www.vidalactia.com\/document-de-desistiment\/","url":"https:\/\/www.vidalactia.com\/document-de-desistiment\/","name":"Documento de desistimiento * - Vida L\u00e0ctia","isPartOf":{"@id":"https:\/\/www.vidalactia.com\/#website"},"datePublished":"2023-12-28T14:07:23+00:00","dateModified":"2025-07-15T09:39:06+00:00","description":"*Este documento debe ser cumplimentado, firmado y enviado por cualquier medio v\u00e1lido que acredite la fecha de env\u00edo a , con domicilio en , junto con el","breadcrumb":{"@id":"https:\/\/www.vidalactia.com\/document-de-desistiment\/#breadcrumb"},"inLanguage":"es","potentialAction":[{"@type":"ReadAction","target":["https:\/\/www.vidalactia.com\/document-de-desistiment\/"]}]},{"@type":"BreadcrumbList","@id":"https:\/\/www.vidalactia.com\/document-de-desistiment\/#breadcrumb","itemListElement":[{"@type":"ListItem","position":1,"name":"Home","item":"https:\/\/www.vidalactia.com\/"},{"@type":"ListItem","position":2,"name":"Document de desistiment *"}]},{"@type":"WebSite","@id":"https:\/\/www.vidalactia.com\/#website","url":"https:\/\/www.vidalactia.com\/","name":"Vida L\u00e0ctia","description":"Maternidad, Crianza y Sostenibilidad","publisher":{"@id":"https:\/\/www.vidalactia.com\/#organization"},"potentialAction":[{"@type":"SearchAction","target":{"@type":"EntryPoint","urlTemplate":"https:\/\/www.vidalactia.com\/?s={search_term_string}"},"query-input":{"@type":"PropertyValueSpecification","valueRequired":true,"valueName":"search_term_string"}}],"inLanguage":"es"},{"@type":"Organization","@id":"https:\/\/www.vidalactia.com\/#organization","name":"Vida L\u00e0ctia","url":"https:\/\/www.vidalactia.com\/","logo":{"@type":"ImageObject","inLanguage":"es","@id":"https:\/\/www.vidalactia.com\/#\/schema\/logo\/image\/","url":"https:\/\/www.vidalactia.com\/wp-content\/uploads\/2024\/07\/logo_vida_lactia_final.svg","contentUrl":"https:\/\/www.vidalactia.com\/wp-content\/uploads\/2024\/07\/logo_vida_lactia_final.svg","width":123,"height":29,"caption":"Vida L\u00e0ctia"},"image":{"@id":"https:\/\/www.vidalactia.com\/#\/schema\/logo\/image\/"},"sameAs":["https:\/\/www.instagram.com\/vidalactia\/"]}]}},"_links":{"self":[{"href":"https:\/\/www.vidalactia.com\/es\/wp-json\/wp\/v2\/pages\/441","targetHints":{"allow":["GET"]}}],"collection":[{"href":"https:\/\/www.vidalactia.com\/es\/wp-json\/wp\/v2\/pages"}],"about":[{"href":"https:\/\/www.vidalactia.com\/es\/wp-json\/wp\/v2\/types\/page"}],"author":[{"embeddable":true,"href":"https:\/\/www.vidalactia.com\/es\/wp-json\/wp\/v2\/users\/1"}],"replies":[{"embeddable":true,"href":"https:\/\/www.vidalactia.com\/es\/wp-json\/wp\/v2\/comments?post=441"}],"version-history":[{"count":6,"href":"https:\/\/www.vidalactia.com\/es\/wp-json\/wp\/v2\/pages\/441\/revisions"}],"predecessor-version":[{"id":25904,"href":"https:\/\/www.vidalactia.com\/es\/wp-json\/wp\/v2\/pages\/441\/revisions\/25904"}],"wp:attachment":[{"href":"https:\/\/www.vidalactia.com\/es\/wp-json\/wp\/v2\/media?parent=441"}],"curies":[{"name":"wp","href":"https:\/\/api.w.org\/{rel}","templated":true}]}}