{"id":88,"date":"2023-03-01T14:03:52","date_gmt":"2023-03-01T13:03:52","guid":{"rendered":"https:\/\/www.vidalactia.com\/politica-de-cookies\/"},"modified":"2025-07-16T12:58:34","modified_gmt":"2025-07-16T10:58:34","slug":"politica-de-cookies","status":"publish","type":"page","link":"https:\/\/www.vidalactia.com\/es\/politica-de-cookies\/","title":{"rendered":"Pol\u00edtica de cookies"},"content":{"rendered":"<p>Esta web utiliza cookies. Aqu\u00ed te explicamos qu\u00e9 son las cookies y c\u00f3mo las utilizamos en nuestro sitio web. Puedes cambiar tus preferencias de cookies en cualquier momento:<\/p>\n<p style=\"text-align: center;\"><span class=\"borlabs-cookie-open-dialog-preferences brlbs-cmpnt-container\" data-borlabs-cookie-title=\"Prefer\u00e8ncies de cookies\" data-borlabs-cookie-type=\"button\" ><\/span><\/p>\n<hr \/>\n<p>En cumplimiento de la Ley 34\/2002, de 11 de julio, de Servicios de la Sociedad de la Informaci\u00f3n y Comercio Electr\u00f3nico, te informamos que este sitio web, al igual que la mayor\u00eda de los sitios en Internet, utiliza cookies para mejorar y optimizar la experiencia del usuario.<\/p>\n<p>A continuaci\u00f3n encontrar\u00e1s informaci\u00f3n detallada sobre qu\u00e9 son las cookies, qu\u00e9 tipolog\u00eda utiliza este sitio web, c\u00f3mo cambiar la configuraci\u00f3n de tus cookies, y qu\u00e9 ocurre si desactivas las cookies.<\/p>\n<h2>\u00bfQu\u00e9 son las cookies?<\/h2>\n<p>Una cookie es un peque\u00f1o archivo que se descarga en el equipo del usuario con el fin de almacenar datos, los cuales podr\u00e1n ser actualizados y recuperados por la entidad responsable de su instalaci\u00f3n.<\/p>\n<h2>\u00bfQu\u00e9 tipo de cookies utiliza este sitio web?<\/h2>\n<p>A continuaci\u00f3n se muestra una tabla con las cookies utilizadas en este sitio web. Puedes informarte de las transferencias a terceros pa\u00edses que, en su caso, realizan los terceros identificados en esta pol\u00edtica de cookies en sus correspondientes pol\u00edticas.<\/p>\n<div class=\"brlbs-cmpnt-container brlbs-cmpnt-shortcode-element\" data-borlabs-cookie-service-list><\/div>\n<h2>\u00bfC\u00f3mo puedes configurar tus cookies?<\/h2>\n<p>Al navegar y continuar en nuestro sitio web, est\u00e1s consintiendo el uso de cookies en las condiciones contenidas en la presente Pol\u00edtica de Cookies. Como usuario, tienes la posibilidad de ejercer tu derecho a bloquear, eliminar y desechar el uso de cookies, en cualquier momento, modificando las opciones de tu navegador.<\/p>\n<p>Por ejemplo:<\/p>\n<ol>\n<li>Internet Explorer: Herramientas &gt; Opciones de Internet &gt; Privacidad &gt; Configuraci\u00f3n. Para m\u00e1s informaci\u00f3n, puedes consultar el soporte de Microsoft o la ayuda del navegador.<\/li>\n<li>Mozilla Firefox: Herramientas &gt; Opciones &gt; Privacidad &gt; Historial &gt; Configuraci\u00f3n personalizada. Para m\u00e1s informaci\u00f3n, puedes consultar el soporte de Mozilla o la ayuda del navegador.<\/li>\n<li>Google Chrome: Configuraci\u00f3n &gt; Muestra opciones avanzadas &gt; Privacidad -&gt; Configuraci\u00f3n del contenido. Para m\u00e1s informaci\u00f3n, puedes consultar el soporte de Google o la ayuda del navegador.<\/li>\n<li>Safari: Preferencias &gt; Seguridad. Para m\u00e1s informaci\u00f3n, puedes consultar el soporte de Apple o la ayuda del navegador.<\/li>\n<li>Opera: Configuraci\u00f3n &gt; Opciones &gt; Avanzado &gt; Cookies. Para m\u00e1s informaci\u00f3n, puedes consultar el soporte de Opera o la ayuda del navegador.<\/li>\n<\/ol>\n<p>Si utilizas otro navegador distinto a los anteriores, consulta su pol\u00edtica de instalaci\u00f3n, uso y bloqueo de cookies.<\/p>\n<h2>Tu historial de consentimiento<\/h2>\n<div class=\"brlbs-cmpnt-container\" data-borlabs-cookie-consent-history><\/div>\n<h2>\u00bfQu\u00e9 ocurre si se desactivan las cookies?<\/h2>\n<p>Algunas funcionalidades de los servicios o \u00e1reas de este sitio web podr\u00edan no funcionar correctamente.<\/p>\n<h2>\u00bfActualizamos nuestra pol\u00edtica de cookies?<\/h2>\n<p>Es posible que actualicemos la pol\u00edtica de cookies de nuestro sitio web, por este motivo, nuestros abogados nos piden que te recomendamos revisar esta pol\u00edtica cada vez que accedas a nuestro sitio web, con el objetivo de estar debidamente informado sobre c\u00f3mo y para qu\u00e9 utilizamos las cookies.<\/p>","protected":false},"excerpt":{"rendered":"<p>Aquesta web utilitza cookies. Aqu\u00ed t\u2019expliquem qu\u00e8 s\u00f3n les cookies i com les fem servir al nostre lloc web. Pots canviar les teves prefer\u00e8ncies de cookies en qualsevol moment: En compliment de la Llei 34\/2002, d\u201911 de juliol, de Serveis de la Societat de la Informaci\u00f3 i Comer\u00e7 Electr\u00f2nic, t\u2019informem que aquest lloc web, igual [&hellip;]<\/p>\n","protected":false},"author":1,"featured_media":0,"parent":0,"menu_order":11,"comment_status":"closed","ping_status":"closed","template":"","meta":{"_joinchat":[],"footnotes":""},"class_list":["post-88","page","type-page","status-publish","hentry"],"acf":[],"yoast_head":"<!-- This site is optimized with the Yoast SEO plugin v27.4 - https:\/\/yoast.com\/product\/yoast-seo-wordpress\/ -->\n<title>Pol\u00edtica de cookies - Vida L\u00e0ctia<\/title>\n<meta name=\"description\" content=\"Pol\u00edtica de cookies de Vida L\u00e0ctia\" \/>\n<meta name=\"robots\" content=\"index, follow, max-snippet:-1, max-image-preview:large, max-video-preview:-1\" \/>\n<link rel=\"canonical\" href=\"https:\/\/www.vidalactia.com\/es\/politica-de-cookies\/\" \/>\n<meta property=\"og:locale\" content=\"es_ES\" \/>\n<meta property=\"og:type\" content=\"article\" \/>\n<meta property=\"og:title\" content=\"Pol\u00edtica de cookies - Vida L\u00e0ctia\" \/>\n<meta property=\"og:description\" content=\"Pol\u00edtica de cookies de Vida L\u00e0ctia\" \/>\n<meta property=\"og:url\" content=\"https:\/\/www.vidalactia.com\/es\/politica-de-cookies\/\" \/>\n<meta property=\"og:site_name\" content=\"Vida L\u00e0ctia\" \/>\n<meta property=\"article:modified_time\" content=\"2025-07-16T10:58:34+00:00\" \/>\n<meta name=\"twitter:card\" content=\"summary_large_image\" \/>\n<meta name=\"twitter:label1\" content=\"Tiempo de lectura\" \/>\n\t<meta name=\"twitter:data1\" content=\"3 minutos\" \/>\n<script type=\"application\/ld+json\" class=\"yoast-schema-graph\">{\"@context\":\"https:\\\/\\\/schema.org\",\"@graph\":[{\"@type\":\"WebPage\",\"@id\":\"https:\\\/\\\/www.vidalactia.com\\\/politica-de-cookies\\\/\",\"url\":\"https:\\\/\\\/www.vidalactia.com\\\/politica-de-cookies\\\/\",\"name\":\"Pol\u00edtica de cookies - Vida L\u00e0ctia\",\"isPartOf\":{\"@id\":\"https:\\\/\\\/www.vidalactia.com\\\/#website\"},\"datePublished\":\"2023-03-01T13:03:52+00:00\",\"dateModified\":\"2025-07-16T10:58:34+00:00\",\"description\":\"Pol\u00edtica de cookies de Vida L\u00e0ctia\",\"breadcrumb\":{\"@id\":\"https:\\\/\\\/www.vidalactia.com\\\/politica-de-cookies\\\/#breadcrumb\"},\"inLanguage\":\"es\",\"potentialAction\":[{\"@type\":\"ReadAction\",\"target\":[\"https:\\\/\\\/www.vidalactia.com\\\/politica-de-cookies\\\/\"]}]},{\"@type\":\"BreadcrumbList\",\"@id\":\"https:\\\/\\\/www.vidalactia.com\\\/politica-de-cookies\\\/#breadcrumb\",\"itemListElement\":[{\"@type\":\"ListItem\",\"position\":1,\"name\":\"Home\",\"item\":\"https:\\\/\\\/www.vidalactia.com\\\/\"},{\"@type\":\"ListItem\",\"position\":2,\"name\":\"Pol\u00edtica de cookies\"}]},{\"@type\":\"WebSite\",\"@id\":\"https:\\\/\\\/www.vidalactia.com\\\/#website\",\"url\":\"https:\\\/\\\/www.vidalactia.com\\\/\",\"name\":\"Vida L\u00e0ctia\",\"description\":\"Maternitat, Crian\u00e7a i Sostenibilitat\",\"publisher\":{\"@id\":\"https:\\\/\\\/www.vidalactia.com\\\/#organization\"},\"potentialAction\":[{\"@type\":\"SearchAction\",\"target\":{\"@type\":\"EntryPoint\",\"urlTemplate\":\"https:\\\/\\\/www.vidalactia.com\\\/?s={search_term_string}\"},\"query-input\":{\"@type\":\"PropertyValueSpecification\",\"valueRequired\":true,\"valueName\":\"search_term_string\"}}],\"inLanguage\":\"es\"},{\"@type\":\"Organization\",\"@id\":\"https:\\\/\\\/www.vidalactia.com\\\/#organization\",\"name\":\"Vida L\u00e0ctia\",\"url\":\"https:\\\/\\\/www.vidalactia.com\\\/\",\"logo\":{\"@type\":\"ImageObject\",\"inLanguage\":\"es\",\"@id\":\"https:\\\/\\\/www.vidalactia.com\\\/#\\\/schema\\\/logo\\\/image\\\/\",\"url\":\"https:\\\/\\\/www.vidalactia.com\\\/wp-content\\\/uploads\\\/2024\\\/07\\\/logo_vida_lactia_final.svg\",\"contentUrl\":\"https:\\\/\\\/www.vidalactia.com\\\/wp-content\\\/uploads\\\/2024\\\/07\\\/logo_vida_lactia_final.svg\",\"width\":123,\"height\":29,\"caption\":\"Vida L\u00e0ctia\"},\"image\":{\"@id\":\"https:\\\/\\\/www.vidalactia.com\\\/#\\\/schema\\\/logo\\\/image\\\/\"},\"sameAs\":[\"https:\\\/\\\/www.instagram.com\\\/vidalactia\\\/\"]}]}<\/script>\n<!-- \/ Yoast SEO plugin. -->","yoast_head_json":{"title":"Pol\u00edtica de cookies - Vida L\u00e0ctia","description":"Pol\u00edtica de cookies de Vida L\u00e0ctia","robots":{"index":"index","follow":"follow","max-snippet":"max-snippet:-1","max-image-preview":"max-image-preview:large","max-video-preview":"max-video-preview:-1"},"canonical":"https:\/\/www.vidalactia.com\/es\/politica-de-cookies\/","og_locale":"es_ES","og_type":"article","og_title":"Pol\u00edtica de cookies - Vida L\u00e0ctia","og_description":"Pol\u00edtica de cookies de Vida L\u00e0ctia","og_url":"https:\/\/www.vidalactia.com\/es\/politica-de-cookies\/","og_site_name":"Vida L\u00e0ctia","article_modified_time":"2025-07-16T10:58:34+00:00","twitter_card":"summary_large_image","twitter_misc":{"Tiempo de lectura":"3 minutos"},"schema":{"@context":"https:\/\/schema.org","@graph":[{"@type":"WebPage","@id":"https:\/\/www.vidalactia.com\/politica-de-cookies\/","url":"https:\/\/www.vidalactia.com\/politica-de-cookies\/","name":"Pol\u00edtica de cookies - Vida L\u00e0ctia","isPartOf":{"@id":"https:\/\/www.vidalactia.com\/#website"},"datePublished":"2023-03-01T13:03:52+00:00","dateModified":"2025-07-16T10:58:34+00:00","description":"Pol\u00edtica de cookies de Vida L\u00e0ctia","breadcrumb":{"@id":"https:\/\/www.vidalactia.com\/politica-de-cookies\/#breadcrumb"},"inLanguage":"es","potentialAction":[{"@type":"ReadAction","target":["https:\/\/www.vidalactia.com\/politica-de-cookies\/"]}]},{"@type":"BreadcrumbList","@id":"https:\/\/www.vidalactia.com\/politica-de-cookies\/#breadcrumb","itemListElement":[{"@type":"ListItem","position":1,"name":"Home","item":"https:\/\/www.vidalactia.com\/"},{"@type":"ListItem","position":2,"name":"Pol\u00edtica de cookies"}]},{"@type":"WebSite","@id":"https:\/\/www.vidalactia.com\/#website","url":"https:\/\/www.vidalactia.com\/","name":"Vida L\u00e0ctia","description":"Maternidad, Crianza y Sostenibilidad","publisher":{"@id":"https:\/\/www.vidalactia.com\/#organization"},"potentialAction":[{"@type":"SearchAction","target":{"@type":"EntryPoint","urlTemplate":"https:\/\/www.vidalactia.com\/?s={search_term_string}"},"query-input":{"@type":"PropertyValueSpecification","valueRequired":true,"valueName":"search_term_string"}}],"inLanguage":"es"},{"@type":"Organization","@id":"https:\/\/www.vidalactia.com\/#organization","name":"Vida L\u00e0ctia","url":"https:\/\/www.vidalactia.com\/","logo":{"@type":"ImageObject","inLanguage":"es","@id":"https:\/\/www.vidalactia.com\/#\/schema\/logo\/image\/","url":"https:\/\/www.vidalactia.com\/wp-content\/uploads\/2024\/07\/logo_vida_lactia_final.svg","contentUrl":"https:\/\/www.vidalactia.com\/wp-content\/uploads\/2024\/07\/logo_vida_lactia_final.svg","width":123,"height":29,"caption":"Vida L\u00e0ctia"},"image":{"@id":"https:\/\/www.vidalactia.com\/#\/schema\/logo\/image\/"},"sameAs":["https:\/\/www.instagram.com\/vidalactia\/"]}]}},"_links":{"self":[{"href":"https:\/\/www.vidalactia.com\/es\/wp-json\/wp\/v2\/pages\/88","targetHints":{"allow":["GET"]}}],"collection":[{"href":"https:\/\/www.vidalactia.com\/es\/wp-json\/wp\/v2\/pages"}],"about":[{"href":"https:\/\/www.vidalactia.com\/es\/wp-json\/wp\/v2\/types\/page"}],"author":[{"embeddable":true,"href":"https:\/\/www.vidalactia.com\/es\/wp-json\/wp\/v2\/users\/1"}],"replies":[{"embeddable":true,"href":"https:\/\/www.vidalactia.com\/es\/wp-json\/wp\/v2\/comments?post=88"}],"version-history":[{"count":3,"href":"https:\/\/www.vidalactia.com\/es\/wp-json\/wp\/v2\/pages\/88\/revisions"}],"predecessor-version":[{"id":25896,"href":"https:\/\/www.vidalactia.com\/es\/wp-json\/wp\/v2\/pages\/88\/revisions\/25896"}],"wp:attachment":[{"href":"https:\/\/www.vidalactia.com\/es\/wp-json\/wp\/v2\/media?parent=88"}],"curies":[{"name":"wp","href":"https:\/\/api.w.org\/{rel}","templated":true}]}}