{"id":10296,"date":"2025-07-11T15:27:34","date_gmt":"2025-07-11T13:27:34","guid":{"rendered":"https:\/\/www.vidalactia.com\/?post_type=product&#038;p=10296"},"modified":"2026-01-09T09:40:48","modified_gmt":"2026-01-09T08:40:48","slug":"camiseta-esto-hay-que-bailarlo-recta","status":"publish","type":"product","link":"https:\/\/www.vidalactia.com\/es\/producte\/samarreta-esto-hay-que-bailarlo-recta\/","title":{"rendered":"Camiseta Esto hay que bailarlo recto"},"content":{"rendered":"<p>Una prenda c\u00f3moda, alegre y directa que celebra el movimiento, la vida y la energ\u00eda que hay que poner en todo. Con el mensaje estampado en el pecho, este dise\u00f1o exclusivo de Vida L\u00e0ctia transmite una actitud positiva y valiente: incluso lo dif\u00edcil merece ser bailado. Est\u00e1 confeccionada en algod\u00f3n 100% org\u00e1nico, suave y agradable al tacto, perfecta para el d\u00eda a d\u00eda. Disponible s\u00f3lo en Vida L\u00e0ctia, porque no todo el mundo debe entenderlo\u2026 pero t\u00fa s\u00ed.<\/p>\n<p><a href=\"https:\/\/www.vidalactia.com\/wp-content\/uploads\/2025\/07\/Higg-Index.pdf\" target=\"_blank\" rel=\"noopener\">Certificaci\u00f3n HIGG \u00cdNDICE<\/a> | <a href=\"https:\/\/www.vidalactia.com\/wp-content\/uploads\/2025\/07\/Certificat-CQ-OEKO-TEX_5_FR-UK.pdf\" target=\"_blank\" rel=\"noopener\">Certificaci\u00f3n OEKOTEX5<\/a> | <a href=\"https:\/\/www.vidalactia.com\/wp-content\/uploads\/2025\/07\/OCS.pdf\" target=\"_blank\" rel=\"noopener\">Certificaciones ORGANIC BLENDED y ORGANIC 100<\/a>\u00a0| <a href=\"https:\/\/www.vidalactia.com\/wp-content\/uploads\/2025\/07\/PETA_SOLOGROUP.pdf\" target=\"_blank\" rel=\"noopener\">Certificaci\u00f3n PETA<\/a><\/p>","protected":false},"excerpt":{"rendered":"<p>Camiseta Esto hay que bailarlo recto<\/p>","protected":false},"featured_media":11795,"template":"","meta":{"_joinchat":[]},"product_brand":[],"product_cat":[51,87],"product_tag":[],"class_list":{"0":"post-10296","1":"product","2":"type-product","3":"status-publish","4":"has-post-thumbnail","6":"product_cat-artesania-regals","7":"product_cat-esto-hay-que-bailarlo","9":"first","10":"instock","11":"taxable","12":"shipping-taxable","13":"purchasable","14":"product-type-variable","15":"has-default-attributes"},"acf":[],"yoast_head":"<!-- This site is optimized with the Yoast SEO plugin v27.4 - https:\/\/yoast.com\/product\/yoast-seo-wordpress\/ -->\n<title>Samarreta Esto hay que bailarlo recta - Vida L\u00e0ctia<\/title>\n<meta name=\"description\" content=\"Samarreta Esto hay que bailarlo recta\" \/>\n<meta name=\"robots\" content=\"index, follow, max-snippet:-1, max-image-preview:large, max-video-preview:-1\" \/>\n<link rel=\"canonical\" href=\"https:\/\/www.vidalactia.com\/es\/producto-2\/camiseta-esto-hay-que-bailarlo-recta\/\" \/>\n<meta property=\"og:locale\" content=\"es_ES\" \/>\n<meta property=\"og:type\" content=\"article\" \/>\n<meta property=\"og:title\" content=\"Samarreta Esto hay que bailarlo recta - Vida L\u00e0ctia\" \/>\n<meta property=\"og:description\" content=\"Samarreta Esto hay que bailarlo recta\" \/>\n<meta property=\"og:url\" content=\"https:\/\/www.vidalactia.com\/es\/producto-2\/camiseta-esto-hay-que-bailarlo-recta\/\" \/>\n<meta property=\"og:site_name\" content=\"Vida L\u00e0ctia\" \/>\n<meta property=\"article:modified_time\" content=\"2026-01-09T08:40:48+00:00\" \/>\n<meta property=\"og:image\" content=\"https:\/\/www.vidalactia.com\/wp-content\/uploads\/2025\/07\/samarretes-vida-lactia-samarreta-recta-esto-hay-que-bailarlo-frontal.png\" \/>\n\t<meta property=\"og:image:width\" content=\"1920\" \/>\n\t<meta property=\"og:image:height\" content=\"1542\" \/>\n\t<meta property=\"og:image:type\" content=\"image\/png\" \/>\n<meta name=\"twitter:card\" content=\"summary_large_image\" \/>\n<script type=\"application\/ld+json\" class=\"yoast-schema-graph\">{\"@context\":\"https:\\\/\\\/schema.org\",\"@graph\":[{\"@type\":\"WebPage\",\"@id\":\"https:\\\/\\\/www.vidalactia.com\\\/producte\\\/samarreta-esto-hay-que-bailarlo-recta\\\/\",\"url\":\"https:\\\/\\\/www.vidalactia.com\\\/producte\\\/samarreta-esto-hay-que-bailarlo-recta\\\/\",\"name\":\"Samarreta Esto hay que bailarlo recta - Vida L\u00e0ctia\",\"isPartOf\":{\"@id\":\"https:\\\/\\\/www.vidalactia.com\\\/#website\"},\"primaryImageOfPage\":{\"@id\":\"https:\\\/\\\/www.vidalactia.com\\\/producte\\\/samarreta-esto-hay-que-bailarlo-recta\\\/#primaryimage\"},\"image\":{\"@id\":\"https:\\\/\\\/www.vidalactia.com\\\/producte\\\/samarreta-esto-hay-que-bailarlo-recta\\\/#primaryimage\"},\"thumbnailUrl\":\"https:\\\/\\\/www.vidalactia.com\\\/wp-content\\\/uploads\\\/2025\\\/07\\\/samarretes-vida-lactia-samarreta-recta-esto-hay-que-bailarlo-frontal.png\",\"datePublished\":\"2025-07-11T13:27:34+00:00\",\"dateModified\":\"2026-01-09T08:40:48+00:00\",\"description\":\"Samarreta Esto hay que bailarlo recta\",\"breadcrumb\":{\"@id\":\"https:\\\/\\\/www.vidalactia.com\\\/producte\\\/samarreta-esto-hay-que-bailarlo-recta\\\/#breadcrumb\"},\"inLanguage\":\"es\",\"potentialAction\":[{\"@type\":\"ReadAction\",\"target\":[\"https:\\\/\\\/www.vidalactia.com\\\/producte\\\/samarreta-esto-hay-que-bailarlo-recta\\\/\"]}]},{\"@type\":\"ImageObject\",\"inLanguage\":\"es\",\"@id\":\"https:\\\/\\\/www.vidalactia.com\\\/producte\\\/samarreta-esto-hay-que-bailarlo-recta\\\/#primaryimage\",\"url\":\"https:\\\/\\\/www.vidalactia.com\\\/wp-content\\\/uploads\\\/2025\\\/07\\\/samarretes-vida-lactia-samarreta-recta-esto-hay-que-bailarlo-frontal.png\",\"contentUrl\":\"https:\\\/\\\/www.vidalactia.com\\\/wp-content\\\/uploads\\\/2025\\\/07\\\/samarretes-vida-lactia-samarreta-recta-esto-hay-que-bailarlo-frontal.png\",\"width\":1920,\"height\":1542,\"caption\":\"samarretes vida lactia samarreta recta esto hay que bailarlo frontal\"},{\"@type\":\"BreadcrumbList\",\"@id\":\"https:\\\/\\\/www.vidalactia.com\\\/producte\\\/samarreta-esto-hay-que-bailarlo-recta\\\/#breadcrumb\",\"itemListElement\":[{\"@type\":\"ListItem\",\"position\":1,\"name\":\"Home\",\"item\":\"https:\\\/\\\/www.vidalactia.com\\\/\"},{\"@type\":\"ListItem\",\"position\":2,\"name\":\"Shop\",\"item\":\"https:\\\/\\\/www.vidalactia.com\\\/shop\\\/\"},{\"@type\":\"ListItem\",\"position\":3,\"name\":\"Samarreta Esto hay que bailarlo recta\"}]},{\"@type\":\"WebSite\",\"@id\":\"https:\\\/\\\/www.vidalactia.com\\\/#website\",\"url\":\"https:\\\/\\\/www.vidalactia.com\\\/\",\"name\":\"Vida L\u00e0ctia\",\"description\":\"Maternitat, Crian\u00e7a i Sostenibilitat\",\"publisher\":{\"@id\":\"https:\\\/\\\/www.vidalactia.com\\\/#organization\"},\"potentialAction\":[{\"@type\":\"SearchAction\",\"target\":{\"@type\":\"EntryPoint\",\"urlTemplate\":\"https:\\\/\\\/www.vidalactia.com\\\/?s={search_term_string}\"},\"query-input\":{\"@type\":\"PropertyValueSpecification\",\"valueRequired\":true,\"valueName\":\"search_term_string\"}}],\"inLanguage\":\"es\"},{\"@type\":\"Organization\",\"@id\":\"https:\\\/\\\/www.vidalactia.com\\\/#organization\",\"name\":\"Vida L\u00e0ctia\",\"url\":\"https:\\\/\\\/www.vidalactia.com\\\/\",\"logo\":{\"@type\":\"ImageObject\",\"inLanguage\":\"es\",\"@id\":\"https:\\\/\\\/www.vidalactia.com\\\/#\\\/schema\\\/logo\\\/image\\\/\",\"url\":\"https:\\\/\\\/www.vidalactia.com\\\/wp-content\\\/uploads\\\/2024\\\/07\\\/logo_vida_lactia_final.svg\",\"contentUrl\":\"https:\\\/\\\/www.vidalactia.com\\\/wp-content\\\/uploads\\\/2024\\\/07\\\/logo_vida_lactia_final.svg\",\"width\":123,\"height\":29,\"caption\":\"Vida L\u00e0ctia\"},\"image\":{\"@id\":\"https:\\\/\\\/www.vidalactia.com\\\/#\\\/schema\\\/logo\\\/image\\\/\"},\"sameAs\":[\"https:\\\/\\\/www.instagram.com\\\/vidalactia\\\/\"]}]}<\/script>\n<!-- \/ Yoast SEO plugin. -->","yoast_head_json":{"title":"Camiseta Esto hay que bailarlo recto - Vida L\u00e0ctia","description":"Camiseta Esto hay que bailarlo recto","robots":{"index":"index","follow":"follow","max-snippet":"max-snippet:-1","max-image-preview":"max-image-preview:large","max-video-preview":"max-video-preview:-1"},"canonical":"https:\/\/www.vidalactia.com\/es\/producto-2\/camiseta-esto-hay-que-bailarlo-recta\/","og_locale":"es_ES","og_type":"article","og_title":"Samarreta Esto hay que bailarlo recta - Vida L\u00e0ctia","og_description":"Samarreta Esto hay que bailarlo recta","og_url":"https:\/\/www.vidalactia.com\/es\/producto-2\/camiseta-esto-hay-que-bailarlo-recta\/","og_site_name":"Vida L\u00e0ctia","article_modified_time":"2026-01-09T08:40:48+00:00","og_image":[{"width":1920,"height":1542,"url":"https:\/\/www.vidalactia.com\/wp-content\/uploads\/2025\/07\/samarretes-vida-lactia-samarreta-recta-esto-hay-que-bailarlo-frontal.png","type":"image\/png"}],"twitter_card":"summary_large_image","schema":{"@context":"https:\/\/schema.org","@graph":[{"@type":"WebPage","@id":"https:\/\/www.vidalactia.com\/producte\/samarreta-esto-hay-que-bailarlo-recta\/","url":"https:\/\/www.vidalactia.com\/producte\/samarreta-esto-hay-que-bailarlo-recta\/","name":"Camiseta Esto hay que bailarlo recto - Vida L\u00e0ctia","isPartOf":{"@id":"https:\/\/www.vidalactia.com\/#website"},"primaryImageOfPage":{"@id":"https:\/\/www.vidalactia.com\/producte\/samarreta-esto-hay-que-bailarlo-recta\/#primaryimage"},"image":{"@id":"https:\/\/www.vidalactia.com\/producte\/samarreta-esto-hay-que-bailarlo-recta\/#primaryimage"},"thumbnailUrl":"https:\/\/www.vidalactia.com\/wp-content\/uploads\/2025\/07\/samarretes-vida-lactia-samarreta-recta-esto-hay-que-bailarlo-frontal.png","datePublished":"2025-07-11T13:27:34+00:00","dateModified":"2026-01-09T08:40:48+00:00","description":"Camiseta Esto hay que bailarlo recto","breadcrumb":{"@id":"https:\/\/www.vidalactia.com\/producte\/samarreta-esto-hay-que-bailarlo-recta\/#breadcrumb"},"inLanguage":"es","potentialAction":[{"@type":"ReadAction","target":["https:\/\/www.vidalactia.com\/producte\/samarreta-esto-hay-que-bailarlo-recta\/"]}]},{"@type":"ImageObject","inLanguage":"es","@id":"https:\/\/www.vidalactia.com\/producte\/samarreta-esto-hay-que-bailarlo-recta\/#primaryimage","url":"https:\/\/www.vidalactia.com\/wp-content\/uploads\/2025\/07\/samarretes-vida-lactia-samarreta-recta-esto-hay-que-bailarlo-frontal.png","contentUrl":"https:\/\/www.vidalactia.com\/wp-content\/uploads\/2025\/07\/samarretes-vida-lactia-samarreta-recta-esto-hay-que-bailarlo-frontal.png","width":1920,"height":1542,"caption":"samarretes vida lactia samarreta recta esto hay que bailarlo frontal"},{"@type":"BreadcrumbList","@id":"https:\/\/www.vidalactia.com\/producte\/samarreta-esto-hay-que-bailarlo-recta\/#breadcrumb","itemListElement":[{"@type":"ListItem","position":1,"name":"Home","item":"https:\/\/www.vidalactia.com\/"},{"@type":"ListItem","position":2,"name":"Shop","item":"https:\/\/www.vidalactia.com\/shop\/"},{"@type":"ListItem","position":3,"name":"Samarreta Esto hay que bailarlo recta"}]},{"@type":"WebSite","@id":"https:\/\/www.vidalactia.com\/#website","url":"https:\/\/www.vidalactia.com\/","name":"Vida L\u00e0ctia","description":"Maternidad, Crianza y Sostenibilidad","publisher":{"@id":"https:\/\/www.vidalactia.com\/#organization"},"potentialAction":[{"@type":"SearchAction","target":{"@type":"EntryPoint","urlTemplate":"https:\/\/www.vidalactia.com\/?s={search_term_string}"},"query-input":{"@type":"PropertyValueSpecification","valueRequired":true,"valueName":"search_term_string"}}],"inLanguage":"es"},{"@type":"Organization","@id":"https:\/\/www.vidalactia.com\/#organization","name":"Vida L\u00e0ctia","url":"https:\/\/www.vidalactia.com\/","logo":{"@type":"ImageObject","inLanguage":"es","@id":"https:\/\/www.vidalactia.com\/#\/schema\/logo\/image\/","url":"https:\/\/www.vidalactia.com\/wp-content\/uploads\/2024\/07\/logo_vida_lactia_final.svg","contentUrl":"https:\/\/www.vidalactia.com\/wp-content\/uploads\/2024\/07\/logo_vida_lactia_final.svg","width":123,"height":29,"caption":"Vida L\u00e0ctia"},"image":{"@id":"https:\/\/www.vidalactia.com\/#\/schema\/logo\/image\/"},"sameAs":["https:\/\/www.instagram.com\/vidalactia\/"]}]}},"_links":{"self":[{"href":"https:\/\/www.vidalactia.com\/es\/wp-json\/wp\/v2\/product\/10296","targetHints":{"allow":["GET"]}}],"collection":[{"href":"https:\/\/www.vidalactia.com\/es\/wp-json\/wp\/v2\/product"}],"about":[{"href":"https:\/\/www.vidalactia.com\/es\/wp-json\/wp\/v2\/types\/product"}],"version-history":[{"count":4,"href":"https:\/\/www.vidalactia.com\/es\/wp-json\/wp\/v2\/product\/10296\/revisions"}],"predecessor-version":[{"id":29447,"href":"https:\/\/www.vidalactia.com\/es\/wp-json\/wp\/v2\/product\/10296\/revisions\/29447"}],"wp:featuredmedia":[{"embeddable":true,"href":"https:\/\/www.vidalactia.com\/es\/wp-json\/wp\/v2\/media\/11795"}],"wp:attachment":[{"href":"https:\/\/www.vidalactia.com\/es\/wp-json\/wp\/v2\/media?parent=10296"}],"wp:term":[{"taxonomy":"product_brand","embeddable":true,"href":"https:\/\/www.vidalactia.com\/es\/wp-json\/wp\/v2\/product_brand?post=10296"},{"taxonomy":"product_cat","embeddable":true,"href":"https:\/\/www.vidalactia.com\/es\/wp-json\/wp\/v2\/product_cat?post=10296"},{"taxonomy":"product_tag","embeddable":true,"href":"https:\/\/www.vidalactia.com\/es\/wp-json\/wp\/v2\/product_tag?post=10296"}],"curies":[{"name":"wp","href":"https:\/\/api.w.org\/{rel}","templated":true}]}}