{"id":12085,"date":"2025-07-11T16:11:59","date_gmt":"2025-07-11T14:11:59","guid":{"rendered":"https:\/\/www.vidalactia.com\/?post_type=product&#038;p=12085"},"modified":"2026-01-09T10:36:51","modified_gmt":"2026-01-09T09:36:51","slug":"camiseta-charar-cachar-jaure-recta","status":"publish","type":"product","link":"https:\/\/www.vidalactia.com\/es\/producte\/samarreta-xauar-catxar-jaure-recta\/","title":{"rendered":"Camiseta Xauar, Catxar y Jaure recta"},"content":{"rendered":"<p>Tres palabras pallaresas que nos hablan del territorio, de los momentos compartidos y del ritmo propio de vivir. Este dise\u00f1o exclusivo de Vida L\u00e0ctia une lengua e identidad en una pieza \u00fanica, pensada para llevarla con naturalidad y orgullo.<\/p>\n<p><a href=\"https:\/\/www.vidalactia.com\/wp-content\/uploads\/2025\/07\/Higg-Index.pdf\" target=\"_blank\" rel=\"noopener\">Certificaci\u00f3n HIGG \u00cdNDICE<\/a> | <a href=\"https:\/\/www.vidalactia.com\/wp-content\/uploads\/2025\/07\/Certificat-CQ-OEKO-TEX_5_FR-UK.pdf\" target=\"_blank\" rel=\"noopener\">Certificaci\u00f3n OEKOTEX5<\/a> | <a href=\"https:\/\/www.vidalactia.com\/wp-content\/uploads\/2025\/07\/OCS.pdf\" target=\"_blank\" rel=\"noopener\">Certificaciones ORGANIC BLENDED y ORGANIC 100<\/a>\u00a0| <a href=\"https:\/\/www.vidalactia.com\/wp-content\/uploads\/2025\/07\/PETA_SOLOGROUP.pdf\" target=\"_blank\" rel=\"noopener\">Certificaci\u00f3n PETA<\/a><\/p>","protected":false},"excerpt":{"rendered":"<p>Camiseta Xauar, Catxar y Jaure recta<\/p>","protected":false},"featured_media":12196,"template":"","meta":{"_joinchat":[]},"product_brand":[],"product_cat":[51,90],"product_tag":[],"class_list":{"0":"post-12085","1":"product","2":"type-product","3":"status-publish","4":"has-post-thumbnail","6":"product_cat-artesania-regals","7":"product_cat-xauar-catxar-i-jaure","9":"first","10":"instock","11":"taxable","12":"shipping-taxable","13":"purchasable","14":"product-type-variable","15":"has-default-attributes"},"acf":[],"yoast_head":"<!-- This site is optimized with the Yoast SEO plugin v27.4 - https:\/\/yoast.com\/product\/yoast-seo-wordpress\/ -->\n<title>Samarreta Xauar, Catxar i Jaure recta - Vida L\u00e0ctia<\/title>\n<meta name=\"description\" content=\"Samarreta Xauar, Catxar i Jaure recta\" \/>\n<meta name=\"robots\" content=\"index, follow, max-snippet:-1, max-image-preview:large, max-video-preview:-1\" \/>\n<link rel=\"canonical\" href=\"https:\/\/www.vidalactia.com\/es\/producto-2\/camiseta-charar-cachar-jaure-recta\/\" \/>\n<meta property=\"og:locale\" content=\"es_ES\" \/>\n<meta property=\"og:type\" content=\"article\" \/>\n<meta property=\"og:title\" content=\"Samarreta Xauar, Catxar i Jaure recta - Vida L\u00e0ctia\" \/>\n<meta property=\"og:description\" content=\"Samarreta Xauar, Catxar i Jaure recta\" \/>\n<meta property=\"og:url\" content=\"https:\/\/www.vidalactia.com\/es\/producto-2\/camiseta-charar-cachar-jaure-recta\/\" \/>\n<meta property=\"og:site_name\" content=\"Vida L\u00e0ctia\" \/>\n<meta property=\"article:modified_time\" content=\"2026-01-09T09:36:51+00:00\" \/>\n<meta property=\"og:image\" content=\"https:\/\/www.vidalactia.com\/wp-content\/uploads\/2025\/07\/samarretes-vida-lactia-samarreta-recta-xauar-catxar-jaure-frontal.png\" \/>\n\t<meta property=\"og:image:width\" content=\"1920\" \/>\n\t<meta property=\"og:image:height\" content=\"1542\" \/>\n\t<meta property=\"og:image:type\" content=\"image\/png\" \/>\n<meta name=\"twitter:card\" content=\"summary_large_image\" \/>\n<script type=\"application\/ld+json\" class=\"yoast-schema-graph\">{\"@context\":\"https:\\\/\\\/schema.org\",\"@graph\":[{\"@type\":\"WebPage\",\"@id\":\"https:\\\/\\\/www.vidalactia.com\\\/producte\\\/samarreta-xauar-catxar-jaure-recta\\\/\",\"url\":\"https:\\\/\\\/www.vidalactia.com\\\/producte\\\/samarreta-xauar-catxar-jaure-recta\\\/\",\"name\":\"Samarreta Xauar, Catxar i Jaure recta - Vida L\u00e0ctia\",\"isPartOf\":{\"@id\":\"https:\\\/\\\/www.vidalactia.com\\\/#website\"},\"primaryImageOfPage\":{\"@id\":\"https:\\\/\\\/www.vidalactia.com\\\/producte\\\/samarreta-xauar-catxar-jaure-recta\\\/#primaryimage\"},\"image\":{\"@id\":\"https:\\\/\\\/www.vidalactia.com\\\/producte\\\/samarreta-xauar-catxar-jaure-recta\\\/#primaryimage\"},\"thumbnailUrl\":\"https:\\\/\\\/www.vidalactia.com\\\/wp-content\\\/uploads\\\/2025\\\/07\\\/samarretes-vida-lactia-samarreta-recta-xauar-catxar-jaure-frontal.png\",\"datePublished\":\"2025-07-11T14:11:59+00:00\",\"dateModified\":\"2026-01-09T09:36:51+00:00\",\"description\":\"Samarreta Xauar, Catxar i Jaure recta\",\"breadcrumb\":{\"@id\":\"https:\\\/\\\/www.vidalactia.com\\\/producte\\\/samarreta-xauar-catxar-jaure-recta\\\/#breadcrumb\"},\"inLanguage\":\"es\",\"potentialAction\":[{\"@type\":\"ReadAction\",\"target\":[\"https:\\\/\\\/www.vidalactia.com\\\/producte\\\/samarreta-xauar-catxar-jaure-recta\\\/\"]}]},{\"@type\":\"ImageObject\",\"inLanguage\":\"es\",\"@id\":\"https:\\\/\\\/www.vidalactia.com\\\/producte\\\/samarreta-xauar-catxar-jaure-recta\\\/#primaryimage\",\"url\":\"https:\\\/\\\/www.vidalactia.com\\\/wp-content\\\/uploads\\\/2025\\\/07\\\/samarretes-vida-lactia-samarreta-recta-xauar-catxar-jaure-frontal.png\",\"contentUrl\":\"https:\\\/\\\/www.vidalactia.com\\\/wp-content\\\/uploads\\\/2025\\\/07\\\/samarretes-vida-lactia-samarreta-recta-xauar-catxar-jaure-frontal.png\",\"width\":1920,\"height\":1542,\"caption\":\"samarretes vida lactia samarreta recta xauar catxar jaure frontal\"},{\"@type\":\"BreadcrumbList\",\"@id\":\"https:\\\/\\\/www.vidalactia.com\\\/producte\\\/samarreta-xauar-catxar-jaure-recta\\\/#breadcrumb\",\"itemListElement\":[{\"@type\":\"ListItem\",\"position\":1,\"name\":\"Home\",\"item\":\"https:\\\/\\\/www.vidalactia.com\\\/\"},{\"@type\":\"ListItem\",\"position\":2,\"name\":\"Shop\",\"item\":\"https:\\\/\\\/www.vidalactia.com\\\/shop\\\/\"},{\"@type\":\"ListItem\",\"position\":3,\"name\":\"Samarreta Xauar, Catxar i Jaure recta\"}]},{\"@type\":\"WebSite\",\"@id\":\"https:\\\/\\\/www.vidalactia.com\\\/#website\",\"url\":\"https:\\\/\\\/www.vidalactia.com\\\/\",\"name\":\"Vida L\u00e0ctia\",\"description\":\"Maternitat, Crian\u00e7a i Sostenibilitat\",\"publisher\":{\"@id\":\"https:\\\/\\\/www.vidalactia.com\\\/#organization\"},\"potentialAction\":[{\"@type\":\"SearchAction\",\"target\":{\"@type\":\"EntryPoint\",\"urlTemplate\":\"https:\\\/\\\/www.vidalactia.com\\\/?s={search_term_string}\"},\"query-input\":{\"@type\":\"PropertyValueSpecification\",\"valueRequired\":true,\"valueName\":\"search_term_string\"}}],\"inLanguage\":\"es\"},{\"@type\":\"Organization\",\"@id\":\"https:\\\/\\\/www.vidalactia.com\\\/#organization\",\"name\":\"Vida L\u00e0ctia\",\"url\":\"https:\\\/\\\/www.vidalactia.com\\\/\",\"logo\":{\"@type\":\"ImageObject\",\"inLanguage\":\"es\",\"@id\":\"https:\\\/\\\/www.vidalactia.com\\\/#\\\/schema\\\/logo\\\/image\\\/\",\"url\":\"https:\\\/\\\/www.vidalactia.com\\\/wp-content\\\/uploads\\\/2024\\\/07\\\/logo_vida_lactia_final.svg\",\"contentUrl\":\"https:\\\/\\\/www.vidalactia.com\\\/wp-content\\\/uploads\\\/2024\\\/07\\\/logo_vida_lactia_final.svg\",\"width\":123,\"height\":29,\"caption\":\"Vida L\u00e0ctia\"},\"image\":{\"@id\":\"https:\\\/\\\/www.vidalactia.com\\\/#\\\/schema\\\/logo\\\/image\\\/\"},\"sameAs\":[\"https:\\\/\\\/www.instagram.com\\\/vidalactia\\\/\"]}]}<\/script>\n<!-- \/ Yoast SEO plugin. -->","yoast_head_json":{"title":"Camiseta Xauar, Catxar y Jaure recta - Vida L\u00e0ctia","description":"Camiseta Xauar, Catxar y Jaure recta","robots":{"index":"index","follow":"follow","max-snippet":"max-snippet:-1","max-image-preview":"max-image-preview:large","max-video-preview":"max-video-preview:-1"},"canonical":"https:\/\/www.vidalactia.com\/es\/producto-2\/camiseta-charar-cachar-jaure-recta\/","og_locale":"es_ES","og_type":"article","og_title":"Samarreta Xauar, Catxar i Jaure recta - Vida L\u00e0ctia","og_description":"Samarreta Xauar, Catxar i Jaure recta","og_url":"https:\/\/www.vidalactia.com\/es\/producto-2\/camiseta-charar-cachar-jaure-recta\/","og_site_name":"Vida L\u00e0ctia","article_modified_time":"2026-01-09T09:36:51+00:00","og_image":[{"width":1920,"height":1542,"url":"https:\/\/www.vidalactia.com\/wp-content\/uploads\/2025\/07\/samarretes-vida-lactia-samarreta-recta-xauar-catxar-jaure-frontal.png","type":"image\/png"}],"twitter_card":"summary_large_image","schema":{"@context":"https:\/\/schema.org","@graph":[{"@type":"WebPage","@id":"https:\/\/www.vidalactia.com\/producte\/samarreta-xauar-catxar-jaure-recta\/","url":"https:\/\/www.vidalactia.com\/producte\/samarreta-xauar-catxar-jaure-recta\/","name":"Camiseta Xauar, Catxar y Jaure recta - Vida L\u00e0ctia","isPartOf":{"@id":"https:\/\/www.vidalactia.com\/#website"},"primaryImageOfPage":{"@id":"https:\/\/www.vidalactia.com\/producte\/samarreta-xauar-catxar-jaure-recta\/#primaryimage"},"image":{"@id":"https:\/\/www.vidalactia.com\/producte\/samarreta-xauar-catxar-jaure-recta\/#primaryimage"},"thumbnailUrl":"https:\/\/www.vidalactia.com\/wp-content\/uploads\/2025\/07\/samarretes-vida-lactia-samarreta-recta-xauar-catxar-jaure-frontal.png","datePublished":"2025-07-11T14:11:59+00:00","dateModified":"2026-01-09T09:36:51+00:00","description":"Camiseta Xauar, Catxar y Jaure recta","breadcrumb":{"@id":"https:\/\/www.vidalactia.com\/producte\/samarreta-xauar-catxar-jaure-recta\/#breadcrumb"},"inLanguage":"es","potentialAction":[{"@type":"ReadAction","target":["https:\/\/www.vidalactia.com\/producte\/samarreta-xauar-catxar-jaure-recta\/"]}]},{"@type":"ImageObject","inLanguage":"es","@id":"https:\/\/www.vidalactia.com\/producte\/samarreta-xauar-catxar-jaure-recta\/#primaryimage","url":"https:\/\/www.vidalactia.com\/wp-content\/uploads\/2025\/07\/samarretes-vida-lactia-samarreta-recta-xauar-catxar-jaure-frontal.png","contentUrl":"https:\/\/www.vidalactia.com\/wp-content\/uploads\/2025\/07\/samarretes-vida-lactia-samarreta-recta-xauar-catxar-jaure-frontal.png","width":1920,"height":1542,"caption":"samarretes vida lactia samarreta recta xauar catxar jaure frontal"},{"@type":"BreadcrumbList","@id":"https:\/\/www.vidalactia.com\/producte\/samarreta-xauar-catxar-jaure-recta\/#breadcrumb","itemListElement":[{"@type":"ListItem","position":1,"name":"Home","item":"https:\/\/www.vidalactia.com\/"},{"@type":"ListItem","position":2,"name":"Shop","item":"https:\/\/www.vidalactia.com\/shop\/"},{"@type":"ListItem","position":3,"name":"Samarreta Xauar, Catxar i Jaure recta"}]},{"@type":"WebSite","@id":"https:\/\/www.vidalactia.com\/#website","url":"https:\/\/www.vidalactia.com\/","name":"Vida L\u00e0ctia","description":"Maternidad, Crianza y Sostenibilidad","publisher":{"@id":"https:\/\/www.vidalactia.com\/#organization"},"potentialAction":[{"@type":"SearchAction","target":{"@type":"EntryPoint","urlTemplate":"https:\/\/www.vidalactia.com\/?s={search_term_string}"},"query-input":{"@type":"PropertyValueSpecification","valueRequired":true,"valueName":"search_term_string"}}],"inLanguage":"es"},{"@type":"Organization","@id":"https:\/\/www.vidalactia.com\/#organization","name":"Vida L\u00e0ctia","url":"https:\/\/www.vidalactia.com\/","logo":{"@type":"ImageObject","inLanguage":"es","@id":"https:\/\/www.vidalactia.com\/#\/schema\/logo\/image\/","url":"https:\/\/www.vidalactia.com\/wp-content\/uploads\/2024\/07\/logo_vida_lactia_final.svg","contentUrl":"https:\/\/www.vidalactia.com\/wp-content\/uploads\/2024\/07\/logo_vida_lactia_final.svg","width":123,"height":29,"caption":"Vida L\u00e0ctia"},"image":{"@id":"https:\/\/www.vidalactia.com\/#\/schema\/logo\/image\/"},"sameAs":["https:\/\/www.instagram.com\/vidalactia\/"]}]}},"_links":{"self":[{"href":"https:\/\/www.vidalactia.com\/es\/wp-json\/wp\/v2\/product\/12085","targetHints":{"allow":["GET"]}}],"collection":[{"href":"https:\/\/www.vidalactia.com\/es\/wp-json\/wp\/v2\/product"}],"about":[{"href":"https:\/\/www.vidalactia.com\/es\/wp-json\/wp\/v2\/types\/product"}],"version-history":[{"count":4,"href":"https:\/\/www.vidalactia.com\/es\/wp-json\/wp\/v2\/product\/12085\/revisions"}],"predecessor-version":[{"id":25925,"href":"https:\/\/www.vidalactia.com\/es\/wp-json\/wp\/v2\/product\/12085\/revisions\/25925"}],"wp:featuredmedia":[{"embeddable":true,"href":"https:\/\/www.vidalactia.com\/es\/wp-json\/wp\/v2\/media\/12196"}],"wp:attachment":[{"href":"https:\/\/www.vidalactia.com\/es\/wp-json\/wp\/v2\/media?parent=12085"}],"wp:term":[{"taxonomy":"product_brand","embeddable":true,"href":"https:\/\/www.vidalactia.com\/es\/wp-json\/wp\/v2\/product_brand?post=12085"},{"taxonomy":"product_cat","embeddable":true,"href":"https:\/\/www.vidalactia.com\/es\/wp-json\/wp\/v2\/product_cat?post=12085"},{"taxonomy":"product_tag","embeddable":true,"href":"https:\/\/www.vidalactia.com\/es\/wp-json\/wp\/v2\/product_tag?post=12085"}],"curies":[{"name":"wp","href":"https:\/\/api.w.org\/{rel}","templated":true}]}}