{"id":1694,"date":"2025-04-10T16:27:26","date_gmt":"2025-04-10T14:27:26","guid":{"rendered":"https:\/\/www.vidalactia.com\/?post_type=product&#038;p=1694"},"modified":"2025-04-10T16:27:26","modified_gmt":"2025-04-10T14:27:26","slug":"chupete-zoco-pajares","status":"publish","type":"product","link":"https:\/\/www.vidalactia.com\/es\/producte\/xumet-soc-pallares\/","title":{"rendered":"Chumet Soc Pallar\u00e8s"},"content":{"rendered":"<p>Chupete 0-6 meses, tetina anat\u00f3mica l\u00e1tex<\/p>","protected":false},"excerpt":{"rendered":"<p>Chupete 0-6 meses, tetina anat\u00f3mica l\u00e1tex<\/p>","protected":false},"featured_media":1688,"template":"","meta":{"_joinchat":[]},"product_brand":[],"product_cat":[52],"product_tag":[],"class_list":{"0":"post-1694","1":"product","2":"type-product","3":"status-publish","4":"has-post-thumbnail","6":"product_cat-maternitat-crianca","8":"first","9":"instock","10":"taxable","11":"shipping-taxable","12":"purchasable","13":"product-type-simple"},"acf":[],"yoast_head":"<!-- This site is optimized with the Yoast SEO plugin v27.4 - https:\/\/yoast.com\/product\/yoast-seo-wordpress\/ -->\n<title>Xumet Soc Pallar\u00e8s - Vida L\u00e0ctia<\/title>\n<meta name=\"description\" content=\"Xumet 0-6 mesos, tetina anat\u00f2mica l\u00e0tex\" \/>\n<meta name=\"robots\" content=\"index, follow, max-snippet:-1, max-image-preview:large, max-video-preview:-1\" \/>\n<link rel=\"canonical\" href=\"https:\/\/www.vidalactia.com\/es\/producto-2\/chupete-zoco-pajares\/\" \/>\n<meta property=\"og:locale\" content=\"es_ES\" \/>\n<meta property=\"og:type\" content=\"article\" \/>\n<meta property=\"og:title\" content=\"Xumet Soc Pallar\u00e8s - Vida L\u00e0ctia\" \/>\n<meta property=\"og:description\" content=\"Xumet 0-6 mesos, tetina anat\u00f2mica l\u00e0tex\" \/>\n<meta property=\"og:url\" content=\"https:\/\/www.vidalactia.com\/es\/producto-2\/chupete-zoco-pajares\/\" \/>\n<meta property=\"og:site_name\" content=\"Vida L\u00e0ctia\" \/>\n<meta property=\"og:image\" content=\"https:\/\/www.vidalactia.com\/wp-content\/uploads\/2025\/04\/xumet-soc-pallares.jpeg\" \/>\n\t<meta property=\"og:image:width\" content=\"1152\" \/>\n\t<meta property=\"og:image:height\" content=\"2048\" \/>\n\t<meta property=\"og:image:type\" content=\"image\/jpeg\" \/>\n<meta name=\"twitter:card\" content=\"summary_large_image\" \/>\n<script type=\"application\/ld+json\" class=\"yoast-schema-graph\">{\"@context\":\"https:\\\/\\\/schema.org\",\"@graph\":[{\"@type\":\"WebPage\",\"@id\":\"https:\\\/\\\/www.vidalactia.com\\\/producte\\\/xumet-soc-pallares\\\/\",\"url\":\"https:\\\/\\\/www.vidalactia.com\\\/producte\\\/xumet-soc-pallares\\\/\",\"name\":\"Xumet Soc Pallar\u00e8s - Vida L\u00e0ctia\",\"isPartOf\":{\"@id\":\"https:\\\/\\\/www.vidalactia.com\\\/#website\"},\"primaryImageOfPage\":{\"@id\":\"https:\\\/\\\/www.vidalactia.com\\\/producte\\\/xumet-soc-pallares\\\/#primaryimage\"},\"image\":{\"@id\":\"https:\\\/\\\/www.vidalactia.com\\\/producte\\\/xumet-soc-pallares\\\/#primaryimage\"},\"thumbnailUrl\":\"https:\\\/\\\/www.vidalactia.com\\\/wp-content\\\/uploads\\\/2025\\\/04\\\/xumet-soc-pallares.jpeg\",\"datePublished\":\"2025-04-10T14:27:26+00:00\",\"description\":\"Xumet 0-6 mesos, tetina anat\u00f2mica l\u00e0tex\",\"breadcrumb\":{\"@id\":\"https:\\\/\\\/www.vidalactia.com\\\/producte\\\/xumet-soc-pallares\\\/#breadcrumb\"},\"inLanguage\":\"es\",\"potentialAction\":[{\"@type\":\"ReadAction\",\"target\":[\"https:\\\/\\\/www.vidalactia.com\\\/producte\\\/xumet-soc-pallares\\\/\"]}]},{\"@type\":\"ImageObject\",\"inLanguage\":\"es\",\"@id\":\"https:\\\/\\\/www.vidalactia.com\\\/producte\\\/xumet-soc-pallares\\\/#primaryimage\",\"url\":\"https:\\\/\\\/www.vidalactia.com\\\/wp-content\\\/uploads\\\/2025\\\/04\\\/xumet-soc-pallares.jpeg\",\"contentUrl\":\"https:\\\/\\\/www.vidalactia.com\\\/wp-content\\\/uploads\\\/2025\\\/04\\\/xumet-soc-pallares.jpeg\",\"width\":1152,\"height\":2048,\"caption\":\"xumet soc pallares\"},{\"@type\":\"BreadcrumbList\",\"@id\":\"https:\\\/\\\/www.vidalactia.com\\\/producte\\\/xumet-soc-pallares\\\/#breadcrumb\",\"itemListElement\":[{\"@type\":\"ListItem\",\"position\":1,\"name\":\"Home\",\"item\":\"https:\\\/\\\/www.vidalactia.com\\\/\"},{\"@type\":\"ListItem\",\"position\":2,\"name\":\"Shop\",\"item\":\"https:\\\/\\\/www.vidalactia.com\\\/shop\\\/\"},{\"@type\":\"ListItem\",\"position\":3,\"name\":\"Xumet Soc Pallar\u00e8s\"}]},{\"@type\":\"WebSite\",\"@id\":\"https:\\\/\\\/www.vidalactia.com\\\/#website\",\"url\":\"https:\\\/\\\/www.vidalactia.com\\\/\",\"name\":\"Vida L\u00e0ctia\",\"description\":\"Maternitat, Crian\u00e7a i Sostenibilitat\",\"publisher\":{\"@id\":\"https:\\\/\\\/www.vidalactia.com\\\/#organization\"},\"potentialAction\":[{\"@type\":\"SearchAction\",\"target\":{\"@type\":\"EntryPoint\",\"urlTemplate\":\"https:\\\/\\\/www.vidalactia.com\\\/?s={search_term_string}\"},\"query-input\":{\"@type\":\"PropertyValueSpecification\",\"valueRequired\":true,\"valueName\":\"search_term_string\"}}],\"inLanguage\":\"es\"},{\"@type\":\"Organization\",\"@id\":\"https:\\\/\\\/www.vidalactia.com\\\/#organization\",\"name\":\"Vida L\u00e0ctia\",\"url\":\"https:\\\/\\\/www.vidalactia.com\\\/\",\"logo\":{\"@type\":\"ImageObject\",\"inLanguage\":\"es\",\"@id\":\"https:\\\/\\\/www.vidalactia.com\\\/#\\\/schema\\\/logo\\\/image\\\/\",\"url\":\"https:\\\/\\\/www.vidalactia.com\\\/wp-content\\\/uploads\\\/2024\\\/07\\\/logo_vida_lactia_final.svg\",\"contentUrl\":\"https:\\\/\\\/www.vidalactia.com\\\/wp-content\\\/uploads\\\/2024\\\/07\\\/logo_vida_lactia_final.svg\",\"width\":123,\"height\":29,\"caption\":\"Vida L\u00e0ctia\"},\"image\":{\"@id\":\"https:\\\/\\\/www.vidalactia.com\\\/#\\\/schema\\\/logo\\\/image\\\/\"},\"sameAs\":[\"https:\\\/\\\/www.instagram.com\\\/vidalactia\\\/\"]}]}<\/script>\n<!-- \/ Yoast SEO plugin. -->","yoast_head_json":{"title":"Chumet Soc Pallar\u00e8s - Vida L\u00e0ctia","description":"Chupete 0-6 meses, tetina anat\u00f3mica l\u00e1tex","robots":{"index":"index","follow":"follow","max-snippet":"max-snippet:-1","max-image-preview":"max-image-preview:large","max-video-preview":"max-video-preview:-1"},"canonical":"https:\/\/www.vidalactia.com\/es\/producto-2\/chupete-zoco-pajares\/","og_locale":"es_ES","og_type":"article","og_title":"Xumet Soc Pallar\u00e8s - Vida L\u00e0ctia","og_description":"Xumet 0-6 mesos, tetina anat\u00f2mica l\u00e0tex","og_url":"https:\/\/www.vidalactia.com\/es\/producto-2\/chupete-zoco-pajares\/","og_site_name":"Vida L\u00e0ctia","og_image":[{"width":1152,"height":2048,"url":"https:\/\/www.vidalactia.com\/wp-content\/uploads\/2025\/04\/xumet-soc-pallares.jpeg","type":"image\/jpeg"}],"twitter_card":"summary_large_image","schema":{"@context":"https:\/\/schema.org","@graph":[{"@type":"WebPage","@id":"https:\/\/www.vidalactia.com\/producte\/xumet-soc-pallares\/","url":"https:\/\/www.vidalactia.com\/producte\/xumet-soc-pallares\/","name":"Chumet Soc Pallar\u00e8s - Vida L\u00e0ctia","isPartOf":{"@id":"https:\/\/www.vidalactia.com\/#website"},"primaryImageOfPage":{"@id":"https:\/\/www.vidalactia.com\/producte\/xumet-soc-pallares\/#primaryimage"},"image":{"@id":"https:\/\/www.vidalactia.com\/producte\/xumet-soc-pallares\/#primaryimage"},"thumbnailUrl":"https:\/\/www.vidalactia.com\/wp-content\/uploads\/2025\/04\/xumet-soc-pallares.jpeg","datePublished":"2025-04-10T14:27:26+00:00","description":"Chupete 0-6 meses, tetina anat\u00f3mica l\u00e1tex","breadcrumb":{"@id":"https:\/\/www.vidalactia.com\/producte\/xumet-soc-pallares\/#breadcrumb"},"inLanguage":"es","potentialAction":[{"@type":"ReadAction","target":["https:\/\/www.vidalactia.com\/producte\/xumet-soc-pallares\/"]}]},{"@type":"ImageObject","inLanguage":"es","@id":"https:\/\/www.vidalactia.com\/producte\/xumet-soc-pallares\/#primaryimage","url":"https:\/\/www.vidalactia.com\/wp-content\/uploads\/2025\/04\/xumet-soc-pallares.jpeg","contentUrl":"https:\/\/www.vidalactia.com\/wp-content\/uploads\/2025\/04\/xumet-soc-pallares.jpeg","width":1152,"height":2048,"caption":"xumet soc pallares"},{"@type":"BreadcrumbList","@id":"https:\/\/www.vidalactia.com\/producte\/xumet-soc-pallares\/#breadcrumb","itemListElement":[{"@type":"ListItem","position":1,"name":"Home","item":"https:\/\/www.vidalactia.com\/"},{"@type":"ListItem","position":2,"name":"Shop","item":"https:\/\/www.vidalactia.com\/shop\/"},{"@type":"ListItem","position":3,"name":"Xumet Soc Pallar\u00e8s"}]},{"@type":"WebSite","@id":"https:\/\/www.vidalactia.com\/#website","url":"https:\/\/www.vidalactia.com\/","name":"Vida L\u00e0ctia","description":"Maternidad, Crianza y Sostenibilidad","publisher":{"@id":"https:\/\/www.vidalactia.com\/#organization"},"potentialAction":[{"@type":"SearchAction","target":{"@type":"EntryPoint","urlTemplate":"https:\/\/www.vidalactia.com\/?s={search_term_string}"},"query-input":{"@type":"PropertyValueSpecification","valueRequired":true,"valueName":"search_term_string"}}],"inLanguage":"es"},{"@type":"Organization","@id":"https:\/\/www.vidalactia.com\/#organization","name":"Vida L\u00e0ctia","url":"https:\/\/www.vidalactia.com\/","logo":{"@type":"ImageObject","inLanguage":"es","@id":"https:\/\/www.vidalactia.com\/#\/schema\/logo\/image\/","url":"https:\/\/www.vidalactia.com\/wp-content\/uploads\/2024\/07\/logo_vida_lactia_final.svg","contentUrl":"https:\/\/www.vidalactia.com\/wp-content\/uploads\/2024\/07\/logo_vida_lactia_final.svg","width":123,"height":29,"caption":"Vida L\u00e0ctia"},"image":{"@id":"https:\/\/www.vidalactia.com\/#\/schema\/logo\/image\/"},"sameAs":["https:\/\/www.instagram.com\/vidalactia\/"]}]}},"_links":{"self":[{"href":"https:\/\/www.vidalactia.com\/es\/wp-json\/wp\/v2\/product\/1694","targetHints":{"allow":["GET"]}}],"collection":[{"href":"https:\/\/www.vidalactia.com\/es\/wp-json\/wp\/v2\/product"}],"about":[{"href":"https:\/\/www.vidalactia.com\/es\/wp-json\/wp\/v2\/types\/product"}],"version-history":[{"count":1,"href":"https:\/\/www.vidalactia.com\/es\/wp-json\/wp\/v2\/product\/1694\/revisions"}],"predecessor-version":[{"id":1695,"href":"https:\/\/www.vidalactia.com\/es\/wp-json\/wp\/v2\/product\/1694\/revisions\/1695"}],"wp:featuredmedia":[{"embeddable":true,"href":"https:\/\/www.vidalactia.com\/es\/wp-json\/wp\/v2\/media\/1688"}],"wp:attachment":[{"href":"https:\/\/www.vidalactia.com\/es\/wp-json\/wp\/v2\/media?parent=1694"}],"wp:term":[{"taxonomy":"product_brand","embeddable":true,"href":"https:\/\/www.vidalactia.com\/es\/wp-json\/wp\/v2\/product_brand?post=1694"},{"taxonomy":"product_cat","embeddable":true,"href":"https:\/\/www.vidalactia.com\/es\/wp-json\/wp\/v2\/product_cat?post=1694"},{"taxonomy":"product_tag","embeddable":true,"href":"https:\/\/www.vidalactia.com\/es\/wp-json\/wp\/v2\/product_tag?post=1694"}],"curies":[{"name":"wp","href":"https:\/\/api.w.org\/{rel}","templated":true}]}}