{"id":1701,"date":"2025-04-25T00:06:15","date_gmt":"2025-04-24T22:06:15","guid":{"rendered":"https:\/\/www.vidalactia.com\/?post_type=product&#038;p=1701"},"modified":"2025-07-14T13:23:26","modified_gmt":"2025-07-14T11:23:26","slug":"copa-menstrual-iriscupo-rosa","status":"publish","type":"product","link":"https:\/\/www.vidalactia.com\/es\/producte\/copa-menstrual-iriscup-rosa\/","title":{"rendered":"Copa menstrual IrisCup rosa"},"content":{"rendered":"<p class=\"p1\">Iriscup es la copa menstrual que evoluciona contigo, una alternativa ecol\u00f3gica a compresas y tampones que respeta el entorno vaginal y se adapta a tu cuerpo mientras evita fugas. <span class=\"s1\"><b>Silicona Platino<\/b><\/span>, un material qu\u00edmicamente inerte, que no provoca reacciones al\u00e9rgicas ni inflamaciones. Es completamente at\u00f3xica, inalterable, inodora y se puede esterilizar con facilidad.<\/p>\n<p>&nbsp;<\/p>\n<p class=\"p1\">Iriscup puede utilizarse incluso en mujeres con alergia a los tampones o al l\u00e1tex, siendo muy c\u00f3moda para hacer deporte, viajar, dormir o durante el uso de m\u00e9todos anticonceptivos como el DIU. Est\u00e1 disponible en dos tallas:<\/p>\n<p class=\"p1\">\u2022 Talla S: para mujeres de hasta 25 a\u00f1os que no han dado a luz<\/p>\n<p class=\"p1\">\u2022 Talla L: para mujeres mayores de 25 a\u00f1os o que han tenido hijos<\/p>\n<p>&nbsp;<\/p>\n<p class=\"p1\">Es una opci\u00f3n <span class=\"s1\"><b>econ\u00f3mica y sostenible<\/b><\/span>: se amortiza en s\u00f3lo cuatro meses y puede durar hasta <span class=\"s1\"><b>10 a\u00f1os<\/b><\/span> si se hace un buen uso. Iriscup cuenta con la <span class=\"s1\"><b>certificaci\u00f3n ISO 10993 de Biocompatibilidad<\/b><\/span>, que garantiza que su material no produce citotoxicidad, irritaciones ni sensibilizaci\u00f3n de la mucosa vaginal.<\/p>\n<p>&nbsp;<\/p>\n<p class=\"p1\">Fabricada en Espa\u00f1a.<\/p>\n<p>&nbsp;<\/p>\n<p class=\"p1\">El paquete incluye:<\/p>\n<p class=\"p1\">\u2022 1 copa menstrual de la talla escogida<\/p>\n<p class=\"p1\">\u2022 1 bolsita de algod\u00f3n para guardar y transportar la copa<\/p>","protected":false},"excerpt":{"rendered":"<p>Iriscup \u00e9s la copa menstrual que evoluciona amb tu, una alternativa ecol\u00f2gica a compreses i tampons que respecta l\u2019entorn vaginal i s\u2019adapta al teu cos mentre evita fuites. Est\u00e0 fabricada 100% amb Silicona Plat\u00ed, un material qu\u00edmicament inert, que no provoca reaccions al\u00b7l\u00e8rgiques ni inflamacions. \u00c9s completament at\u00f2xica, inalterable, inodora i es pot esterilitzar amb [&hellip;]<\/p>\n","protected":false},"featured_media":25857,"template":"","meta":{"_joinchat":[]},"product_brand":[],"product_cat":[53],"product_tag":[],"class_list":{"0":"post-1701","1":"product","2":"type-product","3":"status-publish","4":"has-post-thumbnail","6":"product_cat-ecomenstruacio","8":"first","9":"instock","10":"taxable","11":"shipping-taxable","12":"purchasable","13":"product-type-variable"},"acf":[],"yoast_head":"<!-- This site is optimized with the Yoast SEO plugin v27.4 - https:\/\/yoast.com\/product\/yoast-seo-wordpress\/ -->\n<title>Copa menstrual IrisCup rosa - Vida L\u00e0ctia<\/title>\n<meta name=\"description\" content=\"Iriscup \u00e9s la copa menstrual que evoluciona amb tu, una alternativa ecol\u00f2gica a compreses i tampons que respecta l\u2019entorn vaginal i s\u2019adapta al teu cos\" \/>\n<meta name=\"robots\" content=\"index, follow, max-snippet:-1, max-image-preview:large, max-video-preview:-1\" \/>\n<link rel=\"canonical\" href=\"https:\/\/www.vidalactia.com\/es\/producto-2\/copa-menstrual-iriscupo-rosa\/\" \/>\n<meta property=\"og:locale\" content=\"es_ES\" \/>\n<meta property=\"og:type\" content=\"article\" \/>\n<meta property=\"og:title\" content=\"Copa menstrual IrisCup rosa - Vida L\u00e0ctia\" \/>\n<meta property=\"og:description\" content=\"Iriscup \u00e9s la copa menstrual que evoluciona amb tu, una alternativa ecol\u00f2gica a compreses i tampons que respecta l\u2019entorn vaginal i s\u2019adapta al teu cos\" \/>\n<meta property=\"og:url\" content=\"https:\/\/www.vidalactia.com\/es\/producto-2\/copa-menstrual-iriscupo-rosa\/\" \/>\n<meta property=\"og:site_name\" content=\"Vida L\u00e0ctia\" \/>\n<meta property=\"article:modified_time\" content=\"2025-07-14T11:23:26+00:00\" \/>\n<meta property=\"og:image\" content=\"https:\/\/www.vidalactia.com\/wp-content\/uploads\/2025\/04\/copa-menstrual-iriscup-1.jpg\" \/>\n\t<meta property=\"og:image:width\" content=\"616\" \/>\n\t<meta property=\"og:image:height\" content=\"495\" \/>\n\t<meta property=\"og:image:type\" content=\"image\/jpeg\" \/>\n<meta name=\"twitter:card\" content=\"summary_large_image\" \/>\n<meta name=\"twitter:label1\" content=\"Tiempo de lectura\" \/>\n\t<meta name=\"twitter:data1\" content=\"1 minuto\" \/>\n<script type=\"application\/ld+json\" class=\"yoast-schema-graph\">{\"@context\":\"https:\\\/\\\/schema.org\",\"@graph\":[{\"@type\":\"WebPage\",\"@id\":\"https:\\\/\\\/www.vidalactia.com\\\/producte\\\/copa-menstrual-iriscup-rosa\\\/\",\"url\":\"https:\\\/\\\/www.vidalactia.com\\\/producte\\\/copa-menstrual-iriscup-rosa\\\/\",\"name\":\"Copa menstrual IrisCup rosa - Vida L\u00e0ctia\",\"isPartOf\":{\"@id\":\"https:\\\/\\\/www.vidalactia.com\\\/#website\"},\"primaryImageOfPage\":{\"@id\":\"https:\\\/\\\/www.vidalactia.com\\\/producte\\\/copa-menstrual-iriscup-rosa\\\/#primaryimage\"},\"image\":{\"@id\":\"https:\\\/\\\/www.vidalactia.com\\\/producte\\\/copa-menstrual-iriscup-rosa\\\/#primaryimage\"},\"thumbnailUrl\":\"https:\\\/\\\/www.vidalactia.com\\\/wp-content\\\/uploads\\\/2025\\\/04\\\/copa-menstrual-iriscup-1.jpg\",\"datePublished\":\"2025-04-24T22:06:15+00:00\",\"dateModified\":\"2025-07-14T11:23:26+00:00\",\"description\":\"Iriscup \u00e9s la copa menstrual que evoluciona amb tu, una alternativa ecol\u00f2gica a compreses i tampons que respecta l\u2019entorn vaginal i s\u2019adapta al teu cos\",\"breadcrumb\":{\"@id\":\"https:\\\/\\\/www.vidalactia.com\\\/producte\\\/copa-menstrual-iriscup-rosa\\\/#breadcrumb\"},\"inLanguage\":\"es\",\"potentialAction\":[{\"@type\":\"ReadAction\",\"target\":[\"https:\\\/\\\/www.vidalactia.com\\\/producte\\\/copa-menstrual-iriscup-rosa\\\/\"]}]},{\"@type\":\"ImageObject\",\"inLanguage\":\"es\",\"@id\":\"https:\\\/\\\/www.vidalactia.com\\\/producte\\\/copa-menstrual-iriscup-rosa\\\/#primaryimage\",\"url\":\"https:\\\/\\\/www.vidalactia.com\\\/wp-content\\\/uploads\\\/2025\\\/04\\\/copa-menstrual-iriscup-1.jpg\",\"contentUrl\":\"https:\\\/\\\/www.vidalactia.com\\\/wp-content\\\/uploads\\\/2025\\\/04\\\/copa-menstrual-iriscup-1.jpg\",\"width\":616,\"height\":495,\"caption\":\"copa menstrual iriscup (1)\"},{\"@type\":\"BreadcrumbList\",\"@id\":\"https:\\\/\\\/www.vidalactia.com\\\/producte\\\/copa-menstrual-iriscup-rosa\\\/#breadcrumb\",\"itemListElement\":[{\"@type\":\"ListItem\",\"position\":1,\"name\":\"Home\",\"item\":\"https:\\\/\\\/www.vidalactia.com\\\/\"},{\"@type\":\"ListItem\",\"position\":2,\"name\":\"Shop\",\"item\":\"https:\\\/\\\/www.vidalactia.com\\\/shop\\\/\"},{\"@type\":\"ListItem\",\"position\":3,\"name\":\"Copa menstrual IrisCup rosa\"}]},{\"@type\":\"WebSite\",\"@id\":\"https:\\\/\\\/www.vidalactia.com\\\/#website\",\"url\":\"https:\\\/\\\/www.vidalactia.com\\\/\",\"name\":\"Vida L\u00e0ctia\",\"description\":\"Maternitat, Crian\u00e7a i Sostenibilitat\",\"publisher\":{\"@id\":\"https:\\\/\\\/www.vidalactia.com\\\/#organization\"},\"potentialAction\":[{\"@type\":\"SearchAction\",\"target\":{\"@type\":\"EntryPoint\",\"urlTemplate\":\"https:\\\/\\\/www.vidalactia.com\\\/?s={search_term_string}\"},\"query-input\":{\"@type\":\"PropertyValueSpecification\",\"valueRequired\":true,\"valueName\":\"search_term_string\"}}],\"inLanguage\":\"es\"},{\"@type\":\"Organization\",\"@id\":\"https:\\\/\\\/www.vidalactia.com\\\/#organization\",\"name\":\"Vida L\u00e0ctia\",\"url\":\"https:\\\/\\\/www.vidalactia.com\\\/\",\"logo\":{\"@type\":\"ImageObject\",\"inLanguage\":\"es\",\"@id\":\"https:\\\/\\\/www.vidalactia.com\\\/#\\\/schema\\\/logo\\\/image\\\/\",\"url\":\"https:\\\/\\\/www.vidalactia.com\\\/wp-content\\\/uploads\\\/2024\\\/07\\\/logo_vida_lactia_final.svg\",\"contentUrl\":\"https:\\\/\\\/www.vidalactia.com\\\/wp-content\\\/uploads\\\/2024\\\/07\\\/logo_vida_lactia_final.svg\",\"width\":123,\"height\":29,\"caption\":\"Vida L\u00e0ctia\"},\"image\":{\"@id\":\"https:\\\/\\\/www.vidalactia.com\\\/#\\\/schema\\\/logo\\\/image\\\/\"},\"sameAs\":[\"https:\\\/\\\/www.instagram.com\\\/vidalactia\\\/\"]}]}<\/script>\n<!-- \/ Yoast SEO plugin. -->","yoast_head_json":{"title":"Copa menstrual IrisCup rosa - Vida L\u00e0ctia","description":"Iriscup es la copa menstrual que evoluciona contigo, una alternativa ecol\u00f3gica a compresas y tampones que respeta el entorno vaginal y se adapta a tu cuerpo","robots":{"index":"index","follow":"follow","max-snippet":"max-snippet:-1","max-image-preview":"max-image-preview:large","max-video-preview":"max-video-preview:-1"},"canonical":"https:\/\/www.vidalactia.com\/es\/producto-2\/copa-menstrual-iriscupo-rosa\/","og_locale":"es_ES","og_type":"article","og_title":"Copa menstrual IrisCup rosa - Vida L\u00e0ctia","og_description":"Iriscup \u00e9s la copa menstrual que evoluciona amb tu, una alternativa ecol\u00f2gica a compreses i tampons que respecta l\u2019entorn vaginal i s\u2019adapta al teu cos","og_url":"https:\/\/www.vidalactia.com\/es\/producto-2\/copa-menstrual-iriscupo-rosa\/","og_site_name":"Vida L\u00e0ctia","article_modified_time":"2025-07-14T11:23:26+00:00","og_image":[{"width":616,"height":495,"url":"https:\/\/www.vidalactia.com\/wp-content\/uploads\/2025\/04\/copa-menstrual-iriscup-1.jpg","type":"image\/jpeg"}],"twitter_card":"summary_large_image","twitter_misc":{"Tiempo de lectura":"1 minuto"},"schema":{"@context":"https:\/\/schema.org","@graph":[{"@type":"WebPage","@id":"https:\/\/www.vidalactia.com\/producte\/copa-menstrual-iriscup-rosa\/","url":"https:\/\/www.vidalactia.com\/producte\/copa-menstrual-iriscup-rosa\/","name":"Copa menstrual IrisCup rosa - Vida L\u00e0ctia","isPartOf":{"@id":"https:\/\/www.vidalactia.com\/#website"},"primaryImageOfPage":{"@id":"https:\/\/www.vidalactia.com\/producte\/copa-menstrual-iriscup-rosa\/#primaryimage"},"image":{"@id":"https:\/\/www.vidalactia.com\/producte\/copa-menstrual-iriscup-rosa\/#primaryimage"},"thumbnailUrl":"https:\/\/www.vidalactia.com\/wp-content\/uploads\/2025\/04\/copa-menstrual-iriscup-1.jpg","datePublished":"2025-04-24T22:06:15+00:00","dateModified":"2025-07-14T11:23:26+00:00","description":"Iriscup es la copa menstrual que evoluciona contigo, una alternativa ecol\u00f3gica a compresas y tampones que respeta el entorno vaginal y se adapta a tu cuerpo","breadcrumb":{"@id":"https:\/\/www.vidalactia.com\/producte\/copa-menstrual-iriscup-rosa\/#breadcrumb"},"inLanguage":"es","potentialAction":[{"@type":"ReadAction","target":["https:\/\/www.vidalactia.com\/producte\/copa-menstrual-iriscup-rosa\/"]}]},{"@type":"ImageObject","inLanguage":"es","@id":"https:\/\/www.vidalactia.com\/producte\/copa-menstrual-iriscup-rosa\/#primaryimage","url":"https:\/\/www.vidalactia.com\/wp-content\/uploads\/2025\/04\/copa-menstrual-iriscup-1.jpg","contentUrl":"https:\/\/www.vidalactia.com\/wp-content\/uploads\/2025\/04\/copa-menstrual-iriscup-1.jpg","width":616,"height":495,"caption":"copa menstrual iriscup (1)"},{"@type":"BreadcrumbList","@id":"https:\/\/www.vidalactia.com\/producte\/copa-menstrual-iriscup-rosa\/#breadcrumb","itemListElement":[{"@type":"ListItem","position":1,"name":"Home","item":"https:\/\/www.vidalactia.com\/"},{"@type":"ListItem","position":2,"name":"Shop","item":"https:\/\/www.vidalactia.com\/shop\/"},{"@type":"ListItem","position":3,"name":"Copa menstrual IrisCup rosa"}]},{"@type":"WebSite","@id":"https:\/\/www.vidalactia.com\/#website","url":"https:\/\/www.vidalactia.com\/","name":"Vida L\u00e0ctia","description":"Maternidad, Crianza y Sostenibilidad","publisher":{"@id":"https:\/\/www.vidalactia.com\/#organization"},"potentialAction":[{"@type":"SearchAction","target":{"@type":"EntryPoint","urlTemplate":"https:\/\/www.vidalactia.com\/?s={search_term_string}"},"query-input":{"@type":"PropertyValueSpecification","valueRequired":true,"valueName":"search_term_string"}}],"inLanguage":"es"},{"@type":"Organization","@id":"https:\/\/www.vidalactia.com\/#organization","name":"Vida L\u00e0ctia","url":"https:\/\/www.vidalactia.com\/","logo":{"@type":"ImageObject","inLanguage":"es","@id":"https:\/\/www.vidalactia.com\/#\/schema\/logo\/image\/","url":"https:\/\/www.vidalactia.com\/wp-content\/uploads\/2024\/07\/logo_vida_lactia_final.svg","contentUrl":"https:\/\/www.vidalactia.com\/wp-content\/uploads\/2024\/07\/logo_vida_lactia_final.svg","width":123,"height":29,"caption":"Vida L\u00e0ctia"},"image":{"@id":"https:\/\/www.vidalactia.com\/#\/schema\/logo\/image\/"},"sameAs":["https:\/\/www.instagram.com\/vidalactia\/"]}]}},"_links":{"self":[{"href":"https:\/\/www.vidalactia.com\/es\/wp-json\/wp\/v2\/product\/1701","targetHints":{"allow":["GET"]}}],"collection":[{"href":"https:\/\/www.vidalactia.com\/es\/wp-json\/wp\/v2\/product"}],"about":[{"href":"https:\/\/www.vidalactia.com\/es\/wp-json\/wp\/v2\/types\/product"}],"version-history":[{"count":3,"href":"https:\/\/www.vidalactia.com\/es\/wp-json\/wp\/v2\/product\/1701\/revisions"}],"predecessor-version":[{"id":25856,"href":"https:\/\/www.vidalactia.com\/es\/wp-json\/wp\/v2\/product\/1701\/revisions\/25856"}],"wp:featuredmedia":[{"embeddable":true,"href":"https:\/\/www.vidalactia.com\/es\/wp-json\/wp\/v2\/media\/25857"}],"wp:attachment":[{"href":"https:\/\/www.vidalactia.com\/es\/wp-json\/wp\/v2\/media?parent=1701"}],"wp:term":[{"taxonomy":"product_brand","embeddable":true,"href":"https:\/\/www.vidalactia.com\/es\/wp-json\/wp\/v2\/product_brand?post=1701"},{"taxonomy":"product_cat","embeddable":true,"href":"https:\/\/www.vidalactia.com\/es\/wp-json\/wp\/v2\/product_cat?post=1701"},{"taxonomy":"product_tag","embeddable":true,"href":"https:\/\/www.vidalactia.com\/es\/wp-json\/wp\/v2\/product_tag?post=1701"}],"curies":[{"name":"wp","href":"https:\/\/api.w.org\/{rel}","templated":true}]}}