{"id":26617,"date":"2025-08-19T11:18:52","date_gmt":"2025-08-19T09:18:52","guid":{"rendered":"https:\/\/www.vidalactia.com\/?post_type=product&#038;p=26617"},"modified":"2026-01-09T09:38:29","modified_gmt":"2026-01-09T08:38:29","slug":"camiseta-orgullo-rural-infantil","status":"publish","type":"product","link":"https:\/\/www.vidalactia.com\/es\/producte\/samarreta-orgull-rural-infantil\/","title":{"rendered":"Camiseta Orgullo Rural infantil"},"content":{"rendered":"<p>Una camiseta que dice alto y claro lo que muchas personas sienten en silencio. Esta frase, elegida como ganadora del concurso del d\u00e9cimo aniversario de Vida L\u00e0ctia, es mucho m\u00e1s que un lema: es una declaraci\u00f3n de intenciones. Y coincide tambi\u00e9n con el estreno de nuestra tienda online, como un grito de arraigo y futuro.<\/p>\n<p>&nbsp;<\/p>\n<p>Con un dise\u00f1o limpio y directo, te permite elegir el color de la camiseta y de la frase, para que la lleves a tu modo. Est\u00e1 confeccionada con algod\u00f3n 100% org\u00e1nico, suave, c\u00f3modo y resistente, ideal para utilizarla tan a menudo como sea necesario. Una pieza para mostrar con orgullo de d\u00f3nde vienes y hacia d\u00f3nde vas.<\/p>\n<p>&nbsp;<\/p>\n<p>Disponible s\u00f3lo a Vida L\u00e0ctia ya precio muy especial.<\/p>\n<p>&nbsp;<\/p>\n<p><a href=\"https:\/\/www.vidalactia.com\/wp-content\/uploads\/2025\/07\/Higg-Index.pdf\" target=\"_blank\" rel=\"noopener\">Certificaci\u00f3n HIGG \u00cdNDICE<\/a> | <a href=\"https:\/\/www.vidalactia.com\/wp-content\/uploads\/2025\/07\/Certificat-CQ-OEKO-TEX_5_FR-UK.pdf\" target=\"_blank\" rel=\"noopener\">Certificaci\u00f3n OEKOTEX5<\/a> | <a href=\"https:\/\/www.vidalactia.com\/wp-content\/uploads\/2025\/07\/OCS.pdf\" target=\"_blank\" rel=\"noopener\">Certificaciones ORGANIC BLENDED y ORGANIC 100<\/a>\u00a0| <a href=\"https:\/\/www.vidalactia.com\/wp-content\/uploads\/2025\/07\/PETA_SOLOGROUP.pdf\" target=\"_blank\" rel=\"noopener\">Certificaci\u00f3n PETA<\/a><\/p>","protected":false},"excerpt":{"rendered":"<p>Camiseta Orgullo Rural infantil<\/p>","protected":false},"featured_media":29216,"template":"","meta":{"_joinchat":[]},"product_brand":[],"product_cat":[51,86],"product_tag":[],"class_list":{"0":"post-26617","1":"product","2":"type-product","3":"status-publish","4":"has-post-thumbnail","6":"product_cat-artesania-regals","7":"product_cat-orgull-rural","9":"first","10":"instock","11":"taxable","12":"shipping-taxable","13":"purchasable","14":"product-type-variable","15":"has-default-attributes"},"acf":[],"yoast_head":"<!-- This site is optimized with the Yoast SEO plugin v27.4 - https:\/\/yoast.com\/product\/yoast-seo-wordpress\/ -->\n<title>Samarreta Orgull Rural infantil - Vida L\u00e0ctia<\/title>\n<meta name=\"description\" content=\"Samarreta Orgull Rural infantil\" \/>\n<meta name=\"robots\" content=\"index, follow, max-snippet:-1, max-image-preview:large, max-video-preview:-1\" \/>\n<link rel=\"canonical\" href=\"https:\/\/www.vidalactia.com\/es\/producto-2\/camiseta-orgullo-rural-infantil\/\" \/>\n<meta property=\"og:locale\" content=\"es_ES\" \/>\n<meta property=\"og:type\" content=\"article\" \/>\n<meta property=\"og:title\" content=\"Samarreta Orgull Rural infantil - Vida L\u00e0ctia\" \/>\n<meta property=\"og:description\" content=\"Samarreta Orgull Rural infantil\" \/>\n<meta property=\"og:url\" content=\"https:\/\/www.vidalactia.com\/es\/producto-2\/camiseta-orgullo-rural-infantil\/\" \/>\n<meta property=\"og:site_name\" content=\"Vida L\u00e0ctia\" \/>\n<meta property=\"article:modified_time\" content=\"2026-01-09T08:38:29+00:00\" \/>\n<meta property=\"og:image\" content=\"https:\/\/www.vidalactia.com\/wp-content\/uploads\/2025\/08\/samarretes-orgull-rural-infantil-blanc-negre.png\" \/>\n\t<meta property=\"og:image:width\" content=\"600\" \/>\n\t<meta property=\"og:image:height\" content=\"482\" \/>\n\t<meta property=\"og:image:type\" content=\"image\/png\" \/>\n<meta name=\"twitter:card\" content=\"summary_large_image\" \/>\n<meta name=\"twitter:label1\" content=\"Tiempo de lectura\" \/>\n\t<meta name=\"twitter:data1\" content=\"1 minuto\" \/>\n<script type=\"application\/ld+json\" class=\"yoast-schema-graph\">{\"@context\":\"https:\\\/\\\/schema.org\",\"@graph\":[{\"@type\":\"WebPage\",\"@id\":\"https:\\\/\\\/www.vidalactia.com\\\/producte\\\/samarreta-orgull-rural-infantil\\\/\",\"url\":\"https:\\\/\\\/www.vidalactia.com\\\/producte\\\/samarreta-orgull-rural-infantil\\\/\",\"name\":\"Samarreta Orgull Rural infantil - Vida L\u00e0ctia\",\"isPartOf\":{\"@id\":\"https:\\\/\\\/www.vidalactia.com\\\/#website\"},\"primaryImageOfPage\":{\"@id\":\"https:\\\/\\\/www.vidalactia.com\\\/producte\\\/samarreta-orgull-rural-infantil\\\/#primaryimage\"},\"image\":{\"@id\":\"https:\\\/\\\/www.vidalactia.com\\\/producte\\\/samarreta-orgull-rural-infantil\\\/#primaryimage\"},\"thumbnailUrl\":\"https:\\\/\\\/www.vidalactia.com\\\/wp-content\\\/uploads\\\/2025\\\/08\\\/samarretes-orgull-rural-infantil-blanc-negre.png\",\"datePublished\":\"2025-08-19T09:18:52+00:00\",\"dateModified\":\"2026-01-09T08:38:29+00:00\",\"description\":\"Samarreta Orgull Rural infantil\",\"breadcrumb\":{\"@id\":\"https:\\\/\\\/www.vidalactia.com\\\/producte\\\/samarreta-orgull-rural-infantil\\\/#breadcrumb\"},\"inLanguage\":\"es\",\"potentialAction\":[{\"@type\":\"ReadAction\",\"target\":[\"https:\\\/\\\/www.vidalactia.com\\\/producte\\\/samarreta-orgull-rural-infantil\\\/\"]}]},{\"@type\":\"ImageObject\",\"inLanguage\":\"es\",\"@id\":\"https:\\\/\\\/www.vidalactia.com\\\/producte\\\/samarreta-orgull-rural-infantil\\\/#primaryimage\",\"url\":\"https:\\\/\\\/www.vidalactia.com\\\/wp-content\\\/uploads\\\/2025\\\/08\\\/samarretes-orgull-rural-infantil-blanc-negre.png\",\"contentUrl\":\"https:\\\/\\\/www.vidalactia.com\\\/wp-content\\\/uploads\\\/2025\\\/08\\\/samarretes-orgull-rural-infantil-blanc-negre.png\",\"width\":600,\"height\":482,\"caption\":\"samarretes orgull rural infantil blanc negre\"},{\"@type\":\"BreadcrumbList\",\"@id\":\"https:\\\/\\\/www.vidalactia.com\\\/producte\\\/samarreta-orgull-rural-infantil\\\/#breadcrumb\",\"itemListElement\":[{\"@type\":\"ListItem\",\"position\":1,\"name\":\"Home\",\"item\":\"https:\\\/\\\/www.vidalactia.com\\\/\"},{\"@type\":\"ListItem\",\"position\":2,\"name\":\"Shop\",\"item\":\"https:\\\/\\\/www.vidalactia.com\\\/shop\\\/\"},{\"@type\":\"ListItem\",\"position\":3,\"name\":\"Samarreta Orgull Rural infantil\"}]},{\"@type\":\"WebSite\",\"@id\":\"https:\\\/\\\/www.vidalactia.com\\\/#website\",\"url\":\"https:\\\/\\\/www.vidalactia.com\\\/\",\"name\":\"Vida L\u00e0ctia\",\"description\":\"Maternitat, Crian\u00e7a i Sostenibilitat\",\"publisher\":{\"@id\":\"https:\\\/\\\/www.vidalactia.com\\\/#organization\"},\"potentialAction\":[{\"@type\":\"SearchAction\",\"target\":{\"@type\":\"EntryPoint\",\"urlTemplate\":\"https:\\\/\\\/www.vidalactia.com\\\/?s={search_term_string}\"},\"query-input\":{\"@type\":\"PropertyValueSpecification\",\"valueRequired\":true,\"valueName\":\"search_term_string\"}}],\"inLanguage\":\"es\"},{\"@type\":\"Organization\",\"@id\":\"https:\\\/\\\/www.vidalactia.com\\\/#organization\",\"name\":\"Vida L\u00e0ctia\",\"url\":\"https:\\\/\\\/www.vidalactia.com\\\/\",\"logo\":{\"@type\":\"ImageObject\",\"inLanguage\":\"es\",\"@id\":\"https:\\\/\\\/www.vidalactia.com\\\/#\\\/schema\\\/logo\\\/image\\\/\",\"url\":\"https:\\\/\\\/www.vidalactia.com\\\/wp-content\\\/uploads\\\/2024\\\/07\\\/logo_vida_lactia_final.svg\",\"contentUrl\":\"https:\\\/\\\/www.vidalactia.com\\\/wp-content\\\/uploads\\\/2024\\\/07\\\/logo_vida_lactia_final.svg\",\"width\":123,\"height\":29,\"caption\":\"Vida L\u00e0ctia\"},\"image\":{\"@id\":\"https:\\\/\\\/www.vidalactia.com\\\/#\\\/schema\\\/logo\\\/image\\\/\"},\"sameAs\":[\"https:\\\/\\\/www.instagram.com\\\/vidalactia\\\/\"]}]}<\/script>\n<!-- \/ Yoast SEO plugin. -->","yoast_head_json":{"title":"Camiseta Orgullo Rural infantil - Vida L\u00e0ctia","description":"Camiseta Orgullo Rural infantil","robots":{"index":"index","follow":"follow","max-snippet":"max-snippet:-1","max-image-preview":"max-image-preview:large","max-video-preview":"max-video-preview:-1"},"canonical":"https:\/\/www.vidalactia.com\/es\/producto-2\/camiseta-orgullo-rural-infantil\/","og_locale":"es_ES","og_type":"article","og_title":"Samarreta Orgull Rural infantil - Vida L\u00e0ctia","og_description":"Samarreta Orgull Rural infantil","og_url":"https:\/\/www.vidalactia.com\/es\/producto-2\/camiseta-orgullo-rural-infantil\/","og_site_name":"Vida L\u00e0ctia","article_modified_time":"2026-01-09T08:38:29+00:00","og_image":[{"width":600,"height":482,"url":"https:\/\/www.vidalactia.com\/wp-content\/uploads\/2025\/08\/samarretes-orgull-rural-infantil-blanc-negre.png","type":"image\/png"}],"twitter_card":"summary_large_image","twitter_misc":{"Tiempo de lectura":"1 minuto"},"schema":{"@context":"https:\/\/schema.org","@graph":[{"@type":"WebPage","@id":"https:\/\/www.vidalactia.com\/producte\/samarreta-orgull-rural-infantil\/","url":"https:\/\/www.vidalactia.com\/producte\/samarreta-orgull-rural-infantil\/","name":"Camiseta Orgullo Rural infantil - Vida L\u00e0ctia","isPartOf":{"@id":"https:\/\/www.vidalactia.com\/#website"},"primaryImageOfPage":{"@id":"https:\/\/www.vidalactia.com\/producte\/samarreta-orgull-rural-infantil\/#primaryimage"},"image":{"@id":"https:\/\/www.vidalactia.com\/producte\/samarreta-orgull-rural-infantil\/#primaryimage"},"thumbnailUrl":"https:\/\/www.vidalactia.com\/wp-content\/uploads\/2025\/08\/samarretes-orgull-rural-infantil-blanc-negre.png","datePublished":"2025-08-19T09:18:52+00:00","dateModified":"2026-01-09T08:38:29+00:00","description":"Camiseta Orgullo Rural infantil","breadcrumb":{"@id":"https:\/\/www.vidalactia.com\/producte\/samarreta-orgull-rural-infantil\/#breadcrumb"},"inLanguage":"es","potentialAction":[{"@type":"ReadAction","target":["https:\/\/www.vidalactia.com\/producte\/samarreta-orgull-rural-infantil\/"]}]},{"@type":"ImageObject","inLanguage":"es","@id":"https:\/\/www.vidalactia.com\/producte\/samarreta-orgull-rural-infantil\/#primaryimage","url":"https:\/\/www.vidalactia.com\/wp-content\/uploads\/2025\/08\/samarretes-orgull-rural-infantil-blanc-negre.png","contentUrl":"https:\/\/www.vidalactia.com\/wp-content\/uploads\/2025\/08\/samarretes-orgull-rural-infantil-blanc-negre.png","width":600,"height":482,"caption":"samarretes orgull rural infantil blanc negre"},{"@type":"BreadcrumbList","@id":"https:\/\/www.vidalactia.com\/producte\/samarreta-orgull-rural-infantil\/#breadcrumb","itemListElement":[{"@type":"ListItem","position":1,"name":"Home","item":"https:\/\/www.vidalactia.com\/"},{"@type":"ListItem","position":2,"name":"Shop","item":"https:\/\/www.vidalactia.com\/shop\/"},{"@type":"ListItem","position":3,"name":"Samarreta Orgull Rural infantil"}]},{"@type":"WebSite","@id":"https:\/\/www.vidalactia.com\/#website","url":"https:\/\/www.vidalactia.com\/","name":"Vida L\u00e0ctia","description":"Maternidad, Crianza y Sostenibilidad","publisher":{"@id":"https:\/\/www.vidalactia.com\/#organization"},"potentialAction":[{"@type":"SearchAction","target":{"@type":"EntryPoint","urlTemplate":"https:\/\/www.vidalactia.com\/?s={search_term_string}"},"query-input":{"@type":"PropertyValueSpecification","valueRequired":true,"valueName":"search_term_string"}}],"inLanguage":"es"},{"@type":"Organization","@id":"https:\/\/www.vidalactia.com\/#organization","name":"Vida L\u00e0ctia","url":"https:\/\/www.vidalactia.com\/","logo":{"@type":"ImageObject","inLanguage":"es","@id":"https:\/\/www.vidalactia.com\/#\/schema\/logo\/image\/","url":"https:\/\/www.vidalactia.com\/wp-content\/uploads\/2024\/07\/logo_vida_lactia_final.svg","contentUrl":"https:\/\/www.vidalactia.com\/wp-content\/uploads\/2024\/07\/logo_vida_lactia_final.svg","width":123,"height":29,"caption":"Vida L\u00e0ctia"},"image":{"@id":"https:\/\/www.vidalactia.com\/#\/schema\/logo\/image\/"},"sameAs":["https:\/\/www.instagram.com\/vidalactia\/"]}]}},"_links":{"self":[{"href":"https:\/\/www.vidalactia.com\/es\/wp-json\/wp\/v2\/product\/26617","targetHints":{"allow":["GET"]}}],"collection":[{"href":"https:\/\/www.vidalactia.com\/es\/wp-json\/wp\/v2\/product"}],"about":[{"href":"https:\/\/www.vidalactia.com\/es\/wp-json\/wp\/v2\/types\/product"}],"version-history":[{"count":2,"href":"https:\/\/www.vidalactia.com\/es\/wp-json\/wp\/v2\/product\/26617\/revisions"}],"predecessor-version":[{"id":29220,"href":"https:\/\/www.vidalactia.com\/es\/wp-json\/wp\/v2\/product\/26617\/revisions\/29220"}],"wp:featuredmedia":[{"embeddable":true,"href":"https:\/\/www.vidalactia.com\/es\/wp-json\/wp\/v2\/media\/29216"}],"wp:attachment":[{"href":"https:\/\/www.vidalactia.com\/es\/wp-json\/wp\/v2\/media?parent=26617"}],"wp:term":[{"taxonomy":"product_brand","embeddable":true,"href":"https:\/\/www.vidalactia.com\/es\/wp-json\/wp\/v2\/product_brand?post=26617"},{"taxonomy":"product_cat","embeddable":true,"href":"https:\/\/www.vidalactia.com\/es\/wp-json\/wp\/v2\/product_cat?post=26617"},{"taxonomy":"product_tag","embeddable":true,"href":"https:\/\/www.vidalactia.com\/es\/wp-json\/wp\/v2\/product_tag?post=26617"}],"curies":[{"name":"wp","href":"https:\/\/api.w.org\/{rel}","templated":true}]}}