{"id":29453,"date":"2025-09-03T16:03:30","date_gmt":"2025-09-03T14:03:30","guid":{"rendered":"https:\/\/www.vidalactia.com\/?post_type=product&#038;p=29453"},"modified":"2026-01-09T10:33:59","modified_gmt":"2026-01-09T09:33:59","slug":"hay-un-harto-infantil","status":"publish","type":"product","link":"https:\/\/www.vidalactia.com\/es\/producte\/nhi-ha-un-fart-infantil\/","title":{"rendered":"Camiseta Hay un harto infantil"},"content":{"rendered":"<p>Hay d\u00edas en los que todo pesa\u2026 y hay un harto. Esta camiseta exclusiva de Vida L\u00e0ctia pone palabras (pallarezas) a lo que muchas veces s\u00f3lo pensamos. Y lo hace con humor, naturalidad y mucha verdad. Una pieza para la que ya no tiene ganas de hacer ver que todo va bien y prefiere decirlo claro.<\/p>\n<p>&nbsp;<\/p>\n<p>Confeccionada con algod\u00f3n 100% org\u00e1nico, suave y c\u00f3moda, para que puedas llevarla siempre que necesites respirar hondo y seguir.<br \/>\nElige el color de la camiseta y de la frase y hazte o\u00edr, aunque sea con un suspiro estampado en el pecho.<\/p>\n<p>&nbsp;<\/p>\n<p>Disponible s\u00f3lo en Vida L\u00e0ctia. Porque s\u00ed, hay un harto, pero aqu\u00ed estamos.<\/p>\n<p>&nbsp;<\/p>\n<p><a href=\"https:\/\/www.vidalactia.com\/wp-content\/uploads\/2025\/07\/Higg-Index.pdf\" target=\"_blank\" rel=\"noopener\">Certificaci\u00f3n HIGG \u00cdNDICE<\/a> | <a href=\"https:\/\/www.vidalactia.com\/wp-content\/uploads\/2025\/07\/Certificat-CQ-OEKO-TEX_5_FR-UK.pdf\" target=\"_blank\" rel=\"noopener\">Certificaci\u00f3n OEKOTEX5<\/a> | <a href=\"https:\/\/www.vidalactia.com\/wp-content\/uploads\/2025\/07\/OCS.pdf\" target=\"_blank\" rel=\"noopener\">Certificaciones ORGANIC BLENDED y ORGANIC 100<\/a>\u00a0| <a href=\"https:\/\/www.vidalactia.com\/wp-content\/uploads\/2025\/07\/PETA_SOLOGROUP.pdf\" target=\"_blank\" rel=\"noopener\">Certificaci\u00f3n PETA<\/a><\/p>","protected":false},"excerpt":{"rendered":"<p>Camiseta Hay un harto infantil<\/p>","protected":false},"featured_media":29703,"template":"","meta":{"_joinchat":[]},"product_brand":[],"product_cat":[51,88],"product_tag":[],"class_list":{"0":"post-29453","1":"product","2":"type-product","3":"status-publish","4":"has-post-thumbnail","6":"product_cat-artesania-regals","7":"product_cat-nhi-ha-un-fart","9":"first","10":"instock","11":"taxable","12":"shipping-taxable","13":"purchasable","14":"product-type-variable","15":"has-default-attributes"},"acf":[],"yoast_head":"<!-- This site is optimized with the Yoast SEO plugin v27.4 - https:\/\/yoast.com\/product\/yoast-seo-wordpress\/ -->\n<title>Samarreta N&#039;hi ha un fart infantil - Vida L\u00e0ctia<\/title>\n<meta name=\"description\" content=\"Samarreta N&#039;hi ha un fart infantil\" \/>\n<meta name=\"robots\" content=\"index, follow, max-snippet:-1, max-image-preview:large, max-video-preview:-1\" \/>\n<link rel=\"canonical\" href=\"https:\/\/www.vidalactia.com\/es\/producto-2\/hay-un-harto-infantil\/\" \/>\n<meta property=\"og:locale\" content=\"es_ES\" \/>\n<meta property=\"og:type\" content=\"article\" \/>\n<meta property=\"og:title\" content=\"Samarreta N&#039;hi ha un fart infantil - Vida L\u00e0ctia\" \/>\n<meta property=\"og:description\" content=\"Samarreta N&#039;hi ha un fart infantil\" \/>\n<meta property=\"og:url\" content=\"https:\/\/www.vidalactia.com\/es\/producto-2\/hay-un-harto-infantil\/\" \/>\n<meta property=\"og:site_name\" content=\"Vida L\u00e0ctia\" \/>\n<meta property=\"article:modified_time\" content=\"2026-01-09T09:33:59+00:00\" \/>\n<meta property=\"og:image\" content=\"https:\/\/www.vidalactia.com\/wp-content\/uploads\/2025\/09\/samarretes-vida-lactia-samarreta-infantil-nhi-ha-un-fart-frontal-granat-1024x822.png\" \/>\n\t<meta property=\"og:image:width\" content=\"1024\" \/>\n\t<meta property=\"og:image:height\" content=\"822\" \/>\n\t<meta property=\"og:image:type\" content=\"image\/png\" \/>\n<meta name=\"twitter:card\" content=\"summary_large_image\" \/>\n<meta name=\"twitter:label1\" content=\"Tiempo de lectura\" \/>\n\t<meta name=\"twitter:data1\" content=\"1 minuto\" \/>\n<script type=\"application\/ld+json\" class=\"yoast-schema-graph\">{\"@context\":\"https:\\\/\\\/schema.org\",\"@graph\":[{\"@type\":\"WebPage\",\"@id\":\"https:\\\/\\\/www.vidalactia.com\\\/producte\\\/nhi-ha-un-fart-infantil\\\/\",\"url\":\"https:\\\/\\\/www.vidalactia.com\\\/producte\\\/nhi-ha-un-fart-infantil\\\/\",\"name\":\"Samarreta N'hi ha un fart infantil - Vida L\u00e0ctia\",\"isPartOf\":{\"@id\":\"https:\\\/\\\/www.vidalactia.com\\\/#website\"},\"primaryImageOfPage\":{\"@id\":\"https:\\\/\\\/www.vidalactia.com\\\/producte\\\/nhi-ha-un-fart-infantil\\\/#primaryimage\"},\"image\":{\"@id\":\"https:\\\/\\\/www.vidalactia.com\\\/producte\\\/nhi-ha-un-fart-infantil\\\/#primaryimage\"},\"thumbnailUrl\":\"https:\\\/\\\/www.vidalactia.com\\\/wp-content\\\/uploads\\\/2025\\\/09\\\/samarretes-vida-lactia-samarreta-infantil-nhi-ha-un-fart-frontal-granat.png\",\"datePublished\":\"2025-09-03T14:03:30+00:00\",\"dateModified\":\"2026-01-09T09:33:59+00:00\",\"description\":\"Samarreta N'hi ha un fart infantil\",\"breadcrumb\":{\"@id\":\"https:\\\/\\\/www.vidalactia.com\\\/producte\\\/nhi-ha-un-fart-infantil\\\/#breadcrumb\"},\"inLanguage\":\"es\",\"potentialAction\":[{\"@type\":\"ReadAction\",\"target\":[\"https:\\\/\\\/www.vidalactia.com\\\/producte\\\/nhi-ha-un-fart-infantil\\\/\"]}]},{\"@type\":\"ImageObject\",\"inLanguage\":\"es\",\"@id\":\"https:\\\/\\\/www.vidalactia.com\\\/producte\\\/nhi-ha-un-fart-infantil\\\/#primaryimage\",\"url\":\"https:\\\/\\\/www.vidalactia.com\\\/wp-content\\\/uploads\\\/2025\\\/09\\\/samarretes-vida-lactia-samarreta-infantil-nhi-ha-un-fart-frontal-granat.png\",\"contentUrl\":\"https:\\\/\\\/www.vidalactia.com\\\/wp-content\\\/uploads\\\/2025\\\/09\\\/samarretes-vida-lactia-samarreta-infantil-nhi-ha-un-fart-frontal-granat.png\",\"width\":1920,\"height\":1542,\"caption\":\"samarretes vida lactia samarreta infantil nhi ha un fart frontal granat\"},{\"@type\":\"BreadcrumbList\",\"@id\":\"https:\\\/\\\/www.vidalactia.com\\\/producte\\\/nhi-ha-un-fart-infantil\\\/#breadcrumb\",\"itemListElement\":[{\"@type\":\"ListItem\",\"position\":1,\"name\":\"Home\",\"item\":\"https:\\\/\\\/www.vidalactia.com\\\/\"},{\"@type\":\"ListItem\",\"position\":2,\"name\":\"Shop\",\"item\":\"https:\\\/\\\/www.vidalactia.com\\\/shop\\\/\"},{\"@type\":\"ListItem\",\"position\":3,\"name\":\"Samarreta N&#8217;hi ha un fart infantil\"}]},{\"@type\":\"WebSite\",\"@id\":\"https:\\\/\\\/www.vidalactia.com\\\/#website\",\"url\":\"https:\\\/\\\/www.vidalactia.com\\\/\",\"name\":\"Vida L\u00e0ctia\",\"description\":\"Maternitat, Crian\u00e7a i Sostenibilitat\",\"publisher\":{\"@id\":\"https:\\\/\\\/www.vidalactia.com\\\/#organization\"},\"potentialAction\":[{\"@type\":\"SearchAction\",\"target\":{\"@type\":\"EntryPoint\",\"urlTemplate\":\"https:\\\/\\\/www.vidalactia.com\\\/?s={search_term_string}\"},\"query-input\":{\"@type\":\"PropertyValueSpecification\",\"valueRequired\":true,\"valueName\":\"search_term_string\"}}],\"inLanguage\":\"es\"},{\"@type\":\"Organization\",\"@id\":\"https:\\\/\\\/www.vidalactia.com\\\/#organization\",\"name\":\"Vida L\u00e0ctia\",\"url\":\"https:\\\/\\\/www.vidalactia.com\\\/\",\"logo\":{\"@type\":\"ImageObject\",\"inLanguage\":\"es\",\"@id\":\"https:\\\/\\\/www.vidalactia.com\\\/#\\\/schema\\\/logo\\\/image\\\/\",\"url\":\"https:\\\/\\\/www.vidalactia.com\\\/wp-content\\\/uploads\\\/2024\\\/07\\\/logo_vida_lactia_final.svg\",\"contentUrl\":\"https:\\\/\\\/www.vidalactia.com\\\/wp-content\\\/uploads\\\/2024\\\/07\\\/logo_vida_lactia_final.svg\",\"width\":123,\"height\":29,\"caption\":\"Vida L\u00e0ctia\"},\"image\":{\"@id\":\"https:\\\/\\\/www.vidalactia.com\\\/#\\\/schema\\\/logo\\\/image\\\/\"},\"sameAs\":[\"https:\\\/\\\/www.instagram.com\\\/vidalactia\\\/\"]}]}<\/script>\n<!-- \/ Yoast SEO plugin. -->","yoast_head_json":{"title":"Camiseta Hay un harto infantil - Vida L\u00e0ctia","description":"Camiseta Hay un harto infantil","robots":{"index":"index","follow":"follow","max-snippet":"max-snippet:-1","max-image-preview":"max-image-preview:large","max-video-preview":"max-video-preview:-1"},"canonical":"https:\/\/www.vidalactia.com\/es\/producto-2\/hay-un-harto-infantil\/","og_locale":"es_ES","og_type":"article","og_title":"Samarreta N'hi ha un fart infantil - Vida L\u00e0ctia","og_description":"Samarreta N'hi ha un fart infantil","og_url":"https:\/\/www.vidalactia.com\/es\/producto-2\/hay-un-harto-infantil\/","og_site_name":"Vida L\u00e0ctia","article_modified_time":"2026-01-09T09:33:59+00:00","og_image":[{"width":1024,"height":822,"url":"https:\/\/www.vidalactia.com\/wp-content\/uploads\/2025\/09\/samarretes-vida-lactia-samarreta-infantil-nhi-ha-un-fart-frontal-granat-1024x822.png","type":"image\/png"}],"twitter_card":"summary_large_image","twitter_misc":{"Tiempo de lectura":"1 minuto"},"schema":{"@context":"https:\/\/schema.org","@graph":[{"@type":"WebPage","@id":"https:\/\/www.vidalactia.com\/producte\/nhi-ha-un-fart-infantil\/","url":"https:\/\/www.vidalactia.com\/producte\/nhi-ha-un-fart-infantil\/","name":"Camiseta Hay un harto infantil - Vida L\u00e0ctia","isPartOf":{"@id":"https:\/\/www.vidalactia.com\/#website"},"primaryImageOfPage":{"@id":"https:\/\/www.vidalactia.com\/producte\/nhi-ha-un-fart-infantil\/#primaryimage"},"image":{"@id":"https:\/\/www.vidalactia.com\/producte\/nhi-ha-un-fart-infantil\/#primaryimage"},"thumbnailUrl":"https:\/\/www.vidalactia.com\/wp-content\/uploads\/2025\/09\/samarretes-vida-lactia-samarreta-infantil-nhi-ha-un-fart-frontal-granat.png","datePublished":"2025-09-03T14:03:30+00:00","dateModified":"2026-01-09T09:33:59+00:00","description":"Camiseta Hay un harto infantil","breadcrumb":{"@id":"https:\/\/www.vidalactia.com\/producte\/nhi-ha-un-fart-infantil\/#breadcrumb"},"inLanguage":"es","potentialAction":[{"@type":"ReadAction","target":["https:\/\/www.vidalactia.com\/producte\/nhi-ha-un-fart-infantil\/"]}]},{"@type":"ImageObject","inLanguage":"es","@id":"https:\/\/www.vidalactia.com\/producte\/nhi-ha-un-fart-infantil\/#primaryimage","url":"https:\/\/www.vidalactia.com\/wp-content\/uploads\/2025\/09\/samarretes-vida-lactia-samarreta-infantil-nhi-ha-un-fart-frontal-granat.png","contentUrl":"https:\/\/www.vidalactia.com\/wp-content\/uploads\/2025\/09\/samarretes-vida-lactia-samarreta-infantil-nhi-ha-un-fart-frontal-granat.png","width":1920,"height":1542,"caption":"samarretes vida lactia samarreta infantil nhi ha un fart frontal granat"},{"@type":"BreadcrumbList","@id":"https:\/\/www.vidalactia.com\/producte\/nhi-ha-un-fart-infantil\/#breadcrumb","itemListElement":[{"@type":"ListItem","position":1,"name":"Home","item":"https:\/\/www.vidalactia.com\/"},{"@type":"ListItem","position":2,"name":"Shop","item":"https:\/\/www.vidalactia.com\/shop\/"},{"@type":"ListItem","position":3,"name":"Samarreta N&#8217;hi ha un fart infantil"}]},{"@type":"WebSite","@id":"https:\/\/www.vidalactia.com\/#website","url":"https:\/\/www.vidalactia.com\/","name":"Vida L\u00e0ctia","description":"Maternidad, Crianza y Sostenibilidad","publisher":{"@id":"https:\/\/www.vidalactia.com\/#organization"},"potentialAction":[{"@type":"SearchAction","target":{"@type":"EntryPoint","urlTemplate":"https:\/\/www.vidalactia.com\/?s={search_term_string}"},"query-input":{"@type":"PropertyValueSpecification","valueRequired":true,"valueName":"search_term_string"}}],"inLanguage":"es"},{"@type":"Organization","@id":"https:\/\/www.vidalactia.com\/#organization","name":"Vida L\u00e0ctia","url":"https:\/\/www.vidalactia.com\/","logo":{"@type":"ImageObject","inLanguage":"es","@id":"https:\/\/www.vidalactia.com\/#\/schema\/logo\/image\/","url":"https:\/\/www.vidalactia.com\/wp-content\/uploads\/2024\/07\/logo_vida_lactia_final.svg","contentUrl":"https:\/\/www.vidalactia.com\/wp-content\/uploads\/2024\/07\/logo_vida_lactia_final.svg","width":123,"height":29,"caption":"Vida L\u00e0ctia"},"image":{"@id":"https:\/\/www.vidalactia.com\/#\/schema\/logo\/image\/"},"sameAs":["https:\/\/www.instagram.com\/vidalactia\/"]}]}},"_links":{"self":[{"href":"https:\/\/www.vidalactia.com\/es\/wp-json\/wp\/v2\/product\/29453","targetHints":{"allow":["GET"]}}],"collection":[{"href":"https:\/\/www.vidalactia.com\/es\/wp-json\/wp\/v2\/product"}],"about":[{"href":"https:\/\/www.vidalactia.com\/es\/wp-json\/wp\/v2\/types\/product"}],"version-history":[{"count":3,"href":"https:\/\/www.vidalactia.com\/es\/wp-json\/wp\/v2\/product\/29453\/revisions"}],"predecessor-version":[{"id":29855,"href":"https:\/\/www.vidalactia.com\/es\/wp-json\/wp\/v2\/product\/29453\/revisions\/29855"}],"wp:featuredmedia":[{"embeddable":true,"href":"https:\/\/www.vidalactia.com\/es\/wp-json\/wp\/v2\/media\/29703"}],"wp:attachment":[{"href":"https:\/\/www.vidalactia.com\/es\/wp-json\/wp\/v2\/media?parent=29453"}],"wp:term":[{"taxonomy":"product_brand","embeddable":true,"href":"https:\/\/www.vidalactia.com\/es\/wp-json\/wp\/v2\/product_brand?post=29453"},{"taxonomy":"product_cat","embeddable":true,"href":"https:\/\/www.vidalactia.com\/es\/wp-json\/wp\/v2\/product_cat?post=29453"},{"taxonomy":"product_tag","embeddable":true,"href":"https:\/\/www.vidalactia.com\/es\/wp-json\/wp\/v2\/product_tag?post=29453"}],"curies":[{"name":"wp","href":"https:\/\/api.w.org\/{rel}","templated":true}]}}