{"id":29875,"date":"2025-10-15T11:02:29","date_gmt":"2025-10-15T09:02:29","guid":{"rendered":"https:\/\/www.vidalactia.com\/?post_type=product&#038;p=29875"},"modified":"2025-10-15T11:28:14","modified_gmt":"2025-10-15T09:28:14","slug":"camiseta-palestina-libre-entallada","status":"publish","type":"product","link":"https:\/\/www.vidalactia.com\/es\/producte\/samarreta-palestina-lliure-entallada\/","title":{"rendered":"Camiseta Palestina libre entallada"},"content":{"rendered":"<p class=\"p1\">Una camiseta solidaria para apoyar a la poblaci\u00f3n refugiada de Palestina. Este dise\u00f1o, con la sand\u00eda como s\u00edmbolo de resistencia e identidad, forma parte de una acci\u00f3n impulsada desde CIM \u2013 Cultura y Monta\u00f1a y Vida L\u00e0ctia.<\/p>\n<p class=\"p1\">Los beneficios obtenidos se destinan a UNRWA, la agencia de Naciones Unidas encargada de garantizar acceso a educaci\u00f3n, sanidad y servicios sociales a las personas refugiadas de Palestina en Oriente Medio.<\/p>\n<p class=\"p1\">UNRWA trabaja directamente con la poblaci\u00f3n, desarrollando proyectos propios y construyendo escuelas, cl\u00ednicas y centros para mujeres y personas con discapacidad, en contextos como Gaza, Cisjordania, Siria, L\u00edbano y Jordania.<\/p>\n<p class=\"p1\">Confeccionada en algod\u00f3n 100% org\u00e1nico, c\u00f3moda y de calidad. Llevarla es un acto de solidaridad y conciencia. Por una Palestina libre.<\/p>\n<p><a href=\"https:\/\/www.vidalactia.com\/wp-content\/uploads\/2025\/07\/Higg-Index.pdf\" target=\"_blank\" rel=\"noopener\">Certificaci\u00f3n HIGG \u00cdNDICE<\/a> | <a href=\"https:\/\/www.vidalactia.com\/wp-content\/uploads\/2025\/07\/Certificat-CQ-OEKO-TEX_5_FR-UK.pdf\" target=\"_blank\" rel=\"noopener\">Certificaci\u00f3n OEKOTEX5<\/a> | <a href=\"https:\/\/www.vidalactia.com\/wp-content\/uploads\/2025\/07\/OCS.pdf\" target=\"_blank\" rel=\"noopener\">Certificaciones ORGANIC BLENDED y ORGANIC 100<\/a>\u00a0| <a href=\"https:\/\/www.vidalactia.com\/wp-content\/uploads\/2025\/07\/PETA_SOLOGROUP.pdf\" target=\"_blank\" rel=\"noopener\">Certificaci\u00f3n PETA<\/a><\/p>","protected":false},"excerpt":{"rendered":"<p>Camiseta Palestina libre entallada<\/p>","protected":false},"featured_media":30016,"template":"","meta":{"_joinchat":[]},"product_brand":[],"product_cat":[51,81],"product_tag":[],"class_list":{"0":"post-29875","1":"product","2":"type-product","3":"status-publish","4":"has-post-thumbnail","6":"product_cat-artesania-regals","7":"product_cat-palestina-lliure","9":"first","10":"instock","11":"taxable","12":"shipping-taxable","13":"purchasable","14":"product-type-variable","15":"has-default-attributes"},"acf":[],"yoast_head":"<!-- This site is optimized with the Yoast SEO plugin v27.4 - https:\/\/yoast.com\/product\/yoast-seo-wordpress\/ -->\n<title>Samarreta Palestina lliure entallada - Vida L\u00e0ctia<\/title>\n<meta name=\"description\" content=\"Samarreta Palestina lliure entallada\" \/>\n<meta name=\"robots\" content=\"index, follow, max-snippet:-1, max-image-preview:large, max-video-preview:-1\" \/>\n<link rel=\"canonical\" href=\"https:\/\/www.vidalactia.com\/es\/producto-2\/camiseta-palestina-libre-entallada\/\" \/>\n<meta property=\"og:locale\" content=\"es_ES\" \/>\n<meta property=\"og:type\" content=\"article\" \/>\n<meta property=\"og:title\" content=\"Samarreta Palestina lliure entallada - Vida L\u00e0ctia\" \/>\n<meta property=\"og:description\" content=\"Samarreta Palestina lliure entallada\" \/>\n<meta property=\"og:url\" content=\"https:\/\/www.vidalactia.com\/es\/producto-2\/camiseta-palestina-libre-entallada\/\" \/>\n<meta property=\"og:site_name\" content=\"Vida L\u00e0ctia\" \/>\n<meta property=\"article:modified_time\" content=\"2025-10-15T09:28:14+00:00\" \/>\n<meta property=\"og:image\" content=\"https:\/\/www.vidalactia.com\/wp-content\/uploads\/2025\/10\/samarretes-sindria-palestina-samarreta-entallada-palestina-lliure-frontal-1024x822.png\" \/>\n\t<meta property=\"og:image:width\" content=\"1024\" \/>\n\t<meta property=\"og:image:height\" content=\"822\" \/>\n\t<meta property=\"og:image:type\" content=\"image\/png\" \/>\n<meta name=\"twitter:card\" content=\"summary_large_image\" \/>\n<meta name=\"twitter:label1\" content=\"Tiempo de lectura\" \/>\n\t<meta name=\"twitter:data1\" content=\"1 minuto\" \/>\n<script type=\"application\/ld+json\" class=\"yoast-schema-graph\">{\"@context\":\"https:\\\/\\\/schema.org\",\"@graph\":[{\"@type\":\"WebPage\",\"@id\":\"https:\\\/\\\/www.vidalactia.com\\\/producte\\\/samarreta-palestina-lliure-entallada\\\/\",\"url\":\"https:\\\/\\\/www.vidalactia.com\\\/producte\\\/samarreta-palestina-lliure-entallada\\\/\",\"name\":\"Samarreta Palestina lliure entallada - Vida L\u00e0ctia\",\"isPartOf\":{\"@id\":\"https:\\\/\\\/www.vidalactia.com\\\/#website\"},\"primaryImageOfPage\":{\"@id\":\"https:\\\/\\\/www.vidalactia.com\\\/producte\\\/samarreta-palestina-lliure-entallada\\\/#primaryimage\"},\"image\":{\"@id\":\"https:\\\/\\\/www.vidalactia.com\\\/producte\\\/samarreta-palestina-lliure-entallada\\\/#primaryimage\"},\"thumbnailUrl\":\"https:\\\/\\\/www.vidalactia.com\\\/wp-content\\\/uploads\\\/2025\\\/10\\\/samarretes-sindria-palestina-samarreta-entallada-palestina-lliure-frontal.png\",\"datePublished\":\"2025-10-15T09:02:29+00:00\",\"dateModified\":\"2025-10-15T09:28:14+00:00\",\"description\":\"Samarreta Palestina lliure entallada\",\"breadcrumb\":{\"@id\":\"https:\\\/\\\/www.vidalactia.com\\\/producte\\\/samarreta-palestina-lliure-entallada\\\/#breadcrumb\"},\"inLanguage\":\"es\",\"potentialAction\":[{\"@type\":\"ReadAction\",\"target\":[\"https:\\\/\\\/www.vidalactia.com\\\/producte\\\/samarreta-palestina-lliure-entallada\\\/\"]}]},{\"@type\":\"ImageObject\",\"inLanguage\":\"es\",\"@id\":\"https:\\\/\\\/www.vidalactia.com\\\/producte\\\/samarreta-palestina-lliure-entallada\\\/#primaryimage\",\"url\":\"https:\\\/\\\/www.vidalactia.com\\\/wp-content\\\/uploads\\\/2025\\\/10\\\/samarretes-sindria-palestina-samarreta-entallada-palestina-lliure-frontal.png\",\"contentUrl\":\"https:\\\/\\\/www.vidalactia.com\\\/wp-content\\\/uploads\\\/2025\\\/10\\\/samarretes-sindria-palestina-samarreta-entallada-palestina-lliure-frontal.png\",\"width\":1920,\"height\":1542,\"caption\":\"samarretes sindria palestina samarreta entallada palestina lliure frontal\"},{\"@type\":\"BreadcrumbList\",\"@id\":\"https:\\\/\\\/www.vidalactia.com\\\/producte\\\/samarreta-palestina-lliure-entallada\\\/#breadcrumb\",\"itemListElement\":[{\"@type\":\"ListItem\",\"position\":1,\"name\":\"Home\",\"item\":\"https:\\\/\\\/www.vidalactia.com\\\/\"},{\"@type\":\"ListItem\",\"position\":2,\"name\":\"Shop\",\"item\":\"https:\\\/\\\/www.vidalactia.com\\\/shop\\\/\"},{\"@type\":\"ListItem\",\"position\":3,\"name\":\"Samarreta Palestina lliure entallada\"}]},{\"@type\":\"WebSite\",\"@id\":\"https:\\\/\\\/www.vidalactia.com\\\/#website\",\"url\":\"https:\\\/\\\/www.vidalactia.com\\\/\",\"name\":\"Vida L\u00e0ctia\",\"description\":\"Maternitat, Crian\u00e7a i Sostenibilitat\",\"publisher\":{\"@id\":\"https:\\\/\\\/www.vidalactia.com\\\/#organization\"},\"potentialAction\":[{\"@type\":\"SearchAction\",\"target\":{\"@type\":\"EntryPoint\",\"urlTemplate\":\"https:\\\/\\\/www.vidalactia.com\\\/?s={search_term_string}\"},\"query-input\":{\"@type\":\"PropertyValueSpecification\",\"valueRequired\":true,\"valueName\":\"search_term_string\"}}],\"inLanguage\":\"es\"},{\"@type\":\"Organization\",\"@id\":\"https:\\\/\\\/www.vidalactia.com\\\/#organization\",\"name\":\"Vida L\u00e0ctia\",\"url\":\"https:\\\/\\\/www.vidalactia.com\\\/\",\"logo\":{\"@type\":\"ImageObject\",\"inLanguage\":\"es\",\"@id\":\"https:\\\/\\\/www.vidalactia.com\\\/#\\\/schema\\\/logo\\\/image\\\/\",\"url\":\"https:\\\/\\\/www.vidalactia.com\\\/wp-content\\\/uploads\\\/2024\\\/07\\\/logo_vida_lactia_final.svg\",\"contentUrl\":\"https:\\\/\\\/www.vidalactia.com\\\/wp-content\\\/uploads\\\/2024\\\/07\\\/logo_vida_lactia_final.svg\",\"width\":123,\"height\":29,\"caption\":\"Vida L\u00e0ctia\"},\"image\":{\"@id\":\"https:\\\/\\\/www.vidalactia.com\\\/#\\\/schema\\\/logo\\\/image\\\/\"},\"sameAs\":[\"https:\\\/\\\/www.instagram.com\\\/vidalactia\\\/\"]}]}<\/script>\n<!-- \/ Yoast SEO plugin. -->","yoast_head_json":{"title":"Camiseta Palestina libre entallada - Vida L\u00e0ctia","description":"Camiseta Palestina libre entallada","robots":{"index":"index","follow":"follow","max-snippet":"max-snippet:-1","max-image-preview":"max-image-preview:large","max-video-preview":"max-video-preview:-1"},"canonical":"https:\/\/www.vidalactia.com\/es\/producto-2\/camiseta-palestina-libre-entallada\/","og_locale":"es_ES","og_type":"article","og_title":"Samarreta Palestina lliure entallada - Vida L\u00e0ctia","og_description":"Samarreta Palestina lliure entallada","og_url":"https:\/\/www.vidalactia.com\/es\/producto-2\/camiseta-palestina-libre-entallada\/","og_site_name":"Vida L\u00e0ctia","article_modified_time":"2025-10-15T09:28:14+00:00","og_image":[{"width":1024,"height":822,"url":"https:\/\/www.vidalactia.com\/wp-content\/uploads\/2025\/10\/samarretes-sindria-palestina-samarreta-entallada-palestina-lliure-frontal-1024x822.png","type":"image\/png"}],"twitter_card":"summary_large_image","twitter_misc":{"Tiempo de lectura":"1 minuto"},"schema":{"@context":"https:\/\/schema.org","@graph":[{"@type":"WebPage","@id":"https:\/\/www.vidalactia.com\/producte\/samarreta-palestina-lliure-entallada\/","url":"https:\/\/www.vidalactia.com\/producte\/samarreta-palestina-lliure-entallada\/","name":"Camiseta Palestina libre entallada - Vida L\u00e0ctia","isPartOf":{"@id":"https:\/\/www.vidalactia.com\/#website"},"primaryImageOfPage":{"@id":"https:\/\/www.vidalactia.com\/producte\/samarreta-palestina-lliure-entallada\/#primaryimage"},"image":{"@id":"https:\/\/www.vidalactia.com\/producte\/samarreta-palestina-lliure-entallada\/#primaryimage"},"thumbnailUrl":"https:\/\/www.vidalactia.com\/wp-content\/uploads\/2025\/10\/samarretes-sindria-palestina-samarreta-entallada-palestina-lliure-frontal.png","datePublished":"2025-10-15T09:02:29+00:00","dateModified":"2025-10-15T09:28:14+00:00","description":"Camiseta Palestina libre entallada","breadcrumb":{"@id":"https:\/\/www.vidalactia.com\/producte\/samarreta-palestina-lliure-entallada\/#breadcrumb"},"inLanguage":"es","potentialAction":[{"@type":"ReadAction","target":["https:\/\/www.vidalactia.com\/producte\/samarreta-palestina-lliure-entallada\/"]}]},{"@type":"ImageObject","inLanguage":"es","@id":"https:\/\/www.vidalactia.com\/producte\/samarreta-palestina-lliure-entallada\/#primaryimage","url":"https:\/\/www.vidalactia.com\/wp-content\/uploads\/2025\/10\/samarretes-sindria-palestina-samarreta-entallada-palestina-lliure-frontal.png","contentUrl":"https:\/\/www.vidalactia.com\/wp-content\/uploads\/2025\/10\/samarretes-sindria-palestina-samarreta-entallada-palestina-lliure-frontal.png","width":1920,"height":1542,"caption":"samarretes sindria palestina samarreta entallada palestina lliure frontal"},{"@type":"BreadcrumbList","@id":"https:\/\/www.vidalactia.com\/producte\/samarreta-palestina-lliure-entallada\/#breadcrumb","itemListElement":[{"@type":"ListItem","position":1,"name":"Home","item":"https:\/\/www.vidalactia.com\/"},{"@type":"ListItem","position":2,"name":"Shop","item":"https:\/\/www.vidalactia.com\/shop\/"},{"@type":"ListItem","position":3,"name":"Samarreta Palestina lliure entallada"}]},{"@type":"WebSite","@id":"https:\/\/www.vidalactia.com\/#website","url":"https:\/\/www.vidalactia.com\/","name":"Vida L\u00e0ctia","description":"Maternidad, Crianza y Sostenibilidad","publisher":{"@id":"https:\/\/www.vidalactia.com\/#organization"},"potentialAction":[{"@type":"SearchAction","target":{"@type":"EntryPoint","urlTemplate":"https:\/\/www.vidalactia.com\/?s={search_term_string}"},"query-input":{"@type":"PropertyValueSpecification","valueRequired":true,"valueName":"search_term_string"}}],"inLanguage":"es"},{"@type":"Organization","@id":"https:\/\/www.vidalactia.com\/#organization","name":"Vida L\u00e0ctia","url":"https:\/\/www.vidalactia.com\/","logo":{"@type":"ImageObject","inLanguage":"es","@id":"https:\/\/www.vidalactia.com\/#\/schema\/logo\/image\/","url":"https:\/\/www.vidalactia.com\/wp-content\/uploads\/2024\/07\/logo_vida_lactia_final.svg","contentUrl":"https:\/\/www.vidalactia.com\/wp-content\/uploads\/2024\/07\/logo_vida_lactia_final.svg","width":123,"height":29,"caption":"Vida L\u00e0ctia"},"image":{"@id":"https:\/\/www.vidalactia.com\/#\/schema\/logo\/image\/"},"sameAs":["https:\/\/www.instagram.com\/vidalactia\/"]}]}},"_links":{"self":[{"href":"https:\/\/www.vidalactia.com\/es\/wp-json\/wp\/v2\/product\/29875","targetHints":{"allow":["GET"]}}],"collection":[{"href":"https:\/\/www.vidalactia.com\/es\/wp-json\/wp\/v2\/product"}],"about":[{"href":"https:\/\/www.vidalactia.com\/es\/wp-json\/wp\/v2\/types\/product"}],"version-history":[{"count":1,"href":"https:\/\/www.vidalactia.com\/es\/wp-json\/wp\/v2\/product\/29875\/revisions"}],"predecessor-version":[{"id":30012,"href":"https:\/\/www.vidalactia.com\/es\/wp-json\/wp\/v2\/product\/29875\/revisions\/30012"}],"wp:featuredmedia":[{"embeddable":true,"href":"https:\/\/www.vidalactia.com\/es\/wp-json\/wp\/v2\/media\/30016"}],"wp:attachment":[{"href":"https:\/\/www.vidalactia.com\/es\/wp-json\/wp\/v2\/media?parent=29875"}],"wp:term":[{"taxonomy":"product_brand","embeddable":true,"href":"https:\/\/www.vidalactia.com\/es\/wp-json\/wp\/v2\/product_brand?post=29875"},{"taxonomy":"product_cat","embeddable":true,"href":"https:\/\/www.vidalactia.com\/es\/wp-json\/wp\/v2\/product_cat?post=29875"},{"taxonomy":"product_tag","embeddable":true,"href":"https:\/\/www.vidalactia.com\/es\/wp-json\/wp\/v2\/product_tag?post=29875"}],"curies":[{"name":"wp","href":"https:\/\/api.w.org\/{rel}","templated":true}]}}