{"id":34282,"date":"2026-03-06T12:34:27","date_gmt":"2026-03-06T11:34:27","guid":{"rendered":"https:\/\/www.vidalactia.com\/?post_type=product&#038;p=34282"},"modified":"2026-03-06T13:46:32","modified_gmt":"2026-03-06T12:46:32","slug":"pantalo-pana-color-mostaza","status":"publish","type":"product","link":"https:\/\/www.vidalactia.com\/es\/producte\/pantalo-pana-color-mostassa\/","title":{"rendered":"Pantal\u00f3n pana color mostaza"},"content":{"rendered":"<p data-start=\"33\" data-end=\"324\">Pantal\u00f3n confeccionado con <strong data-start=\"58\" data-end=\"110\">tejido de pana color mostaza con un 5% de elastano<\/strong>, que aporta una ligera elasticidad y hace que la prenda sea especialmente c\u00f3moda. Este material permite que el pantal\u00f3n se adapte muy bien al cuerpo, manteniendo la forma y ofreciendo libertad de movimiento durante todo el d\u00eda.<\/p>\n<p data-start=\"326\" data-end=\"565\" data-is-last-node=\"\" data-is-only-node=\"\">La <strong data-start=\"329\" data-end=\"346\">pana el\u00e1stica<\/strong> es un tejido c\u00e1lido, resistente y muy vers\u00e1til, ideal para el d\u00eda a d\u00eda. El color mostaza aporta personalidad y es f\u00e1cil de combinar, convirtiendo este pantal\u00f3n en una prenda pr\u00e1ctica y con estilo para cualquier temporada.<\/p>","protected":false},"excerpt":{"rendered":"<p>Pantal\u00f3n pana color mostaza<\/p>","protected":false},"featured_media":34939,"template":"","meta":{"_joinchat":[]},"product_brand":[],"product_cat":[51,92],"product_tag":[],"class_list":{"0":"post-34282","1":"product","2":"type-product","3":"status-publish","4":"has-post-thumbnail","6":"product_cat-artesania-regals","7":"product_cat-moda-feta-a-ma","9":"first","10":"instock","11":"sale","12":"taxable","13":"shipping-taxable","14":"purchasable","15":"product-type-variable"},"acf":[],"yoast_head":"<!-- This site is optimized with the Yoast SEO plugin v27.4 - https:\/\/yoast.com\/product\/yoast-seo-wordpress\/ -->\n<title>Pantal\u00f3 pana color mostassa - Vida L\u00e0ctia<\/title>\n<meta name=\"description\" content=\"Pantal\u00f3 pana color mostassa\" \/>\n<meta name=\"robots\" content=\"index, follow, max-snippet:-1, max-image-preview:large, max-video-preview:-1\" \/>\n<link rel=\"canonical\" href=\"https:\/\/www.vidalactia.com\/es\/producto-2\/pantalo-pana-color-mostaza\/\" \/>\n<meta property=\"og:locale\" content=\"es_ES\" \/>\n<meta property=\"og:type\" content=\"article\" \/>\n<meta property=\"og:title\" content=\"Pantal\u00f3 pana color mostassa - Vida L\u00e0ctia\" \/>\n<meta property=\"og:description\" content=\"Pantal\u00f3 pana color mostassa\" \/>\n<meta property=\"og:url\" content=\"https:\/\/www.vidalactia.com\/es\/producto-2\/pantalo-pana-color-mostaza\/\" \/>\n<meta property=\"og:site_name\" content=\"Vida L\u00e0ctia\" \/>\n<meta property=\"article:modified_time\" content=\"2026-03-06T12:46:32+00:00\" \/>\n<meta property=\"og:image\" content=\"https:\/\/www.vidalactia.com\/wp-content\/uploads\/2026\/03\/PANTALO-PANA-MOSTASSA-FRONTAL-768x1024.png\" \/>\n\t<meta property=\"og:image:width\" content=\"768\" \/>\n\t<meta property=\"og:image:height\" content=\"1024\" \/>\n\t<meta property=\"og:image:type\" content=\"image\/png\" \/>\n<meta name=\"twitter:card\" content=\"summary_large_image\" \/>\n<script type=\"application\/ld+json\" class=\"yoast-schema-graph\">{\"@context\":\"https:\\\/\\\/schema.org\",\"@graph\":[{\"@type\":\"WebPage\",\"@id\":\"https:\\\/\\\/www.vidalactia.com\\\/producte\\\/pantalo-pana-color-mostassa\\\/\",\"url\":\"https:\\\/\\\/www.vidalactia.com\\\/producte\\\/pantalo-pana-color-mostassa\\\/\",\"name\":\"Pantal\u00f3 pana color mostassa - Vida L\u00e0ctia\",\"isPartOf\":{\"@id\":\"https:\\\/\\\/www.vidalactia.com\\\/#website\"},\"primaryImageOfPage\":{\"@id\":\"https:\\\/\\\/www.vidalactia.com\\\/producte\\\/pantalo-pana-color-mostassa\\\/#primaryimage\"},\"image\":{\"@id\":\"https:\\\/\\\/www.vidalactia.com\\\/producte\\\/pantalo-pana-color-mostassa\\\/#primaryimage\"},\"thumbnailUrl\":\"https:\\\/\\\/www.vidalactia.com\\\/wp-content\\\/uploads\\\/2026\\\/03\\\/PANTALO-PANA-MOSTASSA-FRONTAL.png\",\"datePublished\":\"2026-03-06T11:34:27+00:00\",\"dateModified\":\"2026-03-06T12:46:32+00:00\",\"description\":\"Pantal\u00f3 pana color mostassa\",\"breadcrumb\":{\"@id\":\"https:\\\/\\\/www.vidalactia.com\\\/producte\\\/pantalo-pana-color-mostassa\\\/#breadcrumb\"},\"inLanguage\":\"es\",\"potentialAction\":[{\"@type\":\"ReadAction\",\"target\":[\"https:\\\/\\\/www.vidalactia.com\\\/producte\\\/pantalo-pana-color-mostassa\\\/\"]}]},{\"@type\":\"ImageObject\",\"inLanguage\":\"es\",\"@id\":\"https:\\\/\\\/www.vidalactia.com\\\/producte\\\/pantalo-pana-color-mostassa\\\/#primaryimage\",\"url\":\"https:\\\/\\\/www.vidalactia.com\\\/wp-content\\\/uploads\\\/2026\\\/03\\\/PANTALO-PANA-MOSTASSA-FRONTAL.png\",\"contentUrl\":\"https:\\\/\\\/www.vidalactia.com\\\/wp-content\\\/uploads\\\/2026\\\/03\\\/PANTALO-PANA-MOSTASSA-FRONTAL.png\",\"width\":1920,\"height\":2561,\"caption\":\"PANTAL\u00d3 PANA MOSTASSA FRONTAL\"},{\"@type\":\"BreadcrumbList\",\"@id\":\"https:\\\/\\\/www.vidalactia.com\\\/producte\\\/pantalo-pana-color-mostassa\\\/#breadcrumb\",\"itemListElement\":[{\"@type\":\"ListItem\",\"position\":1,\"name\":\"Home\",\"item\":\"https:\\\/\\\/www.vidalactia.com\\\/\"},{\"@type\":\"ListItem\",\"position\":2,\"name\":\"Shop\",\"item\":\"https:\\\/\\\/www.vidalactia.com\\\/shop\\\/\"},{\"@type\":\"ListItem\",\"position\":3,\"name\":\"Pantal\u00f3 pana color mostassa\"}]},{\"@type\":\"WebSite\",\"@id\":\"https:\\\/\\\/www.vidalactia.com\\\/#website\",\"url\":\"https:\\\/\\\/www.vidalactia.com\\\/\",\"name\":\"Vida L\u00e0ctia\",\"description\":\"Maternitat, Crian\u00e7a i Sostenibilitat\",\"publisher\":{\"@id\":\"https:\\\/\\\/www.vidalactia.com\\\/#organization\"},\"potentialAction\":[{\"@type\":\"SearchAction\",\"target\":{\"@type\":\"EntryPoint\",\"urlTemplate\":\"https:\\\/\\\/www.vidalactia.com\\\/?s={search_term_string}\"},\"query-input\":{\"@type\":\"PropertyValueSpecification\",\"valueRequired\":true,\"valueName\":\"search_term_string\"}}],\"inLanguage\":\"es\"},{\"@type\":\"Organization\",\"@id\":\"https:\\\/\\\/www.vidalactia.com\\\/#organization\",\"name\":\"Vida L\u00e0ctia\",\"url\":\"https:\\\/\\\/www.vidalactia.com\\\/\",\"logo\":{\"@type\":\"ImageObject\",\"inLanguage\":\"es\",\"@id\":\"https:\\\/\\\/www.vidalactia.com\\\/#\\\/schema\\\/logo\\\/image\\\/\",\"url\":\"https:\\\/\\\/www.vidalactia.com\\\/wp-content\\\/uploads\\\/2024\\\/07\\\/logo_vida_lactia_final.svg\",\"contentUrl\":\"https:\\\/\\\/www.vidalactia.com\\\/wp-content\\\/uploads\\\/2024\\\/07\\\/logo_vida_lactia_final.svg\",\"width\":123,\"height\":29,\"caption\":\"Vida L\u00e0ctia\"},\"image\":{\"@id\":\"https:\\\/\\\/www.vidalactia.com\\\/#\\\/schema\\\/logo\\\/image\\\/\"},\"sameAs\":[\"https:\\\/\\\/www.instagram.com\\\/vidalactia\\\/\"]}]}<\/script>\n<!-- \/ Yoast SEO plugin. -->","yoast_head_json":{"title":"Pantal\u00f3n pana color mostaza - Vida L\u00e0ctia","description":"Pantal\u00f3n pana color mostaza","robots":{"index":"index","follow":"follow","max-snippet":"max-snippet:-1","max-image-preview":"max-image-preview:large","max-video-preview":"max-video-preview:-1"},"canonical":"https:\/\/www.vidalactia.com\/es\/producto-2\/pantalo-pana-color-mostaza\/","og_locale":"es_ES","og_type":"article","og_title":"Pantal\u00f3 pana color mostassa - Vida L\u00e0ctia","og_description":"Pantal\u00f3 pana color mostassa","og_url":"https:\/\/www.vidalactia.com\/es\/producto-2\/pantalo-pana-color-mostaza\/","og_site_name":"Vida L\u00e0ctia","article_modified_time":"2026-03-06T12:46:32+00:00","og_image":[{"width":768,"height":1024,"url":"https:\/\/www.vidalactia.com\/wp-content\/uploads\/2026\/03\/PANTALO-PANA-MOSTASSA-FRONTAL-768x1024.png","type":"image\/png"}],"twitter_card":"summary_large_image","schema":{"@context":"https:\/\/schema.org","@graph":[{"@type":"WebPage","@id":"https:\/\/www.vidalactia.com\/producte\/pantalo-pana-color-mostassa\/","url":"https:\/\/www.vidalactia.com\/producte\/pantalo-pana-color-mostassa\/","name":"Pantal\u00f3n pana color mostaza - Vida L\u00e0ctia","isPartOf":{"@id":"https:\/\/www.vidalactia.com\/#website"},"primaryImageOfPage":{"@id":"https:\/\/www.vidalactia.com\/producte\/pantalo-pana-color-mostassa\/#primaryimage"},"image":{"@id":"https:\/\/www.vidalactia.com\/producte\/pantalo-pana-color-mostassa\/#primaryimage"},"thumbnailUrl":"https:\/\/www.vidalactia.com\/wp-content\/uploads\/2026\/03\/PANTALO-PANA-MOSTASSA-FRONTAL.png","datePublished":"2026-03-06T11:34:27+00:00","dateModified":"2026-03-06T12:46:32+00:00","description":"Pantal\u00f3n pana color mostaza","breadcrumb":{"@id":"https:\/\/www.vidalactia.com\/producte\/pantalo-pana-color-mostassa\/#breadcrumb"},"inLanguage":"es","potentialAction":[{"@type":"ReadAction","target":["https:\/\/www.vidalactia.com\/producte\/pantalo-pana-color-mostassa\/"]}]},{"@type":"ImageObject","inLanguage":"es","@id":"https:\/\/www.vidalactia.com\/producte\/pantalo-pana-color-mostassa\/#primaryimage","url":"https:\/\/www.vidalactia.com\/wp-content\/uploads\/2026\/03\/PANTALO-PANA-MOSTASSA-FRONTAL.png","contentUrl":"https:\/\/www.vidalactia.com\/wp-content\/uploads\/2026\/03\/PANTALO-PANA-MOSTASSA-FRONTAL.png","width":1920,"height":2561,"caption":"PANTAL\u00d3 PANA MOSTASSA FRONTAL"},{"@type":"BreadcrumbList","@id":"https:\/\/www.vidalactia.com\/producte\/pantalo-pana-color-mostassa\/#breadcrumb","itemListElement":[{"@type":"ListItem","position":1,"name":"Home","item":"https:\/\/www.vidalactia.com\/"},{"@type":"ListItem","position":2,"name":"Shop","item":"https:\/\/www.vidalactia.com\/shop\/"},{"@type":"ListItem","position":3,"name":"Pantal\u00f3 pana color mostassa"}]},{"@type":"WebSite","@id":"https:\/\/www.vidalactia.com\/#website","url":"https:\/\/www.vidalactia.com\/","name":"Vida L\u00e0ctia","description":"Maternidad, Crianza y Sostenibilidad","publisher":{"@id":"https:\/\/www.vidalactia.com\/#organization"},"potentialAction":[{"@type":"SearchAction","target":{"@type":"EntryPoint","urlTemplate":"https:\/\/www.vidalactia.com\/?s={search_term_string}"},"query-input":{"@type":"PropertyValueSpecification","valueRequired":true,"valueName":"search_term_string"}}],"inLanguage":"es"},{"@type":"Organization","@id":"https:\/\/www.vidalactia.com\/#organization","name":"Vida L\u00e0ctia","url":"https:\/\/www.vidalactia.com\/","logo":{"@type":"ImageObject","inLanguage":"es","@id":"https:\/\/www.vidalactia.com\/#\/schema\/logo\/image\/","url":"https:\/\/www.vidalactia.com\/wp-content\/uploads\/2024\/07\/logo_vida_lactia_final.svg","contentUrl":"https:\/\/www.vidalactia.com\/wp-content\/uploads\/2024\/07\/logo_vida_lactia_final.svg","width":123,"height":29,"caption":"Vida L\u00e0ctia"},"image":{"@id":"https:\/\/www.vidalactia.com\/#\/schema\/logo\/image\/"},"sameAs":["https:\/\/www.instagram.com\/vidalactia\/"]}]}},"_links":{"self":[{"href":"https:\/\/www.vidalactia.com\/es\/wp-json\/wp\/v2\/product\/34282","targetHints":{"allow":["GET"]}}],"collection":[{"href":"https:\/\/www.vidalactia.com\/es\/wp-json\/wp\/v2\/product"}],"about":[{"href":"https:\/\/www.vidalactia.com\/es\/wp-json\/wp\/v2\/types\/product"}],"version-history":[{"count":2,"href":"https:\/\/www.vidalactia.com\/es\/wp-json\/wp\/v2\/product\/34282\/revisions"}],"predecessor-version":[{"id":34942,"href":"https:\/\/www.vidalactia.com\/es\/wp-json\/wp\/v2\/product\/34282\/revisions\/34942"}],"wp:featuredmedia":[{"embeddable":true,"href":"https:\/\/www.vidalactia.com\/es\/wp-json\/wp\/v2\/media\/34939"}],"wp:attachment":[{"href":"https:\/\/www.vidalactia.com\/es\/wp-json\/wp\/v2\/media?parent=34282"}],"wp:term":[{"taxonomy":"product_brand","embeddable":true,"href":"https:\/\/www.vidalactia.com\/es\/wp-json\/wp\/v2\/product_brand?post=34282"},{"taxonomy":"product_cat","embeddable":true,"href":"https:\/\/www.vidalactia.com\/es\/wp-json\/wp\/v2\/product_cat?post=34282"},{"taxonomy":"product_tag","embeddable":true,"href":"https:\/\/www.vidalactia.com\/es\/wp-json\/wp\/v2\/product_tag?post=34282"}],"curies":[{"name":"wp","href":"https:\/\/api.w.org\/{rel}","templated":true}]}}