{"id":34943,"date":"2026-03-06T13:48:50","date_gmt":"2026-03-06T12:48:50","guid":{"rendered":"https:\/\/www.vidalactia.com\/?post_type=product&#038;p=34943"},"modified":"2026-03-06T14:08:41","modified_gmt":"2026-03-06T13:08:41","slug":"pantalo-pana-color-teja","status":"publish","type":"product","link":"https:\/\/www.vidalactia.com\/es\/producte\/pantalo-pana-color-teula\/","title":{"rendered":"Pantal\u00f3n pana color teja"},"content":{"rendered":"<p data-start=\"30\" data-end=\"318\">Pantal\u00f3n confeccionado con <strong data-start=\"55\" data-end=\"104\">tejido de pana color teja con un 5% de elastano<\/strong>, que aporta una ligera elasticidad y hace que la prenda sea especialmente c\u00f3moda. Este material permite que el pantal\u00f3n se adapte muy bien al cuerpo, manteniendo la forma y ofreciendo libertad de movimiento durante todo el d\u00eda.<\/p>\n<p data-start=\"320\" data-end=\"530\" data-is-last-node=\"\" data-is-only-node=\"\">La <strong data-start=\"323\" data-end=\"340\">pana el\u00e1stica<\/strong> es un tejido c\u00e1lido, resistente y muy vers\u00e1til, ideal para el d\u00eda a d\u00eda. El color teja aporta un toque natural y elegante, f\u00e1cil de combinar y perfecto para crear c\u00f3modos looks con personalidad.<\/p>","protected":false},"excerpt":{"rendered":"<p>Pantal\u00f3n pana color teja<\/p>","protected":false},"featured_media":34946,"template":"","meta":{"_joinchat":[]},"product_brand":[],"product_cat":[51,92],"product_tag":[],"class_list":{"0":"post-34943","1":"product","2":"type-product","3":"status-publish","4":"has-post-thumbnail","6":"product_cat-artesania-regals","7":"product_cat-moda-feta-a-ma","9":"first","10":"instock","11":"sale","12":"taxable","13":"shipping-taxable","14":"purchasable","15":"product-type-variable"},"acf":[],"yoast_head":"<!-- This site is optimized with the Yoast SEO plugin v27.4 - https:\/\/yoast.com\/product\/yoast-seo-wordpress\/ -->\n<title>Pantal\u00f3 pana color teula - Vida L\u00e0ctia<\/title>\n<meta name=\"description\" content=\"Pantal\u00f3 pana color teula\" \/>\n<meta name=\"robots\" content=\"index, follow, max-snippet:-1, max-image-preview:large, max-video-preview:-1\" \/>\n<link rel=\"canonical\" href=\"https:\/\/www.vidalactia.com\/es\/producto-2\/pantalo-pana-color-teja\/\" \/>\n<meta property=\"og:locale\" content=\"es_ES\" \/>\n<meta property=\"og:type\" content=\"article\" \/>\n<meta property=\"og:title\" content=\"Pantal\u00f3 pana color teula - Vida L\u00e0ctia\" \/>\n<meta property=\"og:description\" content=\"Pantal\u00f3 pana color teula\" \/>\n<meta property=\"og:url\" content=\"https:\/\/www.vidalactia.com\/es\/producto-2\/pantalo-pana-color-teja\/\" \/>\n<meta property=\"og:site_name\" content=\"Vida L\u00e0ctia\" \/>\n<meta property=\"article:modified_time\" content=\"2026-03-06T13:08:41+00:00\" \/>\n<meta property=\"og:image\" content=\"https:\/\/www.vidalactia.com\/wp-content\/uploads\/2026\/03\/5101257468.png\" \/>\n\t<meta property=\"og:image:width\" content=\"974\" \/>\n\t<meta property=\"og:image:height\" content=\"1500\" \/>\n\t<meta property=\"og:image:type\" content=\"image\/png\" \/>\n<meta name=\"twitter:card\" content=\"summary_large_image\" \/>\n<script type=\"application\/ld+json\" class=\"yoast-schema-graph\">{\"@context\":\"https:\\\/\\\/schema.org\",\"@graph\":[{\"@type\":\"WebPage\",\"@id\":\"https:\\\/\\\/www.vidalactia.com\\\/producte\\\/pantalo-pana-color-teula\\\/\",\"url\":\"https:\\\/\\\/www.vidalactia.com\\\/producte\\\/pantalo-pana-color-teula\\\/\",\"name\":\"Pantal\u00f3 pana color teula - Vida L\u00e0ctia\",\"isPartOf\":{\"@id\":\"https:\\\/\\\/www.vidalactia.com\\\/#website\"},\"primaryImageOfPage\":{\"@id\":\"https:\\\/\\\/www.vidalactia.com\\\/producte\\\/pantalo-pana-color-teula\\\/#primaryimage\"},\"image\":{\"@id\":\"https:\\\/\\\/www.vidalactia.com\\\/producte\\\/pantalo-pana-color-teula\\\/#primaryimage\"},\"thumbnailUrl\":\"https:\\\/\\\/www.vidalactia.com\\\/wp-content\\\/uploads\\\/2026\\\/03\\\/5101257468.png\",\"datePublished\":\"2026-03-06T12:48:50+00:00\",\"dateModified\":\"2026-03-06T13:08:41+00:00\",\"description\":\"Pantal\u00f3 pana color teula\",\"breadcrumb\":{\"@id\":\"https:\\\/\\\/www.vidalactia.com\\\/producte\\\/pantalo-pana-color-teula\\\/#breadcrumb\"},\"inLanguage\":\"es\",\"potentialAction\":[{\"@type\":\"ReadAction\",\"target\":[\"https:\\\/\\\/www.vidalactia.com\\\/producte\\\/pantalo-pana-color-teula\\\/\"]}]},{\"@type\":\"ImageObject\",\"inLanguage\":\"es\",\"@id\":\"https:\\\/\\\/www.vidalactia.com\\\/producte\\\/pantalo-pana-color-teula\\\/#primaryimage\",\"url\":\"https:\\\/\\\/www.vidalactia.com\\\/wp-content\\\/uploads\\\/2026\\\/03\\\/5101257468.png\",\"contentUrl\":\"https:\\\/\\\/www.vidalactia.com\\\/wp-content\\\/uploads\\\/2026\\\/03\\\/5101257468.png\",\"width\":974,\"height\":1500,\"caption\":\"5101257468\"},{\"@type\":\"BreadcrumbList\",\"@id\":\"https:\\\/\\\/www.vidalactia.com\\\/producte\\\/pantalo-pana-color-teula\\\/#breadcrumb\",\"itemListElement\":[{\"@type\":\"ListItem\",\"position\":1,\"name\":\"Home\",\"item\":\"https:\\\/\\\/www.vidalactia.com\\\/\"},{\"@type\":\"ListItem\",\"position\":2,\"name\":\"Shop\",\"item\":\"https:\\\/\\\/www.vidalactia.com\\\/shop\\\/\"},{\"@type\":\"ListItem\",\"position\":3,\"name\":\"Pantal\u00f3 pana color teula\"}]},{\"@type\":\"WebSite\",\"@id\":\"https:\\\/\\\/www.vidalactia.com\\\/#website\",\"url\":\"https:\\\/\\\/www.vidalactia.com\\\/\",\"name\":\"Vida L\u00e0ctia\",\"description\":\"Maternitat, Crian\u00e7a i Sostenibilitat\",\"publisher\":{\"@id\":\"https:\\\/\\\/www.vidalactia.com\\\/#organization\"},\"potentialAction\":[{\"@type\":\"SearchAction\",\"target\":{\"@type\":\"EntryPoint\",\"urlTemplate\":\"https:\\\/\\\/www.vidalactia.com\\\/?s={search_term_string}\"},\"query-input\":{\"@type\":\"PropertyValueSpecification\",\"valueRequired\":true,\"valueName\":\"search_term_string\"}}],\"inLanguage\":\"es\"},{\"@type\":\"Organization\",\"@id\":\"https:\\\/\\\/www.vidalactia.com\\\/#organization\",\"name\":\"Vida L\u00e0ctia\",\"url\":\"https:\\\/\\\/www.vidalactia.com\\\/\",\"logo\":{\"@type\":\"ImageObject\",\"inLanguage\":\"es\",\"@id\":\"https:\\\/\\\/www.vidalactia.com\\\/#\\\/schema\\\/logo\\\/image\\\/\",\"url\":\"https:\\\/\\\/www.vidalactia.com\\\/wp-content\\\/uploads\\\/2024\\\/07\\\/logo_vida_lactia_final.svg\",\"contentUrl\":\"https:\\\/\\\/www.vidalactia.com\\\/wp-content\\\/uploads\\\/2024\\\/07\\\/logo_vida_lactia_final.svg\",\"width\":123,\"height\":29,\"caption\":\"Vida L\u00e0ctia\"},\"image\":{\"@id\":\"https:\\\/\\\/www.vidalactia.com\\\/#\\\/schema\\\/logo\\\/image\\\/\"},\"sameAs\":[\"https:\\\/\\\/www.instagram.com\\\/vidalactia\\\/\"]}]}<\/script>\n<!-- \/ Yoast SEO plugin. -->","yoast_head_json":{"title":"Pantal\u00f3n pana color teja - Vida L\u00e0ctia","description":"Pantal\u00f3n pana color teja","robots":{"index":"index","follow":"follow","max-snippet":"max-snippet:-1","max-image-preview":"max-image-preview:large","max-video-preview":"max-video-preview:-1"},"canonical":"https:\/\/www.vidalactia.com\/es\/producto-2\/pantalo-pana-color-teja\/","og_locale":"es_ES","og_type":"article","og_title":"Pantal\u00f3 pana color teula - Vida L\u00e0ctia","og_description":"Pantal\u00f3 pana color teula","og_url":"https:\/\/www.vidalactia.com\/es\/producto-2\/pantalo-pana-color-teja\/","og_site_name":"Vida L\u00e0ctia","article_modified_time":"2026-03-06T13:08:41+00:00","og_image":[{"width":974,"height":1500,"url":"https:\/\/www.vidalactia.com\/wp-content\/uploads\/2026\/03\/5101257468.png","type":"image\/png"}],"twitter_card":"summary_large_image","schema":{"@context":"https:\/\/schema.org","@graph":[{"@type":"WebPage","@id":"https:\/\/www.vidalactia.com\/producte\/pantalo-pana-color-teula\/","url":"https:\/\/www.vidalactia.com\/producte\/pantalo-pana-color-teula\/","name":"Pantal\u00f3n pana color teja - Vida L\u00e0ctia","isPartOf":{"@id":"https:\/\/www.vidalactia.com\/#website"},"primaryImageOfPage":{"@id":"https:\/\/www.vidalactia.com\/producte\/pantalo-pana-color-teula\/#primaryimage"},"image":{"@id":"https:\/\/www.vidalactia.com\/producte\/pantalo-pana-color-teula\/#primaryimage"},"thumbnailUrl":"https:\/\/www.vidalactia.com\/wp-content\/uploads\/2026\/03\/5101257468.png","datePublished":"2026-03-06T12:48:50+00:00","dateModified":"2026-03-06T13:08:41+00:00","description":"Pantal\u00f3n pana color teja","breadcrumb":{"@id":"https:\/\/www.vidalactia.com\/producte\/pantalo-pana-color-teula\/#breadcrumb"},"inLanguage":"es","potentialAction":[{"@type":"ReadAction","target":["https:\/\/www.vidalactia.com\/producte\/pantalo-pana-color-teula\/"]}]},{"@type":"ImageObject","inLanguage":"es","@id":"https:\/\/www.vidalactia.com\/producte\/pantalo-pana-color-teula\/#primaryimage","url":"https:\/\/www.vidalactia.com\/wp-content\/uploads\/2026\/03\/5101257468.png","contentUrl":"https:\/\/www.vidalactia.com\/wp-content\/uploads\/2026\/03\/5101257468.png","width":974,"height":1500,"caption":"5101257468"},{"@type":"BreadcrumbList","@id":"https:\/\/www.vidalactia.com\/producte\/pantalo-pana-color-teula\/#breadcrumb","itemListElement":[{"@type":"ListItem","position":1,"name":"Home","item":"https:\/\/www.vidalactia.com\/"},{"@type":"ListItem","position":2,"name":"Shop","item":"https:\/\/www.vidalactia.com\/shop\/"},{"@type":"ListItem","position":3,"name":"Pantal\u00f3 pana color teula"}]},{"@type":"WebSite","@id":"https:\/\/www.vidalactia.com\/#website","url":"https:\/\/www.vidalactia.com\/","name":"Vida L\u00e0ctia","description":"Maternidad, Crianza y Sostenibilidad","publisher":{"@id":"https:\/\/www.vidalactia.com\/#organization"},"potentialAction":[{"@type":"SearchAction","target":{"@type":"EntryPoint","urlTemplate":"https:\/\/www.vidalactia.com\/?s={search_term_string}"},"query-input":{"@type":"PropertyValueSpecification","valueRequired":true,"valueName":"search_term_string"}}],"inLanguage":"es"},{"@type":"Organization","@id":"https:\/\/www.vidalactia.com\/#organization","name":"Vida L\u00e0ctia","url":"https:\/\/www.vidalactia.com\/","logo":{"@type":"ImageObject","inLanguage":"es","@id":"https:\/\/www.vidalactia.com\/#\/schema\/logo\/image\/","url":"https:\/\/www.vidalactia.com\/wp-content\/uploads\/2024\/07\/logo_vida_lactia_final.svg","contentUrl":"https:\/\/www.vidalactia.com\/wp-content\/uploads\/2024\/07\/logo_vida_lactia_final.svg","width":123,"height":29,"caption":"Vida L\u00e0ctia"},"image":{"@id":"https:\/\/www.vidalactia.com\/#\/schema\/logo\/image\/"},"sameAs":["https:\/\/www.instagram.com\/vidalactia\/"]}]}},"_links":{"self":[{"href":"https:\/\/www.vidalactia.com\/es\/wp-json\/wp\/v2\/product\/34943","targetHints":{"allow":["GET"]}}],"collection":[{"href":"https:\/\/www.vidalactia.com\/es\/wp-json\/wp\/v2\/product"}],"about":[{"href":"https:\/\/www.vidalactia.com\/es\/wp-json\/wp\/v2\/types\/product"}],"version-history":[{"count":2,"href":"https:\/\/www.vidalactia.com\/es\/wp-json\/wp\/v2\/product\/34943\/revisions"}],"predecessor-version":[{"id":34948,"href":"https:\/\/www.vidalactia.com\/es\/wp-json\/wp\/v2\/product\/34943\/revisions\/34948"}],"wp:featuredmedia":[{"embeddable":true,"href":"https:\/\/www.vidalactia.com\/es\/wp-json\/wp\/v2\/media\/34946"}],"wp:attachment":[{"href":"https:\/\/www.vidalactia.com\/es\/wp-json\/wp\/v2\/media?parent=34943"}],"wp:term":[{"taxonomy":"product_brand","embeddable":true,"href":"https:\/\/www.vidalactia.com\/es\/wp-json\/wp\/v2\/product_brand?post=34943"},{"taxonomy":"product_cat","embeddable":true,"href":"https:\/\/www.vidalactia.com\/es\/wp-json\/wp\/v2\/product_cat?post=34943"},{"taxonomy":"product_tag","embeddable":true,"href":"https:\/\/www.vidalactia.com\/es\/wp-json\/wp\/v2\/product_tag?post=34943"}],"curies":[{"name":"wp","href":"https:\/\/api.w.org\/{rel}","templated":true}]}}