{"id":34954,"date":"2026-03-06T17:28:25","date_gmt":"2026-03-06T16:28:25","guid":{"rendered":"https:\/\/www.vidalactia.com\/?post_type=product&#038;p=34954"},"modified":"2026-03-06T18:14:06","modified_gmt":"2026-03-06T17:14:06","slug":"pantalo-pana-verde-oscuro-esmeralda","status":"publish","type":"product","link":"https:\/\/www.vidalactia.com\/es\/producte\/pantalo-pana-verd-fosc-esmeralda\/","title":{"rendered":"Pantal\u00f3n pana verde oscuro"},"content":{"rendered":"<div class=\"flex flex-col text-sm pb-25\">\n<article class=\"text-token-text-primary w-full focus:outline-none [--shadow-height:45px] has-data-writing-block:pointer-events-none has-data-writing-block:-mt-(--shadow-height) has-data-writing-block:pt-(--shadow-height) [&amp;:has([data-writing-block])&gt;*]:pointer-events-auto scroll-mt-[calc(var(--header-height)+min(200px,max(70px,20svh)))]\" dir=\"auto\" data-turn-id=\"request-WEB:1ef0a84f-6d6d-4f8c-beb8-f0a0d7a35f5b-5\" data-testid=\"conversation-turn-10\" data-scroll-anchor=\"true\" data-turn=\"assistant\">\n<div class=\"text-base my-auto mx-auto pb-10 [--thread-content-margin:var(--thread-content-margin-xs,calc(var(--spacing)*4))] @w-sm\/main:[--thread-content-margin:var(--thread-content-margin-sm,calc(var(--spacing)*6))] @w-lg\/main:[--thread-content-margin:var(--thread-content-margin-lg,calc(var(--spacing)*16))] px-(--thread-content-margin)\">\n<div class=\"[--thread-content-max-width:40rem] @w-lg\/main:[--thread-content-max-width:48rem] mx-auto max-w-(--thread-content-max-width) flex-1 group\/turn-messages focus-visible:outline-hidden relative flex w-full min-w-0 flex-col agent-turn\">\n<div class=\"flex max-w-full flex-col gap-4 grow\">\n<div class=\"min-h-8 text-message relative flex w-full flex-col items-end gap-2 text-start break-words whitespace-normal [.text-message+&amp;]:mt-1\" dir=\"auto\" data-message-author-role=\"assistant\" data-message-id=\"6bd19832-80e1-49bf-ad4a-2d344e0a6523\" data-message-model-slug=\"gpt-5-3\">\n<div class=\"flex w-full flex-col gap-1 empty:hidden\">\n<div class=\"markdown prose dark:prose-invert w-full wrap-break-word light markdown-new-styling\"><\/div>\n<\/div>\n<\/div>\n<\/div>\n<div class=\"mt-3 w-full empty:hidden\">\n<div class=\"text-center\">\n<p data-start=\"46\" data-end=\"338\">Pantal\u00f3 confeccionat amb <strong data-start=\"71\" data-end=\"124\">teixit de pana color verd fosc amb un 5% d\u2019elast\u00e0<\/strong>, que aporta una lleugera elasticitat i fa que la pe\u00e7a sigui especialment c\u00f2moda. Aquest material permet que el pantal\u00f3 s\u2019adapti molt b\u00e9 al cos, mantenint la forma i oferint llibertat de moviment durant tot el dia.<\/p>\n<p data-start=\"340\" data-end=\"567\" data-is-last-node=\"\" data-is-only-node=\"\">La <strong data-start=\"343\" data-end=\"388\">pana el\u00e0stica color verd fosc (esmeralda)<\/strong> \u00e9s un teixit c\u00e0lid, resistent i molt vers\u00e0til, ideal per al dia a dia. El seu to profund i elegant aporta personalitat i \u00e9s f\u00e0cil de combinar per crear looks c\u00f2modes i amb estil.<\/p>\n<\/div>\n<\/div>\n<\/div>\n<\/div>\n<\/article>\n<\/div>\n<div class=\"pointer-events-none h-px w-px absolute bottom-0\" aria-hidden=\"true\" data-edge=\"true\"><\/div>\n","protected":false},"excerpt":{"rendered":"<p>Pantal\u00f3n pana color verde oscuro<\/p>","protected":false},"featured_media":34956,"template":"","meta":{"_joinchat":[]},"product_brand":[],"product_cat":[51,92],"product_tag":[],"class_list":{"0":"post-34954","1":"product","2":"type-product","3":"status-publish","4":"has-post-thumbnail","6":"product_cat-artesania-regals","7":"product_cat-moda-feta-a-ma","9":"first","10":"instock","11":"sale","12":"taxable","13":"shipping-taxable","14":"purchasable","15":"product-type-variable"},"acf":[],"yoast_head":"<!-- This site is optimized with the Yoast SEO plugin v27.4 - https:\/\/yoast.com\/product\/yoast-seo-wordpress\/ -->\n<title>Pantal\u00f3 pana verd fosc - Vida L\u00e0ctia<\/title>\n<meta name=\"description\" content=\"Pantal\u00f3 pana color verd fosc\" \/>\n<meta name=\"robots\" content=\"index, follow, max-snippet:-1, max-image-preview:large, max-video-preview:-1\" \/>\n<link rel=\"canonical\" href=\"https:\/\/www.vidalactia.com\/es\/producto-2\/pantalo-pana-verde-oscuro-esmeralda\/\" \/>\n<meta property=\"og:locale\" content=\"es_ES\" \/>\n<meta property=\"og:type\" content=\"article\" \/>\n<meta property=\"og:title\" content=\"Pantal\u00f3 pana verd fosc - Vida L\u00e0ctia\" \/>\n<meta property=\"og:description\" content=\"Pantal\u00f3 pana color verd fosc\" \/>\n<meta property=\"og:url\" content=\"https:\/\/www.vidalactia.com\/es\/producto-2\/pantalo-pana-verde-oscuro-esmeralda\/\" \/>\n<meta property=\"og:site_name\" content=\"Vida L\u00e0ctia\" \/>\n<meta property=\"article:modified_time\" content=\"2026-03-06T17:14:06+00:00\" \/>\n<meta property=\"og:image\" content=\"https:\/\/www.vidalactia.com\/wp-content\/uploads\/2026\/03\/pantalo-pana-verd-esmeralda-707x1024.png\" \/>\n\t<meta property=\"og:image:width\" content=\"707\" \/>\n\t<meta property=\"og:image:height\" content=\"1024\" \/>\n\t<meta property=\"og:image:type\" content=\"image\/png\" \/>\n<meta name=\"twitter:card\" content=\"summary_large_image\" \/>\n<script type=\"application\/ld+json\" class=\"yoast-schema-graph\">{\"@context\":\"https:\\\/\\\/schema.org\",\"@graph\":[{\"@type\":\"WebPage\",\"@id\":\"https:\\\/\\\/www.vidalactia.com\\\/producte\\\/pantalo-pana-verd-fosc-esmeralda\\\/\",\"url\":\"https:\\\/\\\/www.vidalactia.com\\\/producte\\\/pantalo-pana-verd-fosc-esmeralda\\\/\",\"name\":\"Pantal\u00f3 pana verd fosc - Vida L\u00e0ctia\",\"isPartOf\":{\"@id\":\"https:\\\/\\\/www.vidalactia.com\\\/#website\"},\"primaryImageOfPage\":{\"@id\":\"https:\\\/\\\/www.vidalactia.com\\\/producte\\\/pantalo-pana-verd-fosc-esmeralda\\\/#primaryimage\"},\"image\":{\"@id\":\"https:\\\/\\\/www.vidalactia.com\\\/producte\\\/pantalo-pana-verd-fosc-esmeralda\\\/#primaryimage\"},\"thumbnailUrl\":\"https:\\\/\\\/www.vidalactia.com\\\/wp-content\\\/uploads\\\/2026\\\/03\\\/pantalo-pana-verd-esmeralda.png\",\"datePublished\":\"2026-03-06T16:28:25+00:00\",\"dateModified\":\"2026-03-06T17:14:06+00:00\",\"description\":\"Pantal\u00f3 pana color verd fosc\",\"breadcrumb\":{\"@id\":\"https:\\\/\\\/www.vidalactia.com\\\/producte\\\/pantalo-pana-verd-fosc-esmeralda\\\/#breadcrumb\"},\"inLanguage\":\"es\",\"potentialAction\":[{\"@type\":\"ReadAction\",\"target\":[\"https:\\\/\\\/www.vidalactia.com\\\/producte\\\/pantalo-pana-verd-fosc-esmeralda\\\/\"]}]},{\"@type\":\"ImageObject\",\"inLanguage\":\"es\",\"@id\":\"https:\\\/\\\/www.vidalactia.com\\\/producte\\\/pantalo-pana-verd-fosc-esmeralda\\\/#primaryimage\",\"url\":\"https:\\\/\\\/www.vidalactia.com\\\/wp-content\\\/uploads\\\/2026\\\/03\\\/pantalo-pana-verd-esmeralda.png\",\"contentUrl\":\"https:\\\/\\\/www.vidalactia.com\\\/wp-content\\\/uploads\\\/2026\\\/03\\\/pantalo-pana-verd-esmeralda.png\",\"width\":1036,\"height\":1500,\"caption\":\"pantalo pana verd esmeralda\"},{\"@type\":\"BreadcrumbList\",\"@id\":\"https:\\\/\\\/www.vidalactia.com\\\/producte\\\/pantalo-pana-verd-fosc-esmeralda\\\/#breadcrumb\",\"itemListElement\":[{\"@type\":\"ListItem\",\"position\":1,\"name\":\"Home\",\"item\":\"https:\\\/\\\/www.vidalactia.com\\\/\"},{\"@type\":\"ListItem\",\"position\":2,\"name\":\"Shop\",\"item\":\"https:\\\/\\\/www.vidalactia.com\\\/shop\\\/\"},{\"@type\":\"ListItem\",\"position\":3,\"name\":\"Pantal\u00f3 pana verd fosc\"}]},{\"@type\":\"WebSite\",\"@id\":\"https:\\\/\\\/www.vidalactia.com\\\/#website\",\"url\":\"https:\\\/\\\/www.vidalactia.com\\\/\",\"name\":\"Vida L\u00e0ctia\",\"description\":\"Maternitat, Crian\u00e7a i Sostenibilitat\",\"publisher\":{\"@id\":\"https:\\\/\\\/www.vidalactia.com\\\/#organization\"},\"potentialAction\":[{\"@type\":\"SearchAction\",\"target\":{\"@type\":\"EntryPoint\",\"urlTemplate\":\"https:\\\/\\\/www.vidalactia.com\\\/?s={search_term_string}\"},\"query-input\":{\"@type\":\"PropertyValueSpecification\",\"valueRequired\":true,\"valueName\":\"search_term_string\"}}],\"inLanguage\":\"es\"},{\"@type\":\"Organization\",\"@id\":\"https:\\\/\\\/www.vidalactia.com\\\/#organization\",\"name\":\"Vida L\u00e0ctia\",\"url\":\"https:\\\/\\\/www.vidalactia.com\\\/\",\"logo\":{\"@type\":\"ImageObject\",\"inLanguage\":\"es\",\"@id\":\"https:\\\/\\\/www.vidalactia.com\\\/#\\\/schema\\\/logo\\\/image\\\/\",\"url\":\"https:\\\/\\\/www.vidalactia.com\\\/wp-content\\\/uploads\\\/2024\\\/07\\\/logo_vida_lactia_final.svg\",\"contentUrl\":\"https:\\\/\\\/www.vidalactia.com\\\/wp-content\\\/uploads\\\/2024\\\/07\\\/logo_vida_lactia_final.svg\",\"width\":123,\"height\":29,\"caption\":\"Vida L\u00e0ctia\"},\"image\":{\"@id\":\"https:\\\/\\\/www.vidalactia.com\\\/#\\\/schema\\\/logo\\\/image\\\/\"},\"sameAs\":[\"https:\\\/\\\/www.instagram.com\\\/vidalactia\\\/\"]}]}<\/script>\n<!-- \/ Yoast SEO plugin. -->","yoast_head_json":{"title":"Pantal\u00f3n pana verde oscuro - Vida L\u00e0ctia","description":"Pantal\u00f3n pana color verde oscuro","robots":{"index":"index","follow":"follow","max-snippet":"max-snippet:-1","max-image-preview":"max-image-preview:large","max-video-preview":"max-video-preview:-1"},"canonical":"https:\/\/www.vidalactia.com\/es\/producto-2\/pantalo-pana-verde-oscuro-esmeralda\/","og_locale":"es_ES","og_type":"article","og_title":"Pantal\u00f3 pana verd fosc - Vida L\u00e0ctia","og_description":"Pantal\u00f3 pana color verd fosc","og_url":"https:\/\/www.vidalactia.com\/es\/producto-2\/pantalo-pana-verde-oscuro-esmeralda\/","og_site_name":"Vida L\u00e0ctia","article_modified_time":"2026-03-06T17:14:06+00:00","og_image":[{"width":707,"height":1024,"url":"https:\/\/www.vidalactia.com\/wp-content\/uploads\/2026\/03\/pantalo-pana-verd-esmeralda-707x1024.png","type":"image\/png"}],"twitter_card":"summary_large_image","schema":{"@context":"https:\/\/schema.org","@graph":[{"@type":"WebPage","@id":"https:\/\/www.vidalactia.com\/producte\/pantalo-pana-verd-fosc-esmeralda\/","url":"https:\/\/www.vidalactia.com\/producte\/pantalo-pana-verd-fosc-esmeralda\/","name":"Pantal\u00f3n pana verde oscuro - Vida L\u00e0ctia","isPartOf":{"@id":"https:\/\/www.vidalactia.com\/#website"},"primaryImageOfPage":{"@id":"https:\/\/www.vidalactia.com\/producte\/pantalo-pana-verd-fosc-esmeralda\/#primaryimage"},"image":{"@id":"https:\/\/www.vidalactia.com\/producte\/pantalo-pana-verd-fosc-esmeralda\/#primaryimage"},"thumbnailUrl":"https:\/\/www.vidalactia.com\/wp-content\/uploads\/2026\/03\/pantalo-pana-verd-esmeralda.png","datePublished":"2026-03-06T16:28:25+00:00","dateModified":"2026-03-06T17:14:06+00:00","description":"Pantal\u00f3n pana color verde oscuro","breadcrumb":{"@id":"https:\/\/www.vidalactia.com\/producte\/pantalo-pana-verd-fosc-esmeralda\/#breadcrumb"},"inLanguage":"es","potentialAction":[{"@type":"ReadAction","target":["https:\/\/www.vidalactia.com\/producte\/pantalo-pana-verd-fosc-esmeralda\/"]}]},{"@type":"ImageObject","inLanguage":"es","@id":"https:\/\/www.vidalactia.com\/producte\/pantalo-pana-verd-fosc-esmeralda\/#primaryimage","url":"https:\/\/www.vidalactia.com\/wp-content\/uploads\/2026\/03\/pantalo-pana-verd-esmeralda.png","contentUrl":"https:\/\/www.vidalactia.com\/wp-content\/uploads\/2026\/03\/pantalo-pana-verd-esmeralda.png","width":1036,"height":1500,"caption":"pantalo pana verd esmeralda"},{"@type":"BreadcrumbList","@id":"https:\/\/www.vidalactia.com\/producte\/pantalo-pana-verd-fosc-esmeralda\/#breadcrumb","itemListElement":[{"@type":"ListItem","position":1,"name":"Home","item":"https:\/\/www.vidalactia.com\/"},{"@type":"ListItem","position":2,"name":"Shop","item":"https:\/\/www.vidalactia.com\/shop\/"},{"@type":"ListItem","position":3,"name":"Pantal\u00f3 pana verd fosc"}]},{"@type":"WebSite","@id":"https:\/\/www.vidalactia.com\/#website","url":"https:\/\/www.vidalactia.com\/","name":"Vida L\u00e0ctia","description":"Maternidad, Crianza y Sostenibilidad","publisher":{"@id":"https:\/\/www.vidalactia.com\/#organization"},"potentialAction":[{"@type":"SearchAction","target":{"@type":"EntryPoint","urlTemplate":"https:\/\/www.vidalactia.com\/?s={search_term_string}"},"query-input":{"@type":"PropertyValueSpecification","valueRequired":true,"valueName":"search_term_string"}}],"inLanguage":"es"},{"@type":"Organization","@id":"https:\/\/www.vidalactia.com\/#organization","name":"Vida L\u00e0ctia","url":"https:\/\/www.vidalactia.com\/","logo":{"@type":"ImageObject","inLanguage":"es","@id":"https:\/\/www.vidalactia.com\/#\/schema\/logo\/image\/","url":"https:\/\/www.vidalactia.com\/wp-content\/uploads\/2024\/07\/logo_vida_lactia_final.svg","contentUrl":"https:\/\/www.vidalactia.com\/wp-content\/uploads\/2024\/07\/logo_vida_lactia_final.svg","width":123,"height":29,"caption":"Vida L\u00e0ctia"},"image":{"@id":"https:\/\/www.vidalactia.com\/#\/schema\/logo\/image\/"},"sameAs":["https:\/\/www.instagram.com\/vidalactia\/"]}]}},"_links":{"self":[{"href":"https:\/\/www.vidalactia.com\/es\/wp-json\/wp\/v2\/product\/34954","targetHints":{"allow":["GET"]}}],"collection":[{"href":"https:\/\/www.vidalactia.com\/es\/wp-json\/wp\/v2\/product"}],"about":[{"href":"https:\/\/www.vidalactia.com\/es\/wp-json\/wp\/v2\/types\/product"}],"version-history":[{"count":2,"href":"https:\/\/www.vidalactia.com\/es\/wp-json\/wp\/v2\/product\/34954\/revisions"}],"predecessor-version":[{"id":34965,"href":"https:\/\/www.vidalactia.com\/es\/wp-json\/wp\/v2\/product\/34954\/revisions\/34965"}],"wp:featuredmedia":[{"embeddable":true,"href":"https:\/\/www.vidalactia.com\/es\/wp-json\/wp\/v2\/media\/34956"}],"wp:attachment":[{"href":"https:\/\/www.vidalactia.com\/es\/wp-json\/wp\/v2\/media?parent=34954"}],"wp:term":[{"taxonomy":"product_brand","embeddable":true,"href":"https:\/\/www.vidalactia.com\/es\/wp-json\/wp\/v2\/product_brand?post=34954"},{"taxonomy":"product_cat","embeddable":true,"href":"https:\/\/www.vidalactia.com\/es\/wp-json\/wp\/v2\/product_cat?post=34954"},{"taxonomy":"product_tag","embeddable":true,"href":"https:\/\/www.vidalactia.com\/es\/wp-json\/wp\/v2\/product_tag?post=34954"}],"curies":[{"name":"wp","href":"https:\/\/api.w.org\/{rel}","templated":true}]}}