{"id":6135,"date":"2025-06-14T17:53:50","date_gmt":"2025-06-14T15:53:50","guid":{"rendered":"https:\/\/www.vidalactia.com\/?post_type=product&#038;p=6135"},"modified":"2025-07-04T17:19:57","modified_gmt":"2025-07-04T15:19:57","slug":"copa-menstrual-eureka","status":"publish","type":"product","link":"https:\/\/www.vidalactia.com\/es\/producte\/copa-menstrual-eureka\/","title":{"rendered":"Copa menstrual Eureka"},"content":{"rendered":"<p>Eureka!Cup, la revoluci\u00f3n en copas menstruales, es la \u00fanica copa que se puede vaciar sin tener que retirarla de la vagina. Est\u00e1 pensada para ofrecerte m\u00e1xima comodidad, seguridad y libertad a lo largo de la menstruaci\u00f3n. Fabricada con silicona m\u00e9dica con tu cuerpo.<\/p>\n<p>&nbsp;<\/p>\n<p>Los resultados de un test cl\u00ednico con supervisi\u00f3n ginecol\u00f3gica han mostrado que:<br \/>\n\u2022 El 100% de las usuarias destacan la textura agradable del producto<br \/>\n\u2022 El 100% la considera ideal para salir de casa, el 90% para ir a la playa o la piscina y el 85% para hacer deporte<br \/>\n\u2022 El 90% encuentra f\u00e1cil la inserci\u00f3n tanto de la copa como del tubo de achique, sin molestias y con una extracci\u00f3n sencilla<br \/>\n\u2022 El 80% valora muy positivamente el sistema de vaciado sin tener que retirar la copa<br \/>\n\u2022 El 85% la recomienda, destacando la comodidad y libertad que proporciona<\/p>\n<p>&nbsp;<\/p>\n<p>La caja incluye:<br \/>\n\u2022 1 copa menstrual Eureka! Cup de silicona m\u00e9dica<br \/>\n\u2022 1 bolsa de algod\u00f3n para guardarla<br \/>\n\u2022 1 etiqueta con sello higi\u00e9nico<br \/>\n\u2022 Instrucciones detalladas en 4 idiomas<\/p>","protected":false},"excerpt":{"rendered":"<p>Eureka! Cup, la revoluci\u00f3 en copes menstruals, \u00e9s l\u2019\u00fanica copa que es pot buidar sense haver-la de retirar de la vagina. Est\u00e0 pensada per oferir-te m\u00e0xima comoditat, seguretat i llibertat al llarg de la menstruaci\u00f3. Fabricada amb silicona m\u00e8dica 100%, compta amb certificaci\u00f3 segons la norma ISO 10993, que en garanteix la biocompatibilitat i assegura [&hellip;]<\/p>\n","protected":false},"featured_media":6155,"template":"","meta":{"_joinchat":[]},"product_brand":[],"product_cat":[53],"product_tag":[],"class_list":{"0":"post-6135","1":"product","2":"type-product","3":"status-publish","4":"has-post-thumbnail","6":"product_cat-ecomenstruacio","8":"first","9":"instock","10":"taxable","11":"shipping-taxable","12":"purchasable","13":"product-type-variable"},"acf":[],"yoast_head":"<!-- This site is optimized with the Yoast SEO plugin v27.4 - https:\/\/yoast.com\/product\/yoast-seo-wordpress\/ -->\n<title>Copa menstrual Eureka - Vida L\u00e0ctia<\/title>\n<meta name=\"description\" content=\"Eureka! Cup, la revoluci\u00f3 en copes menstruals, \u00e9s l\u2019\u00fanica copa que es pot buidar sense haver-la de retirar de la vagina. Est\u00e0 pensada per oferir-te m\u00e0xima\" \/>\n<meta name=\"robots\" content=\"index, follow, max-snippet:-1, max-image-preview:large, max-video-preview:-1\" \/>\n<link rel=\"canonical\" href=\"https:\/\/www.vidalactia.com\/es\/producto-2\/copa-menstrual-eureka\/\" \/>\n<meta property=\"og:locale\" content=\"es_ES\" \/>\n<meta property=\"og:type\" content=\"article\" \/>\n<meta property=\"og:title\" content=\"Copa menstrual Eureka - Vida L\u00e0ctia\" \/>\n<meta property=\"og:description\" content=\"Eureka! Cup, la revoluci\u00f3 en copes menstruals, \u00e9s l\u2019\u00fanica copa que es pot buidar sense haver-la de retirar de la vagina. Est\u00e0 pensada per oferir-te m\u00e0xima\" \/>\n<meta property=\"og:url\" content=\"https:\/\/www.vidalactia.com\/es\/producto-2\/copa-menstrual-eureka\/\" \/>\n<meta property=\"og:site_name\" content=\"Vida L\u00e0ctia\" \/>\n<meta property=\"article:modified_time\" content=\"2025-07-04T15:19:57+00:00\" \/>\n<meta property=\"og:image\" content=\"https:\/\/www.vidalactia.com\/wp-content\/uploads\/2025\/06\/copa-menstrual-vaciable.webp\" \/>\n\t<meta property=\"og:image:width\" content=\"2400\" \/>\n\t<meta property=\"og:image:height\" content=\"1600\" \/>\n\t<meta property=\"og:image:type\" content=\"image\/webp\" \/>\n<meta name=\"twitter:card\" content=\"summary_large_image\" \/>\n<meta name=\"twitter:label1\" content=\"Tiempo de lectura\" \/>\n\t<meta name=\"twitter:data1\" content=\"1 minuto\" \/>\n<script type=\"application\/ld+json\" class=\"yoast-schema-graph\">{\"@context\":\"https:\\\/\\\/schema.org\",\"@graph\":[{\"@type\":\"WebPage\",\"@id\":\"https:\\\/\\\/www.vidalactia.com\\\/producte\\\/copa-menstrual-eureka\\\/\",\"url\":\"https:\\\/\\\/www.vidalactia.com\\\/producte\\\/copa-menstrual-eureka\\\/\",\"name\":\"Copa menstrual Eureka - Vida L\u00e0ctia\",\"isPartOf\":{\"@id\":\"https:\\\/\\\/www.vidalactia.com\\\/#website\"},\"primaryImageOfPage\":{\"@id\":\"https:\\\/\\\/www.vidalactia.com\\\/producte\\\/copa-menstrual-eureka\\\/#primaryimage\"},\"image\":{\"@id\":\"https:\\\/\\\/www.vidalactia.com\\\/producte\\\/copa-menstrual-eureka\\\/#primaryimage\"},\"thumbnailUrl\":\"https:\\\/\\\/www.vidalactia.com\\\/wp-content\\\/uploads\\\/2025\\\/06\\\/copa-menstrual-vaciable.webp\",\"datePublished\":\"2025-06-14T15:53:50+00:00\",\"dateModified\":\"2025-07-04T15:19:57+00:00\",\"description\":\"Eureka! Cup, la revoluci\u00f3 en copes menstruals, \u00e9s l\u2019\u00fanica copa que es pot buidar sense haver-la de retirar de la vagina. Est\u00e0 pensada per oferir-te m\u00e0xima\",\"breadcrumb\":{\"@id\":\"https:\\\/\\\/www.vidalactia.com\\\/producte\\\/copa-menstrual-eureka\\\/#breadcrumb\"},\"inLanguage\":\"es\",\"potentialAction\":[{\"@type\":\"ReadAction\",\"target\":[\"https:\\\/\\\/www.vidalactia.com\\\/producte\\\/copa-menstrual-eureka\\\/\"]}]},{\"@type\":\"ImageObject\",\"inLanguage\":\"es\",\"@id\":\"https:\\\/\\\/www.vidalactia.com\\\/producte\\\/copa-menstrual-eureka\\\/#primaryimage\",\"url\":\"https:\\\/\\\/www.vidalactia.com\\\/wp-content\\\/uploads\\\/2025\\\/06\\\/copa-menstrual-vaciable.webp\",\"contentUrl\":\"https:\\\/\\\/www.vidalactia.com\\\/wp-content\\\/uploads\\\/2025\\\/06\\\/copa-menstrual-vaciable.webp\",\"width\":2400,\"height\":1600,\"caption\":\"copa menstrual vaciable\"},{\"@type\":\"BreadcrumbList\",\"@id\":\"https:\\\/\\\/www.vidalactia.com\\\/producte\\\/copa-menstrual-eureka\\\/#breadcrumb\",\"itemListElement\":[{\"@type\":\"ListItem\",\"position\":1,\"name\":\"Home\",\"item\":\"https:\\\/\\\/www.vidalactia.com\\\/\"},{\"@type\":\"ListItem\",\"position\":2,\"name\":\"Shop\",\"item\":\"https:\\\/\\\/www.vidalactia.com\\\/shop\\\/\"},{\"@type\":\"ListItem\",\"position\":3,\"name\":\"Copa menstrual Eureka\"}]},{\"@type\":\"WebSite\",\"@id\":\"https:\\\/\\\/www.vidalactia.com\\\/#website\",\"url\":\"https:\\\/\\\/www.vidalactia.com\\\/\",\"name\":\"Vida L\u00e0ctia\",\"description\":\"Maternitat, Crian\u00e7a i Sostenibilitat\",\"publisher\":{\"@id\":\"https:\\\/\\\/www.vidalactia.com\\\/#organization\"},\"potentialAction\":[{\"@type\":\"SearchAction\",\"target\":{\"@type\":\"EntryPoint\",\"urlTemplate\":\"https:\\\/\\\/www.vidalactia.com\\\/?s={search_term_string}\"},\"query-input\":{\"@type\":\"PropertyValueSpecification\",\"valueRequired\":true,\"valueName\":\"search_term_string\"}}],\"inLanguage\":\"es\"},{\"@type\":\"Organization\",\"@id\":\"https:\\\/\\\/www.vidalactia.com\\\/#organization\",\"name\":\"Vida L\u00e0ctia\",\"url\":\"https:\\\/\\\/www.vidalactia.com\\\/\",\"logo\":{\"@type\":\"ImageObject\",\"inLanguage\":\"es\",\"@id\":\"https:\\\/\\\/www.vidalactia.com\\\/#\\\/schema\\\/logo\\\/image\\\/\",\"url\":\"https:\\\/\\\/www.vidalactia.com\\\/wp-content\\\/uploads\\\/2024\\\/07\\\/logo_vida_lactia_final.svg\",\"contentUrl\":\"https:\\\/\\\/www.vidalactia.com\\\/wp-content\\\/uploads\\\/2024\\\/07\\\/logo_vida_lactia_final.svg\",\"width\":123,\"height\":29,\"caption\":\"Vida L\u00e0ctia\"},\"image\":{\"@id\":\"https:\\\/\\\/www.vidalactia.com\\\/#\\\/schema\\\/logo\\\/image\\\/\"},\"sameAs\":[\"https:\\\/\\\/www.instagram.com\\\/vidalactia\\\/\"]}]}<\/script>\n<!-- \/ Yoast SEO plugin. -->","yoast_head_json":{"title":"Copa menstrual Eureka - Vida L\u00e0ctia","description":"\u00a1Eureka! Cup, la revoluci\u00f3n en copas menstruales, es la \u00fanica copa que puede vaciarse sin tener que retirarla de la vagina. Est\u00e1 pensada para ofrecerte m\u00e1xima","robots":{"index":"index","follow":"follow","max-snippet":"max-snippet:-1","max-image-preview":"max-image-preview:large","max-video-preview":"max-video-preview:-1"},"canonical":"https:\/\/www.vidalactia.com\/es\/producto-2\/copa-menstrual-eureka\/","og_locale":"es_ES","og_type":"article","og_title":"Copa menstrual Eureka - Vida L\u00e0ctia","og_description":"Eureka! Cup, la revoluci\u00f3 en copes menstruals, \u00e9s l\u2019\u00fanica copa que es pot buidar sense haver-la de retirar de la vagina. Est\u00e0 pensada per oferir-te m\u00e0xima","og_url":"https:\/\/www.vidalactia.com\/es\/producto-2\/copa-menstrual-eureka\/","og_site_name":"Vida L\u00e0ctia","article_modified_time":"2025-07-04T15:19:57+00:00","og_image":[{"width":2400,"height":1600,"url":"https:\/\/www.vidalactia.com\/wp-content\/uploads\/2025\/06\/copa-menstrual-vaciable.webp","type":"image\/webp"}],"twitter_card":"summary_large_image","twitter_misc":{"Tiempo de lectura":"1 minuto"},"schema":{"@context":"https:\/\/schema.org","@graph":[{"@type":"WebPage","@id":"https:\/\/www.vidalactia.com\/producte\/copa-menstrual-eureka\/","url":"https:\/\/www.vidalactia.com\/producte\/copa-menstrual-eureka\/","name":"Copa menstrual Eureka - Vida L\u00e0ctia","isPartOf":{"@id":"https:\/\/www.vidalactia.com\/#website"},"primaryImageOfPage":{"@id":"https:\/\/www.vidalactia.com\/producte\/copa-menstrual-eureka\/#primaryimage"},"image":{"@id":"https:\/\/www.vidalactia.com\/producte\/copa-menstrual-eureka\/#primaryimage"},"thumbnailUrl":"https:\/\/www.vidalactia.com\/wp-content\/uploads\/2025\/06\/copa-menstrual-vaciable.webp","datePublished":"2025-06-14T15:53:50+00:00","dateModified":"2025-07-04T15:19:57+00:00","description":"\u00a1Eureka! Cup, la revoluci\u00f3n en copas menstruales, es la \u00fanica copa que puede vaciarse sin tener que retirarla de la vagina. Est\u00e1 pensada para ofrecerte m\u00e1xima","breadcrumb":{"@id":"https:\/\/www.vidalactia.com\/producte\/copa-menstrual-eureka\/#breadcrumb"},"inLanguage":"es","potentialAction":[{"@type":"ReadAction","target":["https:\/\/www.vidalactia.com\/producte\/copa-menstrual-eureka\/"]}]},{"@type":"ImageObject","inLanguage":"es","@id":"https:\/\/www.vidalactia.com\/producte\/copa-menstrual-eureka\/#primaryimage","url":"https:\/\/www.vidalactia.com\/wp-content\/uploads\/2025\/06\/copa-menstrual-vaciable.webp","contentUrl":"https:\/\/www.vidalactia.com\/wp-content\/uploads\/2025\/06\/copa-menstrual-vaciable.webp","width":2400,"height":1600,"caption":"copa menstrual vaciable"},{"@type":"BreadcrumbList","@id":"https:\/\/www.vidalactia.com\/producte\/copa-menstrual-eureka\/#breadcrumb","itemListElement":[{"@type":"ListItem","position":1,"name":"Home","item":"https:\/\/www.vidalactia.com\/"},{"@type":"ListItem","position":2,"name":"Shop","item":"https:\/\/www.vidalactia.com\/shop\/"},{"@type":"ListItem","position":3,"name":"Copa menstrual Eureka"}]},{"@type":"WebSite","@id":"https:\/\/www.vidalactia.com\/#website","url":"https:\/\/www.vidalactia.com\/","name":"Vida L\u00e0ctia","description":"Maternidad, Crianza y Sostenibilidad","publisher":{"@id":"https:\/\/www.vidalactia.com\/#organization"},"potentialAction":[{"@type":"SearchAction","target":{"@type":"EntryPoint","urlTemplate":"https:\/\/www.vidalactia.com\/?s={search_term_string}"},"query-input":{"@type":"PropertyValueSpecification","valueRequired":true,"valueName":"search_term_string"}}],"inLanguage":"es"},{"@type":"Organization","@id":"https:\/\/www.vidalactia.com\/#organization","name":"Vida L\u00e0ctia","url":"https:\/\/www.vidalactia.com\/","logo":{"@type":"ImageObject","inLanguage":"es","@id":"https:\/\/www.vidalactia.com\/#\/schema\/logo\/image\/","url":"https:\/\/www.vidalactia.com\/wp-content\/uploads\/2024\/07\/logo_vida_lactia_final.svg","contentUrl":"https:\/\/www.vidalactia.com\/wp-content\/uploads\/2024\/07\/logo_vida_lactia_final.svg","width":123,"height":29,"caption":"Vida L\u00e0ctia"},"image":{"@id":"https:\/\/www.vidalactia.com\/#\/schema\/logo\/image\/"},"sameAs":["https:\/\/www.instagram.com\/vidalactia\/"]}]}},"_links":{"self":[{"href":"https:\/\/www.vidalactia.com\/es\/wp-json\/wp\/v2\/product\/6135","targetHints":{"allow":["GET"]}}],"collection":[{"href":"https:\/\/www.vidalactia.com\/es\/wp-json\/wp\/v2\/product"}],"about":[{"href":"https:\/\/www.vidalactia.com\/es\/wp-json\/wp\/v2\/types\/product"}],"version-history":[{"count":4,"href":"https:\/\/www.vidalactia.com\/es\/wp-json\/wp\/v2\/product\/6135\/revisions"}],"predecessor-version":[{"id":6163,"href":"https:\/\/www.vidalactia.com\/es\/wp-json\/wp\/v2\/product\/6135\/revisions\/6163"}],"wp:featuredmedia":[{"embeddable":true,"href":"https:\/\/www.vidalactia.com\/es\/wp-json\/wp\/v2\/media\/6155"}],"wp:attachment":[{"href":"https:\/\/www.vidalactia.com\/es\/wp-json\/wp\/v2\/media?parent=6135"}],"wp:term":[{"taxonomy":"product_brand","embeddable":true,"href":"https:\/\/www.vidalactia.com\/es\/wp-json\/wp\/v2\/product_brand?post=6135"},{"taxonomy":"product_cat","embeddable":true,"href":"https:\/\/www.vidalactia.com\/es\/wp-json\/wp\/v2\/product_cat?post=6135"},{"taxonomy":"product_tag","embeddable":true,"href":"https:\/\/www.vidalactia.com\/es\/wp-json\/wp\/v2\/product_tag?post=6135"}],"curies":[{"name":"wp","href":"https:\/\/api.w.org\/{rel}","templated":true}]}}